{"id":76108,"date":"2026-04-15T12:24:20","date_gmt":"2026-04-15T16:24:20","guid":{"rendered":"https:\/\/palmbaybeauty.com\/product\/panier-cadeau-moyen\/"},"modified":"2026-04-15T12:24:20","modified_gmt":"2026-04-15T16:24:20","slug":"panier-cadeau-moyen","status":"publish","type":"product","link":"https:\/\/palmbaybeauty.com\/fr\/produit\/panier-cadeau-moyen\/","title":{"rendered":"Panier-cadeau &#8211; Moyen"},"content":{"rendered":"<p>Offrez-vous un moment de d\u00e9tente avec notre panier-cadeau <strong>Palm Bay Beaut\u00e9 Moyen<\/strong>, une collection luxueuse de produits artisanaux con\u00e7us pour rehausser vos rituels de bien-\u00eatre. Magnifiquement pr\u00e9sent\u00e9, ce coffret est le cadeau id\u00e9al pour toutes les occasions. <\/p>\n<p>Chaque panier renferme une s\u00e9lection de <strong>produits Palm Bay Beaut\u00e9<\/strong> haut de gamme, choisis au hasard pour une surprise unique \u00e0 chaque fois. Nos bougies de soya embaument votre int\u00e9rieur de leurs ar\u00f4mes apaisants, tandis que nos savons naturels nourrissent et adoucissent votre peau gr\u00e2ce \u00e0 leur mousse riche et onctueuse. <\/p>\n<p><strong>Panier-cadeau moyen pr\u00eat \u00e0 offrir inclus :<\/strong><\/p>\n<p><strong>1<\/strong> Bougie de 10oz coul\u00e9e \u00e0 la main dans un pot noir (parfum al\u00e9atoire)<br \/>\n<strong>3<\/strong> Savons naturels artisanaux (savons al\u00e9atoires)<br \/>\n<strong>1<\/strong> Porte-savon Palm Bay Beaut\u00e9<br \/>\n<strong>1<\/strong> Nettoyant Midnight Tropics<br \/>\n<strong>1<\/strong> \u00c9ponge de konjac naturelle<br \/>\n<strong>1<\/strong> Panier \u00e9l\u00e9gant d\u00e9cor\u00e9, emball\u00e9 dans du cellophane<\/p>\n<p><img loading=\"lazy\" decoding=\"async\" class=\"alignnone size-full wp-image-75572\" src=\"https:\/\/palmbaybeauty.com\/wp-content\/uploads\/2025\/08\/cruelty-labels-soaps-2.jpg\" alt=\"\" width=\"750\" height=\"227\" srcset=\"https:\/\/palmbaybeauty.com\/wp-content\/uploads\/2025\/08\/cruelty-labels-soaps-2.jpg 750w, https:\/\/palmbaybeauty.com\/wp-content\/uploads\/2025\/08\/cruelty-labels-soaps-2-480x145.jpg 480w\" sizes=\"(min-width: 0px) and (max-width: 480px) 480px, (min-width: 481px) 750px, 100vw\" \/><\/p>\n","protected":false},"excerpt":{"rendered":"<p>Offrez-vous un moment de d\u00e9tente avec notre panier-cadeau <strong>Palm Bay Beaut\u00e9 Moyen<\/strong>, une collection luxueuse de produits artisanaux con\u00e7us pour rehausser vos rituels de bien-\u00eatre. Magnifiquement pr\u00e9sent\u00e9, ce coffret est le cadeau id\u00e9al pour toutes les occasions. <\/p>\n<p>Chaque panier renferme une s\u00e9lection de <strong>produits Palm Bay Beaut\u00e9<\/strong> haut de gamme, choisis au hasard pour une surprise unique \u00e0 chaque fois. Nos bougies de soya embaument votre int\u00e9rieur de leurs ar\u00f4mes apaisants, tandis que nos savons naturels nourrissent et adoucissent votre peau gr\u00e2ce \u00e0 leur mousse riche et onctueuse. <\/p>\n<p>Pour en savoir plus sur le produit, consultez les d\u00e9tails ci-dessous.<\/p>\n<p><img loading=\"lazy\" decoding=\"async\" class=\"alignnone size-full wp-image-75572\" src=\"https:\/\/palmbaybeauty.com\/wp-content\/uploads\/2025\/08\/cruelty-labels-soaps-2.jpg\" alt=\"\" width=\"750\" height=\"227\" srcset=\"https:\/\/palmbaybeauty.com\/wp-content\/uploads\/2025\/08\/cruelty-labels-soaps-2.jpg 750w, https:\/\/palmbaybeauty.com\/wp-content\/uploads\/2025\/08\/cruelty-labels-soaps-2-480x145.jpg 480w\" sizes=\"(min-width: 0px) and (max-width: 480px) 480px, (min-width: 481px) 750px, 100vw\" \/><\/p>\n","protected":false},"featured_media":76128,"comment_status":"closed","ping_status":"closed","template":"","meta":{"_et_pb_use_builder":"","_et_pb_old_content":"","_et_gb_content_width":""},"product_brand":[],"product_cat":[152],"product_tag":[],"giftcard-category":[],"class_list":{"0":"post-76108","1":"product","2":"type-product","3":"status-publish","4":"has-post-thumbnail","6":"product_cat-paniers-cadeaux","8":"first","9":"instock","10":"taxable","11":"shipping-taxable","12":"purchasable","13":"product-type-simple"},"_links":{"self":[{"href":"https:\/\/palmbaybeauty.com\/fr\/wp-json\/wp\/v2\/product\/76108","targetHints":{"allow":["GET"]}}],"collection":[{"href":"https:\/\/palmbaybeauty.com\/fr\/wp-json\/wp\/v2\/product"}],"about":[{"href":"https:\/\/palmbaybeauty.com\/fr\/wp-json\/wp\/v2\/types\/product"}],"replies":[{"embeddable":true,"href":"https:\/\/palmbaybeauty.com\/fr\/wp-json\/wp\/v2\/comments?post=76108"}],"wp:featuredmedia":[{"embeddable":true,"href":"https:\/\/palmbaybeauty.com\/fr\/wp-json\/wp\/v2\/media\/76128"}],"wp:attachment":[{"href":"https:\/\/palmbaybeauty.com\/fr\/wp-json\/wp\/v2\/media?parent=76108"}],"wp:term":[{"taxonomy":"product_brand","embeddable":true,"href":"https:\/\/palmbaybeauty.com\/fr\/wp-json\/wp\/v2\/product_brand?post=76108"},{"taxonomy":"product_cat","embeddable":true,"href":"https:\/\/palmbaybeauty.com\/fr\/wp-json\/wp\/v2\/product_cat?post=76108"},{"taxonomy":"product_tag","embeddable":true,"href":"https:\/\/palmbaybeauty.com\/fr\/wp-json\/wp\/v2\/product_tag?post=76108"},{"taxonomy":"giftcard-category","embeddable":true,"href":"https:\/\/palmbaybeauty.com\/fr\/wp-json\/wp\/v2\/giftcard-category?post=76108"}],"curies":[{"name":"wp","href":"https:\/\/api.w.org\/{rel}","templated":true}]}}