{"id":76018,"date":"2026-04-08T22:50:52","date_gmt":"2026-04-09T02:50:52","guid":{"rendered":"https:\/\/palmbaybeauty.com\/?post_type=product&#038;p=76018"},"modified":"2026-04-09T11:48:51","modified_gmt":"2026-04-09T15:48:51","slug":"ensemble-de-5-savons-collection-luxe-copy","status":"publish","type":"product","link":"https:\/\/palmbaybeauty.com\/fr\/produit\/ensemble-de-5-savons-collection-luxe-copy\/","title":{"rendered":"Savons naturels de voyage"},"content":{"rendered":"<p>Les <strong>savons de voyage<\/strong> Palm Bay Beaut\u00e9 sont des versions miniatures de nos <strong>savons artisanaux naturels<\/strong>, parfaits pour les voyages, le gym ou pour d\u00e9couvrir de nouveaux parfums. Fabriqu\u00e9s avec les m\u00eames ingr\u00e9dients de premi\u00e8re qualit\u00e9, ils viennent dans un format pratique et compact. <\/p>\n<p>Parfait pour offrir, pour les rituels de bien-\u00eatre ou pour faire le plein de vos produits pr\u00e9f\u00e9r\u00e9s.<\/p>\n<p>Vos savons pr\u00e9f\u00e9r\u00e9s, maintenant pr\u00eats pour les voyages !<\/p>\n<p><strong>Chaque barre de voyage p\u00e8se environ 0,875 oz\/25 g <\/strong><\/p>\n<p><img loading=\"lazy\" decoding=\"async\" class=\"alignnone size-full wp-image-75572\" src=\"https:\/\/palmbaybeauty.com\/wp-content\/uploads\/2025\/08\/cruelty-labels-soaps-2.jpg\" alt=\"\" width=\"750\" height=\"227\" srcset=\"https:\/\/palmbaybeauty.com\/wp-content\/uploads\/2025\/08\/cruelty-labels-soaps-2.jpg 750w, https:\/\/palmbaybeauty.com\/wp-content\/uploads\/2025\/08\/cruelty-labels-soaps-2-480x145.jpg 480w\" sizes=\"(min-width: 0px) and (max-width: 480px) 480px, (min-width: 481px) 750px, 100vw\" \/><\/p>\n","protected":false},"excerpt":{"rendered":"<p>Palm Bay Beauty <strong>Natural Soap<\/strong> <strong>Travel Bars<\/strong> are perfectly sized versions of our handcrafted natural soaps \u2014 ideal for travel, the gym, or discovering new scents. Made with the same premium ingredients, just in a convenient, compact form. <\/p>\n<p>Parfait pour offrir, pour les rituels de bien-\u00eatre ou pour faire le plein de vos produits pr\u00e9f\u00e9r\u00e9s.<\/p>\n<p>Vos savons pr\u00e9f\u00e9r\u00e9s, maintenant pr\u00eats pour les voyages !<\/p>\n<p><strong>Chaque barre de voyage p\u00e8se environ 0,875 oz\/25 g <\/strong><\/p>\n<p><img loading=\"lazy\" decoding=\"async\" class=\"alignnone size-full wp-image-75572\" src=\"https:\/\/palmbaybeauty.com\/wp-content\/uploads\/2025\/08\/cruelty-labels-soaps-2.jpg\" alt=\"\" width=\"750\" height=\"227\" srcset=\"https:\/\/palmbaybeauty.com\/wp-content\/uploads\/2025\/08\/cruelty-labels-soaps-2.jpg 750w, https:\/\/palmbaybeauty.com\/wp-content\/uploads\/2025\/08\/cruelty-labels-soaps-2-480x145.jpg 480w\" sizes=\"(min-width: 0px) and (max-width: 480px) 480px, (min-width: 481px) 750px, 100vw\" \/><\/p>\n","protected":false},"featured_media":76038,"comment_status":"open","ping_status":"closed","template":"","meta":{"_et_pb_use_builder":"","_et_pb_old_content":"","_et_gb_content_width":""},"product_brand":[],"product_cat":[115,133],"product_tag":[],"giftcard-category":[],"class_list":{"0":"post-76018","1":"product","2":"type-product","3":"status-publish","4":"has-post-thumbnail","6":"product_cat-produits-populaires","7":"product_cat-savon-naturel","9":"first","10":"instock","11":"taxable","12":"shipping-taxable","13":"purchasable","14":"product-type-variable"},"_links":{"self":[{"href":"https:\/\/palmbaybeauty.com\/fr\/wp-json\/wp\/v2\/product\/76018","targetHints":{"allow":["GET"]}}],"collection":[{"href":"https:\/\/palmbaybeauty.com\/fr\/wp-json\/wp\/v2\/product"}],"about":[{"href":"https:\/\/palmbaybeauty.com\/fr\/wp-json\/wp\/v2\/types\/product"}],"replies":[{"embeddable":true,"href":"https:\/\/palmbaybeauty.com\/fr\/wp-json\/wp\/v2\/comments?post=76018"}],"wp:featuredmedia":[{"embeddable":true,"href":"https:\/\/palmbaybeauty.com\/fr\/wp-json\/wp\/v2\/media\/76038"}],"wp:attachment":[{"href":"https:\/\/palmbaybeauty.com\/fr\/wp-json\/wp\/v2\/media?parent=76018"}],"wp:term":[{"taxonomy":"product_brand","embeddable":true,"href":"https:\/\/palmbaybeauty.com\/fr\/wp-json\/wp\/v2\/product_brand?post=76018"},{"taxonomy":"product_cat","embeddable":true,"href":"https:\/\/palmbaybeauty.com\/fr\/wp-json\/wp\/v2\/product_cat?post=76018"},{"taxonomy":"product_tag","embeddable":true,"href":"https:\/\/palmbaybeauty.com\/fr\/wp-json\/wp\/v2\/product_tag?post=76018"},{"taxonomy":"giftcard-category","embeddable":true,"href":"https:\/\/palmbaybeauty.com\/fr\/wp-json\/wp\/v2\/giftcard-category?post=76018"}],"curies":[{"name":"wp","href":"https:\/\/api.w.org\/{rel}","templated":true}]}}