{"id":75905,"date":"2026-03-20T13:20:04","date_gmt":"2026-03-20T17:20:04","guid":{"rendered":"https:\/\/palmbaybeauty.com\/product\/bougies-lemony-coconut-vanilla\/"},"modified":"2026-03-20T13:20:04","modified_gmt":"2026-03-20T17:20:04","slug":"bougies-lemony-coconut-vanilla","status":"publish","type":"product","link":"https:\/\/palmbaybeauty.com\/fr\/produit\/bougies-lemony-coconut-vanilla\/","title":{"rendered":"Bougies Lemony Coconut Vanilla"},"content":{"rendered":"<h3>Description<\/h3>\n<p>Un parfum lumineux et cr\u00e9meux qui \u00e9voque le soleil filtrant \u00e0 travers une fen\u00eatre. Notre chandelle citron-noix de coco-vanille, coul\u00e9e \u00e0 la main au Canada, est fabriqu\u00e9e \u00e0 partir de cire de soya \u00e9cologique de premi\u00e8re qualit\u00e9 pour une combustion propre et durable. Parfait au quotidien comme chandelle fabriqu\u00e9e au Canada ou comme cadeau attentionn\u00e9 pour les amateurs de senteurs chaudes et citronn\u00e9es.  <\/p>\n<p>Chaque chandelle est coul\u00e9e \u00e0 la main en petits lots, v\u00e9g\u00e9talienne et sans cruaut\u00e9, et sans colorants artificiels ni additifs synth\u00e9tiques.<\/p>\n<p>Fabriqu\u00e9 au Canada<\/p>\n<h3>B\u00e9n\u00e9fices<\/h3>\n<p><strong>\u2022 Coul\u00e9 \u00e0 la main au Canada : <\/strong>Fabriqu\u00e9 avec soin par des artisans locaux, garantissant une attention particuli\u00e8re aux d\u00e9tails et une finition de haute qualit\u00e9 constante.<\/p>\n<p><strong>\u2022 Cire de soya \u00e9cologique : <\/strong>combustion propre et renouvelable pour une exp\u00e9rience durable et sans suie.<\/p>\n<p><strong>\u2022 Combustion longue dur\u00e9e : <\/strong>Profitez jusqu&rsquo;\u00e0 50 heures d&rsquo;une ambiance douce et florale qui apaise et \u00e9l\u00e8ve l&rsquo;esprit.<\/p>\n<p><strong>\u2022 Id\u00e9al \u00e0 offrir : <\/strong>Magnifiquement emball\u00e9 et parfait pour les c\u00e9l\u00e9brations.<\/p>\n<h3>Application<\/h3>\n<p>AVERTISSEMENT : Br\u00fblez sur une surface stable et r\u00e9sistante \u00e0 la chaleur, \u00e0 l\u2019abri des courants d\u2019air et des mati\u00e8res inflammables. Tenez-le \u00e0 la vue des enfants et des animaux. La bo\u00eete ou le bocal peut chauffer pendant l\u2019utilisation. Laissez-le refroidir avant de le manipuler. Ne br\u00fblez pas plus de 3 heures d\u2019affil\u00e9e. Maintenez la m\u00e8che centr\u00e9e et la cire exempte de d\u00e9bris. Coupez la m\u00e8che \u00e0 6 mm avant chaque allumage. Cessez l\u2019utilisation lorsqu\u2019il reste 6 mm de cire.       <\/p>\n<h3>Ingr\u00e9dients<\/h3>\n<p>Cire de soja, parfum<\/p>\n","protected":false},"excerpt":{"rendered":"<p>Un parfum lumineux et cr\u00e9meux qui \u00e9voque le soleil filtrant \u00e0 travers une fen\u00eatre. Notre chandelle citron-noix de coco-vanille, coul\u00e9e \u00e0 la main au Canada, est fabriqu\u00e9e \u00e0 partir de cire de soya \u00e9cologique de premi\u00e8re qualit\u00e9 pour une combustion propre et durable. Parfait au quotidien comme chandelle fabriqu\u00e9e au Canada ou comme cadeau attentionn\u00e9 pour les amateurs de senteurs chaudes et citronn\u00e9es.  <\/p>\n<p>Chaque chandelle est coul\u00e9e \u00e0 la main en petits lots, v\u00e9g\u00e9talienne et sans cruaut\u00e9, et sans colorants artificiels ni additifs synth\u00e9tiques.<\/p>\n<p><strong>Fabriqu\u00e9 au Canada<\/strong><\/p>\n","protected":false},"featured_media":75906,"comment_status":"open","ping_status":"closed","template":"","meta":{"_et_pb_use_builder":"","_et_pb_old_content":"","_et_gb_content_width":""},"product_brand":[],"product_cat":[113],"product_tag":[],"giftcard-category":[],"class_list":{"0":"post-75905","1":"product","2":"type-product","3":"status-publish","4":"has-post-thumbnail","6":"product_cat-aromatherapie","8":"first","9":"instock","10":"taxable","11":"shipping-taxable","12":"purchasable","13":"product-type-variable"},"_links":{"self":[{"href":"https:\/\/palmbaybeauty.com\/fr\/wp-json\/wp\/v2\/product\/75905","targetHints":{"allow":["GET"]}}],"collection":[{"href":"https:\/\/palmbaybeauty.com\/fr\/wp-json\/wp\/v2\/product"}],"about":[{"href":"https:\/\/palmbaybeauty.com\/fr\/wp-json\/wp\/v2\/types\/product"}],"replies":[{"embeddable":true,"href":"https:\/\/palmbaybeauty.com\/fr\/wp-json\/wp\/v2\/comments?post=75905"}],"wp:featuredmedia":[{"embeddable":true,"href":"https:\/\/palmbaybeauty.com\/fr\/wp-json\/wp\/v2\/media\/75906"}],"wp:attachment":[{"href":"https:\/\/palmbaybeauty.com\/fr\/wp-json\/wp\/v2\/media?parent=75905"}],"wp:term":[{"taxonomy":"product_brand","embeddable":true,"href":"https:\/\/palmbaybeauty.com\/fr\/wp-json\/wp\/v2\/product_brand?post=75905"},{"taxonomy":"product_cat","embeddable":true,"href":"https:\/\/palmbaybeauty.com\/fr\/wp-json\/wp\/v2\/product_cat?post=75905"},{"taxonomy":"product_tag","embeddable":true,"href":"https:\/\/palmbaybeauty.com\/fr\/wp-json\/wp\/v2\/product_tag?post=75905"},{"taxonomy":"giftcard-category","embeddable":true,"href":"https:\/\/palmbaybeauty.com\/fr\/wp-json\/wp\/v2\/giftcard-category?post=75905"}],"curies":[{"name":"wp","href":"https:\/\/api.w.org\/{rel}","templated":true}]}}