{"id":75875,"date":"2026-03-20T13:14:01","date_gmt":"2026-03-20T17:14:01","guid":{"rendered":"https:\/\/palmbaybeauty.com\/product\/bougies-cherry-blossom\/"},"modified":"2026-03-20T13:14:01","modified_gmt":"2026-03-20T17:14:01","slug":"bougies-cherry-blossom","status":"publish","type":"product","link":"https:\/\/palmbaybeauty.com\/fr\/produit\/bougies-cherry-blossom\/","title":{"rendered":"Bougies Cherry Blossom"},"content":{"rendered":"<h3>Description<\/h3>\n<p>Laissez-vous envo\u00fbter par le parfum enchanteur de notre chandelle parfum\u00e9e aux fleurs de cerisier. Ce parfum d\u00e9licat capture la beaut\u00e9 \u00e9ph\u00e9m\u00e8re des cerisiers en fleurs, m\u00ealant de douces notes florales \u00e0 une touche sucr\u00e9e et une fra\u00eecheur a\u00e9rienne. Coul\u00e9e \u00e0 la main au Canada \u00e0 partir de cire de soya de premi\u00e8re qualit\u00e9, cette chandelle offre une combustion propre et durable, apportant l&rsquo;\u00e9l\u00e9gance du printemps \u00e0 votre int\u00e9rieur. Parfait pour cr\u00e9er une ambiance calme et romantique ou tout simplement pour savourer un moment de s\u00e9r\u00e9nit\u00e9 florale.   <\/p>\n<p>Chaque chandelle est coul\u00e9e \u00e0 la main en petits lots, v\u00e9g\u00e9talienne et sans cruaut\u00e9, et sans colorants artificiels ni additifs synth\u00e9tiques.<\/p>\n<p>Fabriqu\u00e9 au Canada<\/p>\n<h3>B\u00e9n\u00e9fices<\/h3>\n<p><strong>\u2022 Parfum \u00e9l\u00e9gant de fleurs de cerisier : <\/strong>Un bouquet gracieux de p\u00e9tales de fleurs de cerisier, rehauss\u00e9 de subtiles notes sucr\u00e9es et d\u2019un souffle d\u2019air printanier \u2013 d\u00e9licat, l\u00e9ger et infiniment apaisant.<\/p>\n<p><strong>\u2022 Coul\u00e9 \u00e0 la main au Canada : <\/strong>Fabriqu\u00e9 avec soin par des artisans locaux, garantissant une attention particuli\u00e8re aux d\u00e9tails et une finition de haute qualit\u00e9 constante.<\/p>\n<p><strong>\u2022 Cire de soya \u00e9cologique : <\/strong>combustion propre et renouvelable pour une exp\u00e9rience durable et sans suie.<\/p>\n<p><strong>\u2022 Combustion longue dur\u00e9e : <\/strong>Profitez jusqu&rsquo;\u00e0 50 heures d&rsquo;une ambiance douce et florale qui apaise et \u00e9l\u00e8ve l&rsquo;esprit.<\/p>\n<p><strong>\u2022 Id\u00e9al \u00e0 offrir : <\/strong>Magnifiquement emball\u00e9, il est parfait pour les f\u00eates du printemps, la f\u00eate des M\u00e8res ou pour toute personne qui aime les parfums floraux.<\/p>\n<h3>Application<\/h3>\n<p>AVERTISSEMENT : Br\u00fblez sur une surface stable et r\u00e9sistante \u00e0 la chaleur, \u00e0 l\u2019abri des courants d\u2019air et des mati\u00e8res inflammables. Tenez-le \u00e0 la vue des enfants et des animaux. La bo\u00eete ou le bocal peut chauffer pendant l\u2019utilisation. Laissez-le refroidir avant de le manipuler. Ne br\u00fblez pas plus de 3 heures d\u2019affil\u00e9e. Maintenez la m\u00e8che centr\u00e9e et la cire exempte de d\u00e9bris. Coupez la m\u00e8che \u00e0 6 mm avant chaque allumage. Cessez l\u2019utilisation lorsqu\u2019il reste 6 mm de cire.       <\/p>\n<h3>Ingr\u00e9dients<\/h3>\n<p>Cire de soja, parfum<\/p>\n","protected":false},"excerpt":{"rendered":"<p>Laissez-vous envo\u00fbter par le parfum enchanteur de notre chandelle parfum\u00e9e aux fleurs de cerisier. Ce parfum d\u00e9licat capture la beaut\u00e9 \u00e9ph\u00e9m\u00e8re des cerisiers en fleurs, m\u00ealant de douces notes florales \u00e0 une touche sucr\u00e9e et une fra\u00eecheur a\u00e9rienne. Coul\u00e9e \u00e0 la main au Canada \u00e0 partir de cire de soya de premi\u00e8re qualit\u00e9, cette chandelle offre une combustion propre et durable, apportant l&rsquo;\u00e9l\u00e9gance du printemps \u00e0 votre int\u00e9rieur. Parfait pour cr\u00e9er une ambiance calme et romantique ou tout simplement pour savourer un moment de s\u00e9r\u00e9nit\u00e9 florale.   <\/p>\n<p>Chaque chandelle est coul\u00e9e \u00e0 la main en petits lots, v\u00e9g\u00e9talienne et sans cruaut\u00e9, et sans colorants artificiels ni additifs synth\u00e9tiques.<\/p>\n<p><strong>Fabriqu\u00e9 au Canada<\/strong><\/p>\n","protected":false},"featured_media":75876,"comment_status":"open","ping_status":"closed","template":"","meta":{"_et_pb_use_builder":"","_et_pb_old_content":"","_et_gb_content_width":""},"product_brand":[],"product_cat":[113],"product_tag":[],"giftcard-category":[],"class_list":{"0":"post-75875","1":"product","2":"type-product","3":"status-publish","4":"has-post-thumbnail","6":"product_cat-aromatherapie","8":"first","9":"instock","10":"taxable","11":"shipping-taxable","12":"purchasable","13":"product-type-variable"},"_links":{"self":[{"href":"https:\/\/palmbaybeauty.com\/fr\/wp-json\/wp\/v2\/product\/75875","targetHints":{"allow":["GET"]}}],"collection":[{"href":"https:\/\/palmbaybeauty.com\/fr\/wp-json\/wp\/v2\/product"}],"about":[{"href":"https:\/\/palmbaybeauty.com\/fr\/wp-json\/wp\/v2\/types\/product"}],"replies":[{"embeddable":true,"href":"https:\/\/palmbaybeauty.com\/fr\/wp-json\/wp\/v2\/comments?post=75875"}],"wp:featuredmedia":[{"embeddable":true,"href":"https:\/\/palmbaybeauty.com\/fr\/wp-json\/wp\/v2\/media\/75876"}],"wp:attachment":[{"href":"https:\/\/palmbaybeauty.com\/fr\/wp-json\/wp\/v2\/media?parent=75875"}],"wp:term":[{"taxonomy":"product_brand","embeddable":true,"href":"https:\/\/palmbaybeauty.com\/fr\/wp-json\/wp\/v2\/product_brand?post=75875"},{"taxonomy":"product_cat","embeddable":true,"href":"https:\/\/palmbaybeauty.com\/fr\/wp-json\/wp\/v2\/product_cat?post=75875"},{"taxonomy":"product_tag","embeddable":true,"href":"https:\/\/palmbaybeauty.com\/fr\/wp-json\/wp\/v2\/product_tag?post=75875"},{"taxonomy":"giftcard-category","embeddable":true,"href":"https:\/\/palmbaybeauty.com\/fr\/wp-json\/wp\/v2\/giftcard-category?post=75875"}],"curies":[{"name":"wp","href":"https:\/\/api.w.org\/{rel}","templated":true}]}}