{"id":75821,"date":"2026-03-19T16:46:36","date_gmt":"2026-03-19T20:46:36","guid":{"rendered":"https:\/\/palmbaybeauty.com\/product\/baume-a-levres-naturel-cherry-kiss\/"},"modified":"2026-03-19T16:46:36","modified_gmt":"2026-03-19T20:46:36","slug":"baume-a-levres-naturel-cherry-kiss","status":"publish","type":"product","link":"https:\/\/palmbaybeauty.com\/fr\/produit\/baume-a-levres-naturel-cherry-kiss\/","title":{"rendered":"Baume \u00e0 l\u00e8vres naturel Cherry Kiss"},"content":{"rendered":"<h2>Description:<\/h2>\n<p>Offrez \u00e0 vos l\u00e8vres un soin luxueux et naturel avec notre baume \u00e0 l\u00e8vres <strong>Cherry Kiss<\/strong>. \u200b\u200bSa formule apaisante combine des ingr\u00e9dients \u00e9prouv\u00e9s pour des l\u00e8vres douces, lisses et confortablement hydrat\u00e9es tout au long de la journ\u00e9e. <\/p>\n<p><strong>INGR\u00c9DIENTS :<\/strong><br \/>\nHuile de graines d&rsquo;Helianthus annuus (tournesol), cire d&rsquo;abeille naturelle, triglyc\u00e9ride caprylique\/caprique, beurre de graines de Theobroma cacao (cacao), huile de Ricinus communis (ricin), beurre de Butyrospermum parkii (karit\u00e9), tocoph\u00e9rol (vitamine E), ar\u00f4me<\/p>\n<h3>Principaux avantages :<\/h3>\n<ul>\n<li>Aide \u00e0 garder les l\u00e8vres douces, lisses et hydrat\u00e9es.<\/li>\n<li>Forme une barri\u00e8re protectrice pour aider \u00e0 retenir l&rsquo;humidit\u00e9<\/li>\n<li>Offre un confort durable aux l\u00e8vres s\u00e8ches ou gerc\u00e9es<\/li>\n<li>L\u00e9ger et non gras au toucher, id\u00e9al pour une utilisation quotidienne.<\/li>\n<li>Fabriqu\u00e9 avec des ingr\u00e9dients naturels nourrissants et doux pour la peau<\/li>\n<\/ul>\n<p>&nbsp;<\/p>\n<p><img loading=\"lazy\" decoding=\"async\" class=\"alignnone wp-image-75217 size-large\" src=\"https:\/\/palmbaybeauty.com\/wp-content\/uploads\/2026\/02\/cruelty-labels-1024x242.jpg\" alt=\"\" width=\"1024\" height=\"242\" srcset=\"https:\/\/palmbaybeauty.com\/wp-content\/uploads\/2026\/02\/cruelty-labels-980x232.jpg 980w, https:\/\/palmbaybeauty.com\/wp-content\/uploads\/2026\/02\/cruelty-labels-480x114.jpg 480w\" sizes=\"(min-width: 0px) and (max-width: 480px) 480px, (min-width: 481px) and (max-width: 980px) 980px, (min-width: 981px) 1024px, 100vw\" \/><\/p>\n","protected":false},"excerpt":{"rendered":"<p>Offrez \u00e0 vos l\u00e8vres un soin luxueux et naturel avec notre baume \u00e0 l\u00e8vres <strong>Cherry Kiss<\/strong>. \u200b\u200bSa formule apaisante combine des ingr\u00e9dients \u00e9prouv\u00e9s pour des l\u00e8vres douces, lisses et confortablement hydrat\u00e9es tout au long de la journ\u00e9e. <\/p>\n<p><img loading=\"lazy\" decoding=\"async\" class=\"alignnone wp-image-75217 size-large\" src=\"https:\/\/palmbaybeauty.com\/wp-content\/uploads\/2026\/02\/cruelty-labels-1024x242.jpg\" alt=\"\" width=\"1024\" height=\"242\" srcset=\"https:\/\/palmbaybeauty.com\/wp-content\/uploads\/2026\/02\/cruelty-labels-980x232.jpg 980w, https:\/\/palmbaybeauty.com\/wp-content\/uploads\/2026\/02\/cruelty-labels-480x114.jpg 480w\" sizes=\"(min-width: 0px) and (max-width: 480px) 480px, (min-width: 481px) and (max-width: 980px) 980px, (min-width: 981px) 1024px, 100vw\" \/><\/p>\n","protected":false},"featured_media":75822,"comment_status":"open","ping_status":"closed","template":"","meta":{"_et_pb_use_builder":"","_et_pb_old_content":"","_et_gb_content_width":""},"product_brand":[],"product_cat":[142],"product_tag":[],"giftcard-category":[],"class_list":{"0":"post-75821","1":"product","2":"type-product","3":"status-publish","4":"has-post-thumbnail","6":"product_cat-soins-corporels","8":"first","9":"instock","10":"taxable","11":"shipping-taxable","12":"purchasable","13":"product-type-simple"},"_links":{"self":[{"href":"https:\/\/palmbaybeauty.com\/fr\/wp-json\/wp\/v2\/product\/75821","targetHints":{"allow":["GET"]}}],"collection":[{"href":"https:\/\/palmbaybeauty.com\/fr\/wp-json\/wp\/v2\/product"}],"about":[{"href":"https:\/\/palmbaybeauty.com\/fr\/wp-json\/wp\/v2\/types\/product"}],"replies":[{"embeddable":true,"href":"https:\/\/palmbaybeauty.com\/fr\/wp-json\/wp\/v2\/comments?post=75821"}],"wp:featuredmedia":[{"embeddable":true,"href":"https:\/\/palmbaybeauty.com\/fr\/wp-json\/wp\/v2\/media\/75822"}],"wp:attachment":[{"href":"https:\/\/palmbaybeauty.com\/fr\/wp-json\/wp\/v2\/media?parent=75821"}],"wp:term":[{"taxonomy":"product_brand","embeddable":true,"href":"https:\/\/palmbaybeauty.com\/fr\/wp-json\/wp\/v2\/product_brand?post=75821"},{"taxonomy":"product_cat","embeddable":true,"href":"https:\/\/palmbaybeauty.com\/fr\/wp-json\/wp\/v2\/product_cat?post=75821"},{"taxonomy":"product_tag","embeddable":true,"href":"https:\/\/palmbaybeauty.com\/fr\/wp-json\/wp\/v2\/product_tag?post=75821"},{"taxonomy":"giftcard-category","embeddable":true,"href":"https:\/\/palmbaybeauty.com\/fr\/wp-json\/wp\/v2\/giftcard-category?post=75821"}],"curies":[{"name":"wp","href":"https:\/\/api.w.org\/{rel}","templated":true}]}}