{"id":75816,"date":"2026-03-19T16:41:07","date_gmt":"2026-03-19T20:41:07","guid":{"rendered":"https:\/\/palmbaybeauty.com\/product\/huile-a-barbe-teakwood-noir\/"},"modified":"2026-04-07T08:18:02","modified_gmt":"2026-04-07T12:18:02","slug":"huile-a-barbe-teakwood-noir","status":"publish","type":"product","link":"https:\/\/palmbaybeauty.com\/fr\/produit\/huile-a-barbe-teakwood-noir\/","title":{"rendered":"Huile \u00e0 barbe Teakwood Noir"},"content":{"rendered":"<p>D\u00e9couvrez l&rsquo;art intemporel du soin de la barbe avec notre Huile \u00e0 Barbe <strong>Teakwood Noir<\/strong>. Sa formule experte nourrit et adoucit votre barbe en profondeur, tout en lui conf\u00e9rant une texture saine et facile \u00e0 coiffer. L&rsquo;huile de tournesol hydrate et revitalise les poils et la peau, tandis que l&rsquo;huile d&rsquo;avocat fortifie chaque poil pour r\u00e9duire la casse, pour une barbe plus fournie et plus saine. L&rsquo;huile d&rsquo;amande douce nourrit et lisse la barbe, la laissant douce, soyeuse et d&rsquo;un style naturel.   <\/p>\n<p><strong>INGR\u00c9DIENTS :<\/strong><br \/>\nHuile d&rsquo;Helianthus Annuus (tournesol), huile de Persea Gratissima (avocat), triglyc\u00e9ride caprylique\/caprique (huile de noix de coco), huile d&rsquo;Amygdalus Dulcis (amande douce), huile de graines de Ricinus Communis (ricin), parfum.<\/p>\n<h3>Principaux avantages :<\/h3>\n<ul>\n<li><strong>Huile de tournesol : <\/strong>Hydrate et nourrit en profondeur la barbe et la peau gr\u00e2ce \u00e0 ses vitamines et antioxydants.<\/li>\n<li><strong>Huile d&rsquo;avocat : <\/strong>Renforce la fibre capillaire, r\u00e9duit les cassures et les pointes fourchues pour une chevelure plus dense.<\/li>\n<li><strong>Huile d&rsquo;amande douce : <\/strong>Nourrit et adoucit, facilitant ainsi le coiffage et l&rsquo;entretien de votre barbe.<\/li>\n<\/ul>\n<p>Net Wt 1 oz (29.5 mL)<\/p>\n<p><img loading=\"lazy\" decoding=\"async\" class=\"alignnone wp-image-75217 size-large\" src=\"https:\/\/palmbaybeauty.com\/wp-content\/uploads\/2026\/02\/cruelty-labels-1024x242.jpg\" alt=\"\" width=\"1024\" height=\"242\" srcset=\"https:\/\/palmbaybeauty.com\/wp-content\/uploads\/2026\/02\/cruelty-labels-980x232.jpg 980w, https:\/\/palmbaybeauty.com\/wp-content\/uploads\/2026\/02\/cruelty-labels-480x114.jpg 480w\" sizes=\"(min-width: 0px) and (max-width: 480px) 480px, (min-width: 481px) and (max-width: 980px) 980px, (min-width: 981px) 1024px, 100vw\" \/><\/p>\n","protected":false},"excerpt":{"rendered":"<p>D\u00e9couvrez l&rsquo;art intemporel du soin de la barbe avec notre Huile \u00e0 Barbe <strong>Teakwood Noir<\/strong>. Sa formule experte nourrit et adoucit votre barbe en profondeur, tout en lui conf\u00e9rant une texture saine et facile \u00e0 coiffer. L&rsquo;huile de tournesol hydrate et revitalise les poils et la peau, tandis que l&rsquo;huile d&rsquo;avocat fortifie chaque poil pour r\u00e9duire la casse, pour une barbe plus fournie et plus saine. L&rsquo;huile d&rsquo;amande douce nourrit et lisse la barbe, la laissant douce, soyeuse et d&rsquo;un style naturel.   <\/p>\n<p>Net Wt 1 oz (29.5 mL)<\/p>\n<p><img loading=\"lazy\" decoding=\"async\" class=\"alignnone wp-image-75217 size-large\" src=\"https:\/\/palmbaybeauty.com\/wp-content\/uploads\/2026\/02\/cruelty-labels-1024x242.jpg\" alt=\"\" width=\"1024\" height=\"242\" srcset=\"https:\/\/palmbaybeauty.com\/wp-content\/uploads\/2026\/02\/cruelty-labels-980x232.jpg 980w, https:\/\/palmbaybeauty.com\/wp-content\/uploads\/2026\/02\/cruelty-labels-480x114.jpg 480w\" sizes=\"(min-width: 0px) and (max-width: 480px) 480px, (min-width: 481px) and (max-width: 980px) 980px, (min-width: 981px) 1024px, 100vw\" \/><\/p>\n","protected":false},"featured_media":76000,"comment_status":"open","ping_status":"closed","template":"","meta":{"_et_pb_use_builder":"","_et_pb_old_content":"","_et_gb_content_width":""},"product_brand":[],"product_cat":[142],"product_tag":[],"giftcard-category":[],"class_list":{"0":"post-75816","1":"product","2":"type-product","3":"status-publish","4":"has-post-thumbnail","6":"product_cat-soins-corporels","8":"first","9":"instock","10":"taxable","11":"shipping-taxable","12":"purchasable","13":"product-type-simple"},"_links":{"self":[{"href":"https:\/\/palmbaybeauty.com\/fr\/wp-json\/wp\/v2\/product\/75816","targetHints":{"allow":["GET"]}}],"collection":[{"href":"https:\/\/palmbaybeauty.com\/fr\/wp-json\/wp\/v2\/product"}],"about":[{"href":"https:\/\/palmbaybeauty.com\/fr\/wp-json\/wp\/v2\/types\/product"}],"replies":[{"embeddable":true,"href":"https:\/\/palmbaybeauty.com\/fr\/wp-json\/wp\/v2\/comments?post=75816"}],"wp:featuredmedia":[{"embeddable":true,"href":"https:\/\/palmbaybeauty.com\/fr\/wp-json\/wp\/v2\/media\/76000"}],"wp:attachment":[{"href":"https:\/\/palmbaybeauty.com\/fr\/wp-json\/wp\/v2\/media?parent=75816"}],"wp:term":[{"taxonomy":"product_brand","embeddable":true,"href":"https:\/\/palmbaybeauty.com\/fr\/wp-json\/wp\/v2\/product_brand?post=75816"},{"taxonomy":"product_cat","embeddable":true,"href":"https:\/\/palmbaybeauty.com\/fr\/wp-json\/wp\/v2\/product_cat?post=75816"},{"taxonomy":"product_tag","embeddable":true,"href":"https:\/\/palmbaybeauty.com\/fr\/wp-json\/wp\/v2\/product_tag?post=75816"},{"taxonomy":"giftcard-category","embeddable":true,"href":"https:\/\/palmbaybeauty.com\/fr\/wp-json\/wp\/v2\/giftcard-category?post=75816"}],"curies":[{"name":"wp","href":"https:\/\/api.w.org\/{rel}","templated":true}]}}