{"id":75811,"date":"2026-03-19T16:34:01","date_gmt":"2026-03-19T20:34:01","guid":{"rendered":"https:\/\/palmbaybeauty.com\/product\/lotion-corporelle-ocean-drift\/"},"modified":"2026-04-07T08:19:32","modified_gmt":"2026-04-07T12:19:32","slug":"lotion-corporelle-ocean-drift","status":"publish","type":"product","link":"https:\/\/palmbaybeauty.com\/fr\/produit\/lotion-corporelle-ocean-drift\/","title":{"rendered":"Lotion corporelle Ocean Drift"},"content":{"rendered":"<p>Chouchoutez votre peau avec la lotion naturelle pour les mains et le corps Ocean Drift, enrichie en avoine collo\u00efdale, alo\u00e8s, huile de tournesol et extrait de consoude. Cette lotion douce et nourrissante hydrate, apaise et prot\u00e8ge, ce qui la rend id\u00e9ale pour les peaux s\u00e8ches, sensibles ou irrit\u00e9es. Parfait pour un usage quotidien, il laisse vos mains et votre corps doux, apais\u00e9s et revitalis\u00e9s. <\/p>\n<p><strong>INGR\u00c9DIENTS :<\/strong><br \/>\nEau d\u00e9min\u00e9ralis\u00e9e, huile de graines d&rsquo;Helianthus Annuus (tournesol), glyc\u00e9rine, acide st\u00e9arique, olivate de c\u00e9t\u00e9aryle, triglyc\u00e9ride caprylique\/caprique, olivate de sorbitane, st\u00e9arate de glyc\u00e9ryle, alcool c\u00e9tylique, tocoph\u00e9rol, jus de feuilles d&rsquo;Aloe Barbadensis, extrait de feuilles de Symphytum Officinale (consoude), caprylate de glyc\u00e9ryle, gomme xanthane, anisate de sodium, l\u00e9vulinate de sodium, gluconate de sodium, acide citrique, parfum.<\/p>\n<h3>Principaux avantages :<\/h3>\n<ul>\n<li>Hydratation douce : Retient l&rsquo;hydratation pour une peau douce et lisse.<\/li>\n<li>Apaise et calme : L&rsquo;avoine collo\u00efdale et l&rsquo;alo\u00e8s aident \u00e0 soulager les peaux s\u00e8ches, sensibles ou irrit\u00e9es.<\/li>\n<li>Barri\u00e8re protectrice : Les huiles naturelles constituent un bouclier contre les agressions environnementales.<\/li>\n<li>Soin nourrissant pour la peau : L&rsquo;huile de tournesol et l&rsquo;extrait de consoude favorisent une peau saine et revitalis\u00e9e.<\/li>\n<\/ul>\n<p>Net Wt 8 oz (118 mL)<\/p>\n<p><img loading=\"lazy\" decoding=\"async\" class=\"alignnone wp-image-75217 size-large\" src=\"https:\/\/palmbaybeauty.com\/wp-content\/uploads\/2026\/02\/cruelty-labels-1024x242.jpg\" alt=\"\" width=\"1024\" height=\"242\" srcset=\"https:\/\/palmbaybeauty.com\/wp-content\/uploads\/2026\/02\/cruelty-labels-980x232.jpg 980w, https:\/\/palmbaybeauty.com\/wp-content\/uploads\/2026\/02\/cruelty-labels-480x114.jpg 480w\" sizes=\"(min-width: 0px) and (max-width: 480px) 480px, (min-width: 481px) and (max-width: 980px) 980px, (min-width: 981px) 1024px, 100vw\" \/><\/p>\n","protected":false},"excerpt":{"rendered":"<p>Chouchoutez votre peau avec la lotion naturelle pour les mains et le corps Ocean Drift, enrichie en avoine collo\u00efdale, alo\u00e8s, huile de tournesol et extrait de consoude. Cette lotion douce et nourrissante hydrate, apaise et prot\u00e8ge, ce qui la rend id\u00e9ale pour les peaux s\u00e8ches, sensibles ou irrit\u00e9es. Parfait pour un usage quotidien, il laisse vos mains et votre corps doux, apais\u00e9s et revitalis\u00e9s. <\/p>\n<p>Net Wt 8 oz (118 mL)<\/p>\n<p><img loading=\"lazy\" decoding=\"async\" class=\"alignnone wp-image-75217 size-large\" src=\"https:\/\/palmbaybeauty.com\/wp-content\/uploads\/2026\/02\/cruelty-labels-1024x242.jpg\" alt=\"\" width=\"1024\" height=\"242\" srcset=\"https:\/\/palmbaybeauty.com\/wp-content\/uploads\/2026\/02\/cruelty-labels-980x232.jpg 980w, https:\/\/palmbaybeauty.com\/wp-content\/uploads\/2026\/02\/cruelty-labels-480x114.jpg 480w\" sizes=\"(min-width: 0px) and (max-width: 480px) 480px, (min-width: 481px) and (max-width: 980px) 980px, (min-width: 981px) 1024px, 100vw\" \/><\/p>\n","protected":false},"featured_media":75995,"comment_status":"open","ping_status":"closed","template":"","meta":{"_et_pb_use_builder":"","_et_pb_old_content":"","_et_gb_content_width":""},"product_brand":[],"product_cat":[142],"product_tag":[],"giftcard-category":[],"class_list":{"0":"post-75811","1":"product","2":"type-product","3":"status-publish","4":"has-post-thumbnail","6":"product_cat-soins-corporels","8":"first","9":"instock","10":"taxable","11":"shipping-taxable","12":"purchasable","13":"product-type-simple"},"_links":{"self":[{"href":"https:\/\/palmbaybeauty.com\/fr\/wp-json\/wp\/v2\/product\/75811","targetHints":{"allow":["GET"]}}],"collection":[{"href":"https:\/\/palmbaybeauty.com\/fr\/wp-json\/wp\/v2\/product"}],"about":[{"href":"https:\/\/palmbaybeauty.com\/fr\/wp-json\/wp\/v2\/types\/product"}],"replies":[{"embeddable":true,"href":"https:\/\/palmbaybeauty.com\/fr\/wp-json\/wp\/v2\/comments?post=75811"}],"wp:featuredmedia":[{"embeddable":true,"href":"https:\/\/palmbaybeauty.com\/fr\/wp-json\/wp\/v2\/media\/75995"}],"wp:attachment":[{"href":"https:\/\/palmbaybeauty.com\/fr\/wp-json\/wp\/v2\/media?parent=75811"}],"wp:term":[{"taxonomy":"product_brand","embeddable":true,"href":"https:\/\/palmbaybeauty.com\/fr\/wp-json\/wp\/v2\/product_brand?post=75811"},{"taxonomy":"product_cat","embeddable":true,"href":"https:\/\/palmbaybeauty.com\/fr\/wp-json\/wp\/v2\/product_cat?post=75811"},{"taxonomy":"product_tag","embeddable":true,"href":"https:\/\/palmbaybeauty.com\/fr\/wp-json\/wp\/v2\/product_tag?post=75811"},{"taxonomy":"giftcard-category","embeddable":true,"href":"https:\/\/palmbaybeauty.com\/fr\/wp-json\/wp\/v2\/giftcard-category?post=75811"}],"curies":[{"name":"wp","href":"https:\/\/api.w.org\/{rel}","templated":true}]}}