{"id":75806,"date":"2026-03-19T16:21:20","date_gmt":"2026-03-19T20:21:20","guid":{"rendered":"https:\/\/palmbaybeauty.com\/product\/nettoyant-au-charbon-midnight-tropics\/"},"modified":"2026-03-24T15:45:35","modified_gmt":"2026-03-24T19:45:35","slug":"nettoyant-au-charbon-midnight-tropics","status":"publish","type":"product","link":"https:\/\/palmbaybeauty.com\/fr\/produit\/nettoyant-au-charbon-midnight-tropics\/","title":{"rendered":"Nettoyant au charbon Midnight Tropics"},"content":{"rendered":"<h2>Description:<\/h2>\n<p>Rafra\u00eechissez et revitalisez votre teint avec notre nettoyant pour le visage au charbon <strong>Midnight Tropics<\/strong>, une formule douce et efficace con\u00e7ue pour d\u00e9toxifier et nourrir votre peau. Enrichi en camomille, concombre et th\u00e9 vert japonais, ce nettoyant apaise, hydrate et prot\u00e8ge, tandis que le cocoate de saccharose assure un nettoyage doux et \u00e9quilibr\u00e9. Le charbon actif agit en profondeur pour absorber l&rsquo;exc\u00e8s de s\u00e9bum et les impuret\u00e9s, laissant la peau fra\u00eeche, nette et \u00e9clatante. Adapt\u00e9 \u00e0 tous les types de peau, m\u00eame les plus sensibles, ce nettoyant quotidien aide \u00e0 d\u00e9sincruster les pores, \u00e0 pr\u00e9venir les imperfections et \u00e0 am\u00e9liorer le grain et le teint de la peau.   <\/p>\n<p><strong>INGR\u00c9DIENTS :<\/strong><br \/>\nEau d\u00e9min\u00e9ralis\u00e9e, cocoamphodiac\u00e9tate disodique, d\u00e9cyl glucoside, cocoate de saccharose, st\u00e9arate de glyc\u00e9ryle, extrait de fleur de Chamomilla Recutita (Matricaria) (camomille), jus de feuille d&rsquo;Aloe Barbadensis, extrait de fruit de Cucumis Sativus (concombre), extrait de feuille de Camellia Sinensis (th\u00e9 vert japonais), cire \u00e9mulsifiante NF, Carbo Activatus (charbon actif), ph\u00e9noxy\u00e9thanol, glycol caprylyl (Optiphen\u00ae), parfum.<\/p>\n<h3>Principaux avantages :<\/h3>\n<ul>\n<li><strong>Camomille : <\/strong>Aide \u00e0 estomper les taches, \u00e0 r\u00e9duire les cicatrices d&rsquo;acn\u00e9 et \u00e0 combattre les \u00e9ruptions cutan\u00e9es.<\/li>\n<li><strong>Concombre : <\/strong>R\u00e9pare la peau s\u00e8che et ab\u00eem\u00e9e pour une apparence plus douce et plus lisse<\/li>\n<li><strong>Th\u00e9 vert japonais : <\/strong>antibact\u00e9rien, anti-inflammatoire, prot\u00e8ge des dommages caus\u00e9s par les UV, r\u00e9duit les poches et les rides.<\/li>\n<li><strong>Cocoate de saccharose : <\/strong>\u00c9quilibre l&rsquo;hydratation, nettoie en douceur sans dess\u00e9cher les huiles naturelles<\/li>\n<li><strong>Charbon actif : <\/strong>\u00e9limine les impuret\u00e9s et l\u2019exc\u00e8s de s\u00e9bum pour une peau plus nette et plus saine.<\/li>\n<li style=\"list-style-type: none;\">\n<\/li>\n<\/ul>\n<p>Net Wt 8 oz (237 mL)<\/p>\n<p><img loading=\"lazy\" decoding=\"async\" class=\"alignnone wp-image-75217 size-large\" src=\"https:\/\/palmbaybeauty.com\/wp-content\/uploads\/2026\/02\/cruelty-labels-1024x242.jpg\" alt=\"\" width=\"1024\" height=\"242\" srcset=\"https:\/\/palmbaybeauty.com\/wp-content\/uploads\/2026\/02\/cruelty-labels-980x232.jpg 980w, https:\/\/palmbaybeauty.com\/wp-content\/uploads\/2026\/02\/cruelty-labels-480x114.jpg 480w\" sizes=\"(min-width: 0px) and (max-width: 480px) 480px, (min-width: 481px) and (max-width: 980px) 980px, (min-width: 981px) 1024px, 100vw\" \/><\/p>\n","protected":false},"excerpt":{"rendered":"<p>Rafra\u00eechissez et revitalisez votre teint avec notre nettoyant pour le visage au charbon <strong>Midnight Tropics<\/strong>, une formule douce et efficace con\u00e7ue pour d\u00e9toxifier et nourrir votre peau. Enrichi en camomille, concombre et th\u00e9 vert japonais, ce nettoyant apaise, hydrate et prot\u00e8ge, tandis que le cocoate de saccharose assure un nettoyage doux et \u00e9quilibr\u00e9. Le charbon actif agit en profondeur pour absorber l&rsquo;exc\u00e8s de s\u00e9bum et les impuret\u00e9s, laissant la peau fra\u00eeche, nette et \u00e9clatante. Adapt\u00e9 \u00e0 tous les types de peau, m\u00eame les plus sensibles, ce nettoyant quotidien aide \u00e0 d\u00e9sincruster les pores, \u00e0 pr\u00e9venir les imperfections et \u00e0 am\u00e9liorer le grain et le teint de la peau.   <\/p>\n<p>Net Wt 8 oz (237 mL)<\/p>\n<p><img loading=\"lazy\" decoding=\"async\" class=\"alignnone wp-image-75217 size-large\" src=\"https:\/\/palmbaybeauty.com\/wp-content\/uploads\/2026\/02\/cruelty-labels-1024x242.jpg\" alt=\"\" width=\"1024\" height=\"242\" srcset=\"https:\/\/palmbaybeauty.com\/wp-content\/uploads\/2026\/02\/cruelty-labels-980x232.jpg 980w, https:\/\/palmbaybeauty.com\/wp-content\/uploads\/2026\/02\/cruelty-labels-480x114.jpg 480w\" sizes=\"(min-width: 0px) and (max-width: 480px) 480px, (min-width: 481px) and (max-width: 980px) 980px, (min-width: 981px) 1024px, 100vw\" \/><\/p>\n","protected":false},"featured_media":75807,"comment_status":"open","ping_status":"closed","template":"","meta":{"_et_pb_use_builder":"","_et_pb_old_content":"","_et_gb_content_width":""},"product_brand":[],"product_cat":[114],"product_tag":[],"giftcard-category":[],"class_list":{"0":"post-75806","1":"product","2":"type-product","3":"status-publish","4":"has-post-thumbnail","6":"product_cat-bain-douche","8":"first","9":"instock","10":"taxable","11":"shipping-taxable","12":"purchasable","13":"product-type-simple"},"_links":{"self":[{"href":"https:\/\/palmbaybeauty.com\/fr\/wp-json\/wp\/v2\/product\/75806","targetHints":{"allow":["GET"]}}],"collection":[{"href":"https:\/\/palmbaybeauty.com\/fr\/wp-json\/wp\/v2\/product"}],"about":[{"href":"https:\/\/palmbaybeauty.com\/fr\/wp-json\/wp\/v2\/types\/product"}],"replies":[{"embeddable":true,"href":"https:\/\/palmbaybeauty.com\/fr\/wp-json\/wp\/v2\/comments?post=75806"}],"wp:featuredmedia":[{"embeddable":true,"href":"https:\/\/palmbaybeauty.com\/fr\/wp-json\/wp\/v2\/media\/75807"}],"wp:attachment":[{"href":"https:\/\/palmbaybeauty.com\/fr\/wp-json\/wp\/v2\/media?parent=75806"}],"wp:term":[{"taxonomy":"product_brand","embeddable":true,"href":"https:\/\/palmbaybeauty.com\/fr\/wp-json\/wp\/v2\/product_brand?post=75806"},{"taxonomy":"product_cat","embeddable":true,"href":"https:\/\/palmbaybeauty.com\/fr\/wp-json\/wp\/v2\/product_cat?post=75806"},{"taxonomy":"product_tag","embeddable":true,"href":"https:\/\/palmbaybeauty.com\/fr\/wp-json\/wp\/v2\/product_tag?post=75806"},{"taxonomy":"giftcard-category","embeddable":true,"href":"https:\/\/palmbaybeauty.com\/fr\/wp-json\/wp\/v2\/giftcard-category?post=75806"}],"curies":[{"name":"wp","href":"https:\/\/api.w.org\/{rel}","templated":true}]}}