{"id":75801,"date":"2026-03-19T16:12:20","date_gmt":"2026-03-19T20:12:20","guid":{"rendered":"https:\/\/palmbaybeauty.com\/product\/revitalisant-revive\/"},"modified":"2026-03-19T16:12:20","modified_gmt":"2026-03-19T20:12:20","slug":"revitalisant-revive","status":"publish","type":"product","link":"https:\/\/palmbaybeauty.com\/fr\/produit\/revitalisant-revive\/","title":{"rendered":"Revitalisant Revive"},"content":{"rendered":"<h2>Description:<\/h2>\n<h4>Revitaliser. Renforcer. Hydrater.  <\/h4>\n<p>Transformez votre routine capillaire avec notre <strong>revitalisant revive<\/strong>, une formule rafra\u00eechissante et fortifiante con\u00e7ue pour rehausser chaque douche. La menthe poivr\u00e9e \u00e9veille le cuir chevelu et les sens, tandis que l&rsquo;arbre \u00e0 th\u00e9 purifie et apaise, favorisant un environnement sain pour la pousse des cheveux. Le peptide de pois fortifie et r\u00e9pare chaque m\u00e8che, am\u00e9liorant sa r\u00e9sistance et son \u00e9lasticit\u00e9. L&rsquo;huile de coco hydrate et nourrit en profondeur, laissant vos cheveux doux, soyeux et \u00e9clatants de sant\u00e9.   <\/p>\n<p><strong>INGREDIENTS:<\/strong><br \/>\nDeionized Water, Cetearyl Alcohol, Distearoylethyl Dimonium Chloride, Glycerin, Propanediol, Glycol Distearate, Cyclopentasiloxane, Cetyl Alcohol, Cocos Nucifera (Coconut) Seed Oil, Castor Isostearate Succinate, Olea Europaea (Olive) Fruit Oil, Pisum Sativum (Pea) Peptide, Limnanthes Alba (Meadowfoam) Seed Oil, Chamomilla Recutita (Chamomile) Flower Extract, Panthenol (Pro-Vitamin B5), Hydroxypropyltrimonium Chloride, Phenoxyethanol and Caprylyl Glycol (Optiphen\u00ae), Mentha Piperita (Peppermint) Oil, Melaleuca Alternifolia (Tea Tree) Leaf Oil<\/p>\n<h3>Principaux avantages :<\/h3>\n<ul>\n<li><strong>Menthe poivr\u00e9e :<\/strong> Revigore le cuir chevelu, stimule la circulation et rafra\u00eechit les sens.<\/li>\n<li><strong>Arbre \u00e0 th\u00e9 : <\/strong>Purifie et apaise pour un cuir chevelu sain.<\/li>\n<li><strong>Peptide de pois :<\/strong> R\u00e9pare et fortifie les cheveux, am\u00e9liorant leur \u00e9lasticit\u00e9 et leur r\u00e9sistance.<\/li>\n<li><strong>Huile de coco : <\/strong>Hydrate en profondeur, nourrit et r\u00e9duit la casse, laissant les cheveux soyeux et brillants.<\/li>\n<\/ul>\n<p>Net Wt 8 oz (237 mL)<\/p>\n<p><img loading=\"lazy\" decoding=\"async\" class=\"alignnone wp-image-75217 size-large\" src=\"https:\/\/palmbaybeauty.com\/wp-content\/uploads\/2026\/02\/cruelty-labels-1024x242.jpg\" alt=\"\" width=\"1024\" height=\"242\" srcset=\"https:\/\/palmbaybeauty.com\/wp-content\/uploads\/2026\/02\/cruelty-labels-980x232.jpg 980w, https:\/\/palmbaybeauty.com\/wp-content\/uploads\/2026\/02\/cruelty-labels-480x114.jpg 480w\" sizes=\"(min-width: 0px) and (max-width: 480px) 480px, (min-width: 481px) and (max-width: 980px) 980px, (min-width: 981px) 1024px, 100vw\" \/><\/p>\n","protected":false},"excerpt":{"rendered":"<p>Transformez votre routine capillaire avec notre <strong>revitalisant revive<\/strong>, une formule rafra\u00eechissante et fortifiante con\u00e7ue pour rehausser chaque douche. La menthe poivr\u00e9e \u00e9veille le cuir chevelu et les sens, tandis que l&rsquo;arbre \u00e0 th\u00e9 purifie et apaise, favorisant un environnement sain pour la pousse des cheveux. Le peptide de pois fortifie et r\u00e9pare chaque m\u00e8che, am\u00e9liorant sa r\u00e9sistance et son \u00e9lasticit\u00e9. L&rsquo;huile de coco hydrate et nourrit en profondeur, laissant vos cheveux doux, soyeux et \u00e9clatants de sant\u00e9.   <\/p>\n<p>Net Wt 8 oz (237 mL)<\/p>\n<p><img loading=\"lazy\" decoding=\"async\" class=\"alignnone wp-image-75217 size-large\" src=\"https:\/\/palmbaybeauty.com\/wp-content\/uploads\/2026\/02\/cruelty-labels-1024x242.jpg\" alt=\"\" width=\"1024\" height=\"242\" srcset=\"https:\/\/palmbaybeauty.com\/wp-content\/uploads\/2026\/02\/cruelty-labels-980x232.jpg 980w, https:\/\/palmbaybeauty.com\/wp-content\/uploads\/2026\/02\/cruelty-labels-480x114.jpg 480w\" sizes=\"(min-width: 0px) and (max-width: 480px) 480px, (min-width: 481px) and (max-width: 980px) 980px, (min-width: 981px) 1024px, 100vw\" \/><\/p>\n","protected":false},"featured_media":75802,"comment_status":"open","ping_status":"closed","template":"","meta":{"_et_pb_use_builder":"","_et_pb_old_content":"","_et_gb_content_width":""},"product_brand":[],"product_cat":[114],"product_tag":[],"giftcard-category":[],"class_list":{"0":"post-75801","1":"product","2":"type-product","3":"status-publish","4":"has-post-thumbnail","6":"product_cat-bain-douche","8":"first","9":"instock","10":"taxable","11":"shipping-taxable","12":"purchasable","13":"product-type-simple"},"_links":{"self":[{"href":"https:\/\/palmbaybeauty.com\/fr\/wp-json\/wp\/v2\/product\/75801","targetHints":{"allow":["GET"]}}],"collection":[{"href":"https:\/\/palmbaybeauty.com\/fr\/wp-json\/wp\/v2\/product"}],"about":[{"href":"https:\/\/palmbaybeauty.com\/fr\/wp-json\/wp\/v2\/types\/product"}],"replies":[{"embeddable":true,"href":"https:\/\/palmbaybeauty.com\/fr\/wp-json\/wp\/v2\/comments?post=75801"}],"wp:featuredmedia":[{"embeddable":true,"href":"https:\/\/palmbaybeauty.com\/fr\/wp-json\/wp\/v2\/media\/75802"}],"wp:attachment":[{"href":"https:\/\/palmbaybeauty.com\/fr\/wp-json\/wp\/v2\/media?parent=75801"}],"wp:term":[{"taxonomy":"product_brand","embeddable":true,"href":"https:\/\/palmbaybeauty.com\/fr\/wp-json\/wp\/v2\/product_brand?post=75801"},{"taxonomy":"product_cat","embeddable":true,"href":"https:\/\/palmbaybeauty.com\/fr\/wp-json\/wp\/v2\/product_cat?post=75801"},{"taxonomy":"product_tag","embeddable":true,"href":"https:\/\/palmbaybeauty.com\/fr\/wp-json\/wp\/v2\/product_tag?post=75801"},{"taxonomy":"giftcard-category","embeddable":true,"href":"https:\/\/palmbaybeauty.com\/fr\/wp-json\/wp\/v2\/giftcard-category?post=75801"}],"curies":[{"name":"wp","href":"https:\/\/api.w.org\/{rel}","templated":true}]}}