{"id":75711,"date":"2026-03-17T16:46:07","date_gmt":"2026-03-17T20:46:07","guid":{"rendered":"https:\/\/palmbaybeauty.com\/product\/eponge-konjac-naturelle\/"},"modified":"2026-04-10T09:38:14","modified_gmt":"2026-04-10T13:38:14","slug":"eponge-konjac-naturelle","status":"publish","type":"product","link":"https:\/\/palmbaybeauty.com\/fr\/produit\/eponge-konjac-naturelle\/","title":{"rendered":"\u00c9ponge Konjac naturelle"},"content":{"rendered":"<p>Un exfoliant doux et naturel pour une peau fra\u00eeche et lisse au quotidien.<\/p>\n<p>Une \u00e9ponge konjac naturelle faite de fibres v\u00e9g\u00e9tales pour un exfoliant du visage optimal. Cette \u00e9ponge ronde tient parfaitement dans la main pour votre routine visage quotidienne. Utilisez-la avec votre nettoyant pr\u00e9f\u00e9r\u00e9 pour \u00e9liminer toutes les impuret\u00e9s ! Fabriqu\u00e9e \u00e0 partir de fibres de racine de konjac, cette \u00e9ponge est biod\u00e9gradable et enti\u00e8rement naturelle. L&rsquo;\u00e9ponge konjac est la solution id\u00e9ale pour une peau plus nette et plus lisse !    <\/p>\n<p><strong>Ingr\u00e9dients:<\/strong><\/p>\n<p>Fibres de racine de konjac<\/p>\n<p><strong>B\u00e9n\u00e9fices:<\/strong><\/p>\n<ul>\n<li>\u00c9ponge enti\u00e8rement naturelle, propre pour votre peau et pour la Terre<\/li>\n<li>Excellent exfoliant pour une peau plus lisse<\/li>\n<li>Compos\u00e9 de fibres v\u00e9g\u00e9tales biod\u00e9gradables et compostables<\/li>\n<li>Convient \u00e0 tous les types de peau<\/li>\n<\/ul>\n<p><strong>Application:<\/strong><\/p>\n<p>Humidifiez l&rsquo;\u00e9ponge konjac avec de l&rsquo;eau ti\u00e8de jusqu&rsquo;\u00e0 ce qu&rsquo;elle s&rsquo;assouplisse.<br \/>Massez la peau en effectuant des mouvements circulaires.<br \/>Rincez l&rsquo;\u00e9ponge et suspendez-la \u00e0 l&rsquo;aide de la ficelle pour la laisser s\u00e9cher entre deux utilisations.<br \/>Apr\u00e8s 2 \u00e0 3 mois d&rsquo;utilisation (ou 100 utilisations), mettez l&rsquo;\u00e9ponge konjac au compost.<\/p>\n","protected":false},"excerpt":{"rendered":"<p>Un exfoliant doux et naturel pour une peau fra\u00eeche et lisse au quotidien.<\/p>\n<p>Une \u00e9ponge konjac naturelle faite de fibres v\u00e9g\u00e9tales pour un exfoliant du visage optimal. Cette \u00e9ponge ronde tient parfaitement dans la main pour votre routine visage quotidienne. Utilisez-la avec votre nettoyant pr\u00e9f\u00e9r\u00e9 pour \u00e9liminer toutes les impuret\u00e9s ! Fabriqu\u00e9e \u00e0 partir de fibres de racine de konjac, cette \u00e9ponge est biod\u00e9gradable et enti\u00e8rement naturelle. L&rsquo;\u00e9ponge konjac est la solution id\u00e9ale pour une peau plus nette et plus lisse !    <\/p>\n","protected":false},"featured_media":76050,"comment_status":"open","ping_status":"closed","template":"","meta":{"_et_pb_use_builder":"","_et_pb_old_content":"","_et_gb_content_width":""},"product_brand":[],"product_cat":[114,142],"product_tag":[],"giftcard-category":[],"class_list":{"0":"post-75711","1":"product","2":"type-product","3":"status-publish","4":"has-post-thumbnail","6":"product_cat-bain-douche","7":"product_cat-soins-corporels","9":"first","10":"instock","11":"taxable","12":"shipping-taxable","13":"purchasable","14":"product-type-simple"},"_links":{"self":[{"href":"https:\/\/palmbaybeauty.com\/fr\/wp-json\/wp\/v2\/product\/75711","targetHints":{"allow":["GET"]}}],"collection":[{"href":"https:\/\/palmbaybeauty.com\/fr\/wp-json\/wp\/v2\/product"}],"about":[{"href":"https:\/\/palmbaybeauty.com\/fr\/wp-json\/wp\/v2\/types\/product"}],"replies":[{"embeddable":true,"href":"https:\/\/palmbaybeauty.com\/fr\/wp-json\/wp\/v2\/comments?post=75711"}],"wp:featuredmedia":[{"embeddable":true,"href":"https:\/\/palmbaybeauty.com\/fr\/wp-json\/wp\/v2\/media\/76050"}],"wp:attachment":[{"href":"https:\/\/palmbaybeauty.com\/fr\/wp-json\/wp\/v2\/media?parent=75711"}],"wp:term":[{"taxonomy":"product_brand","embeddable":true,"href":"https:\/\/palmbaybeauty.com\/fr\/wp-json\/wp\/v2\/product_brand?post=75711"},{"taxonomy":"product_cat","embeddable":true,"href":"https:\/\/palmbaybeauty.com\/fr\/wp-json\/wp\/v2\/product_cat?post=75711"},{"taxonomy":"product_tag","embeddable":true,"href":"https:\/\/palmbaybeauty.com\/fr\/wp-json\/wp\/v2\/product_tag?post=75711"},{"taxonomy":"giftcard-category","embeddable":true,"href":"https:\/\/palmbaybeauty.com\/fr\/wp-json\/wp\/v2\/giftcard-category?post=75711"}],"curies":[{"name":"wp","href":"https:\/\/api.w.org\/{rel}","templated":true}]}}