{"id":75697,"date":"2026-03-17T12:44:47","date_gmt":"2026-03-17T16:44:47","guid":{"rendered":"https:\/\/palmbaybeauty.com\/product\/serum-au-collagene-et-au-retinol\/"},"modified":"2026-03-17T12:44:47","modified_gmt":"2026-03-17T16:44:47","slug":"serum-au-collagene-et-au-retinol","status":"publish","type":"product","link":"https:\/\/palmbaybeauty.com\/fr\/produit\/serum-au-collagene-et-au-retinol\/","title":{"rendered":"S\u00e9rum au collag\u00e8ne et au r\u00e9tinol"},"content":{"rendered":"<p>Un puissant m\u00e9lange de collag\u00e8ne, de r\u00e9tinol et d&rsquo;acide hyaluronique qui raffermit, lisse et hydrate en profondeur pour une peau repulp\u00e9e, prot\u00e9g\u00e9e et \u00e9clatante au quotidien.<\/p>\n<p>La solution anti-\u00e2ge ultime. Essayez ce s\u00e9rum au collag\u00e8ne et au r\u00e9tinol pour une peau \u00e9clatante de jeunesse. Ce s\u00e9rum polyvalent utilise un m\u00e9lange de collag\u00e8ne, de r\u00e9tinol et d&rsquo;acide hyaluronique pour fortifier votre peau. Il am\u00e9liore la fermet\u00e9 et retient l&rsquo;hydratation en profondeur pour un teint souple et lisse. L&rsquo;huile de soya, riche en antioxydants, r\u00e9g\u00e9n\u00e8re votre peau. Convient \u00e0 tous les types de peau.     <\/p>\n<p>Fabriqu\u00e9 en Am\u00e9rique du Nord<\/p>\n<p><strong>Ingr\u00e9dients:<\/strong><\/p>\n<p>Eau (Aqua), Polysorbate-20, Huile de Glycine Soja (Soja), Collag\u00e8ne hydrolys\u00e9, R\u00e9tinol, Hyaluronate de sodium, Jus de Cocos Nucifera (Noix de coco), Astaxanthine, Fucoxanthine, Extrait de Chlorella Emersonii, Ph\u00e9noxy\u00e9thanol, Sodium Pca, Bisabol, Ac\u00e9tate de tocoph\u00e9ryle, Huile de ricin hydrog\u00e9n\u00e9e Peg 25, Parfum<\/p>\n<p><strong>B\u00e9n\u00e9fices:<\/strong><\/p>\n<ul>\n<li>Le collag\u00e8ne am\u00e9liore l&rsquo;\u00e9lasticit\u00e9 de la peau pour une peau d&rsquo;apparence jeune<\/li>\n<li>Le r\u00e9tinol augmente la production de cellules cutan\u00e9es et la production naturelle de collag\u00e8ne<\/li>\n<li>L&rsquo;acide hyaluronique hydrate la peau en profondeur<\/li>\n<li>L&rsquo;acide hyaluronique gu\u00e9rit les cicatrices et r\u00e9g\u00e9n\u00e8re l&rsquo;\u00e9lasticit\u00e9 de la peau<\/li>\n<li>L&rsquo;huile de soya r\u00e9g\u00e9n\u00e8re la peau gr\u00e2ce \u00e0 ses propri\u00e9t\u00e9s antioxydantes<\/li>\n<li>Sans parab\u00e8ne et sans cruaut\u00e9<\/li>\n<li>Convient \u00e0 tous les types de peau<\/li>\n<\/ul>\n<p><strong>Application:<\/strong><\/p>\n<p>Mettez 2 \u00e0 3 gouttes dans le creux de votre main et appliquez sur le visage et le cou.<br \/>\nMassez d\u00e9licatement jusqu&rsquo;\u00e0 absorption compl\u00e8te.<br \/>\nLe jour, appliquez ensuite votre cr\u00e8me de jour ou un \u00e9cran solaire.<\/p>\n<p>Net 1 fl. oz. \/ 30 mL<\/p>\n","protected":false},"excerpt":{"rendered":"<p>Un puissant m\u00e9lange de collag\u00e8ne, de r\u00e9tinol et d&rsquo;acide hyaluronique qui raffermit, lisse et hydrate en profondeur pour une peau repulp\u00e9e, prot\u00e9g\u00e9e et \u00e9clatante au quotidien.<\/p>\n<p>La solution anti-\u00e2ge ultime. Essayez ce s\u00e9rum au collag\u00e8ne et au r\u00e9tinol pour une peau \u00e9clatante de jeunesse. Ce s\u00e9rum polyvalent utilise un m\u00e9lange de collag\u00e8ne, de r\u00e9tinol et d&rsquo;acide hyaluronique pour fortifier votre peau. Il am\u00e9liore la fermet\u00e9 et retient l&rsquo;hydratation en profondeur pour un teint souple et lisse. L&rsquo;huile de soya, riche en antioxydants, r\u00e9g\u00e9n\u00e8re votre peau. Convient \u00e0 tous les types de peau.     <\/p>\n<p>Fabriqu\u00e9 en Am\u00e9rique du Nord<\/p>\n","protected":false},"featured_media":75698,"comment_status":"closed","ping_status":"closed","template":"","meta":{"_et_pb_use_builder":"","_et_pb_old_content":"","_et_gb_content_width":""},"product_brand":[],"product_cat":[142],"product_tag":[],"giftcard-category":[],"class_list":{"0":"post-75697","1":"product","2":"type-product","3":"status-publish","4":"has-post-thumbnail","6":"product_cat-soins-corporels","8":"first","9":"instock","10":"taxable","11":"shipping-taxable","12":"purchasable","13":"product-type-simple"},"_links":{"self":[{"href":"https:\/\/palmbaybeauty.com\/fr\/wp-json\/wp\/v2\/product\/75697","targetHints":{"allow":["GET"]}}],"collection":[{"href":"https:\/\/palmbaybeauty.com\/fr\/wp-json\/wp\/v2\/product"}],"about":[{"href":"https:\/\/palmbaybeauty.com\/fr\/wp-json\/wp\/v2\/types\/product"}],"replies":[{"embeddable":true,"href":"https:\/\/palmbaybeauty.com\/fr\/wp-json\/wp\/v2\/comments?post=75697"}],"wp:featuredmedia":[{"embeddable":true,"href":"https:\/\/palmbaybeauty.com\/fr\/wp-json\/wp\/v2\/media\/75698"}],"wp:attachment":[{"href":"https:\/\/palmbaybeauty.com\/fr\/wp-json\/wp\/v2\/media?parent=75697"}],"wp:term":[{"taxonomy":"product_brand","embeddable":true,"href":"https:\/\/palmbaybeauty.com\/fr\/wp-json\/wp\/v2\/product_brand?post=75697"},{"taxonomy":"product_cat","embeddable":true,"href":"https:\/\/palmbaybeauty.com\/fr\/wp-json\/wp\/v2\/product_cat?post=75697"},{"taxonomy":"product_tag","embeddable":true,"href":"https:\/\/palmbaybeauty.com\/fr\/wp-json\/wp\/v2\/product_tag?post=75697"},{"taxonomy":"giftcard-category","embeddable":true,"href":"https:\/\/palmbaybeauty.com\/fr\/wp-json\/wp\/v2\/giftcard-category?post=75697"}],"curies":[{"name":"wp","href":"https:\/\/api.w.org\/{rel}","templated":true}]}}