{"id":75695,"date":"2026-03-17T12:50:00","date_gmt":"2026-03-17T16:50:00","guid":{"rendered":"https:\/\/palmbaybeauty.com\/product\/serum-a-lacide-glycolique\/"},"modified":"2026-03-17T12:50:00","modified_gmt":"2026-03-17T16:50:00","slug":"serum-a-lacide-glycolique","status":"publish","type":"product","link":"https:\/\/palmbaybeauty.com\/fr\/produit\/serum-a-lacide-glycolique\/","title":{"rendered":"S\u00e9rum \u00e0 l&rsquo;acide glycolique"},"content":{"rendered":"<p>Ce s\u00e9rum fait sa magie : il fait dispara\u00eetre les imperfections, illumine le teint et hydrate la peau pour un r\u00e9sultat aussi lisse que sublime.<\/p>\n<p>Un exfoliant doux \u00e0 action rapide qui rehausse le teint. Ce s\u00e9rum puissant unifie le teint, lisse la peau et affine son grain. La glyc\u00e9rine procure une hydratation nourrissante pour une peau souple et douce toute la journ\u00e9e. La vitamine E offre des propri\u00e9t\u00e9s antioxydantes tandis que le squalane retient l&rsquo;hydratation. Adapt\u00e9 \u00e0 tous les types de peau, ce s\u00e9rum est la solution id\u00e9ale pour les imperfections, les points noirs et les marques r\u00e9siduelles. Vous allez adorer ce nouveau s\u00e9rum dans votre collection.    <\/p>\n<p>Fabriqu\u00e9 en Am\u00e9rique du Nord.<\/p>\n<p><strong>Ingr\u00e9dients:<\/strong><\/p>\n<p>Eau (Aqua), Polysorbate-20, Glyc\u00e9rine, Acide glycolique, Jus de feuille d&rsquo;Aloe Barbadensis, Hyaluronate de sodium, Extrait de fruit de Citrus Limon (Citron), Extrait de fruit de Pyrus Malus (Pomme), Extrait de Saccharum Officinarum, Phospholipides, Ac\u00e9tyl Hexapeptide-8, Huile de Glycine Soja (Soja), Sorbate de potassium, L\u00e9cithine, Alcool benzylique, Ac\u00e9tate de tocoph\u00e9ryle, Coenzyme Q10, Palmitate d&rsquo;isopropyle, Chlorure de phosphate de dim\u00e9thicone dim\u00e9thylpyridyl PEG-7, Palmitate d&rsquo;ascorbyle, Huile de ricin hydrog\u00e9n\u00e9e PEG-40, Squalane, Acide phytique, Ph\u00e9noxy\u00e9thanol, Acide salicylique, Parfum<\/p>\n<p><strong>B\u00e9n\u00e9fices:<\/strong><\/p>\n<ul>\n<li>L&rsquo;acide glycolique att\u00e9nue l&rsquo;hyperpigmentation et lisse le teint.<\/li>\n<li>Les propri\u00e9t\u00e9s antioxydantes de la vitamine E favorisent les processus de gu\u00e9rison<\/li>\n<li>Le squal\u00e8ne conserve une hydratation extr\u00eame.<\/li>\n<li>Convient \u00e0 tous les types de peau<\/li>\n<li>Sans parab\u00e8ne et sans cruaut\u00e9<\/li>\n<li>V\u00e9g\u00e9talien<\/li>\n<\/ul>\n<p><strong>Application:<\/strong><\/p>\n<p>Apply 2-3 drops into the palm of your hand and apply to face and neck<br \/>\nMassage gently into skin<br \/>\nFollow with face cream or SPF in the day time<\/p>\n<p>Net 1 fl. oz. \/ 30 mL<\/p>\n","protected":false},"excerpt":{"rendered":"<p>Ce s\u00e9rum fait sa magie : il fait dispara\u00eetre les imperfections, illumine le teint et hydrate la peau pour un r\u00e9sultat aussi lisse que sublime.<\/p>\n<p>Un exfoliant doux \u00e0 action rapide qui rehausse le teint. Ce s\u00e9rum puissant unifie le teint, lisse la peau et affine son grain. La glyc\u00e9rine procure une hydratation nourrissante pour une peau souple et douce toute la journ\u00e9e. La vitamine E offre des propri\u00e9t\u00e9s antioxydantes tandis que le squalane retient l&rsquo;hydratation. Adapt\u00e9 \u00e0 tous les types de peau, ce s\u00e9rum est la solution id\u00e9ale pour les imperfections, les points noirs et les marques r\u00e9siduelles. Vous allez adorer ce nouveau s\u00e9rum dans votre collection.    <\/p>\n<p>Fabriqu\u00e9 en Am\u00e9rique du Nord.<\/p>\n","protected":false},"featured_media":75696,"comment_status":"closed","ping_status":"closed","template":"","meta":{"_et_pb_use_builder":"","_et_pb_old_content":"","_et_gb_content_width":""},"product_brand":[],"product_cat":[142],"product_tag":[],"giftcard-category":[],"class_list":{"0":"post-75695","1":"product","2":"type-product","3":"status-publish","4":"has-post-thumbnail","6":"product_cat-soins-corporels","8":"first","9":"instock","10":"taxable","11":"shipping-taxable","12":"purchasable","13":"product-type-simple"},"_links":{"self":[{"href":"https:\/\/palmbaybeauty.com\/fr\/wp-json\/wp\/v2\/product\/75695","targetHints":{"allow":["GET"]}}],"collection":[{"href":"https:\/\/palmbaybeauty.com\/fr\/wp-json\/wp\/v2\/product"}],"about":[{"href":"https:\/\/palmbaybeauty.com\/fr\/wp-json\/wp\/v2\/types\/product"}],"replies":[{"embeddable":true,"href":"https:\/\/palmbaybeauty.com\/fr\/wp-json\/wp\/v2\/comments?post=75695"}],"wp:featuredmedia":[{"embeddable":true,"href":"https:\/\/palmbaybeauty.com\/fr\/wp-json\/wp\/v2\/media\/75696"}],"wp:attachment":[{"href":"https:\/\/palmbaybeauty.com\/fr\/wp-json\/wp\/v2\/media?parent=75695"}],"wp:term":[{"taxonomy":"product_brand","embeddable":true,"href":"https:\/\/palmbaybeauty.com\/fr\/wp-json\/wp\/v2\/product_brand?post=75695"},{"taxonomy":"product_cat","embeddable":true,"href":"https:\/\/palmbaybeauty.com\/fr\/wp-json\/wp\/v2\/product_cat?post=75695"},{"taxonomy":"product_tag","embeddable":true,"href":"https:\/\/palmbaybeauty.com\/fr\/wp-json\/wp\/v2\/product_tag?post=75695"},{"taxonomy":"giftcard-category","embeddable":true,"href":"https:\/\/palmbaybeauty.com\/fr\/wp-json\/wp\/v2\/giftcard-category?post=75695"}],"curies":[{"name":"wp","href":"https:\/\/api.w.org\/{rel}","templated":true}]}}