{"id":75691,"date":"2026-01-28T08:31:58","date_gmt":"2026-01-28T13:31:58","guid":{"rendered":"https:\/\/palmbaybeauty.com\/product\/gel-douche-tout-en-un-pour-hommes\/"},"modified":"2026-01-28T08:31:58","modified_gmt":"2026-01-28T13:31:58","slug":"gel-douche-tout-en-un-pour-hommes","status":"publish","type":"product","link":"https:\/\/palmbaybeauty.com\/fr\/produit\/gel-douche-tout-en-un-pour-hommes\/","title":{"rendered":"Gel douche tout-en-un pour hommes"},"content":{"rendered":"<h2 style=\"font-weight: 400;\">Description<\/h2>\n<p>Hydratez et nettoyez votre peau avec ce gel douche tout-en-un. Sans sulfates ni produits chimiques agressifs, il laisse votre peau douce et propre. Gr\u00e2ce au squal\u00e8ne, ce gel douche tout-en-un est le produit indispensable pour remplacer plusieurs bouteilles sous la douche. Gr\u00e2ce \u00e0 ses ingr\u00e9dients riches en nutriments, ce gel douche vous procure une peau fra\u00eeche pour bien commencer et terminer la journ\u00e9e.   <\/p>\n<p>Fabriqu\u00e9 en Am\u00e9rique du Nord.<\/p>\n<h2>B\u00e9n\u00e9fices<\/h2>\n<p>Hydrate et nettoie la peau<br \/>\nFormule sans sulfates ni parab\u00e8nes qui pr\u00e9serve les huiles essentielles de la peau.<br \/>Des ingr\u00e9dients nutritifs tout-en-un pour nettoyer la peau en douceur gr\u00e2ce \u00e0 une mousse onctueuse.<br \/>Sans parab\u00e8nes, sans gluten et non test\u00e9 sur les animaux.<br \/>Vegan et certifi\u00e9 biologique.<br \/>\nContenance : 295 ml (10 fl oz). oz. \/ 300 mL<\/p>\n<h2>Application<\/h2>\n<p>Ajoutez quelques doses sur un luffa, une d\u00e9barbouillette ou vos mains et faites mousser sur la peau humide.<br \/>\nRincer \u00e0 l&rsquo;eau ti\u00e8de<br \/>\n\u00c9viter le contact oculaire<\/p>\n<h2>Ingr\u00e9dients<\/h2>\n<p>Aqua, huile de Cocos Nucifera (noix de coco), m\u00e9thyl-2-sulfolaurate de sodium, 2-sulfolaurate disodique, cocamidopropyl b\u00e9ta\u00efne, glyc\u00e9rine, cocoyl is\u00e9thionate de sodium, acrylates\/polym\u00e8re crois\u00e9 d&rsquo;acrylate d&rsquo;alkyle en C10-30, chlorure de guar hydroxypropyltrimonium, **squalane, *CO glyc\u00e9rine, *CO extrait de fruit de Prunus Armeniaca (abricot), *CO extrait de fleur de Rosa Centifolia, *CO extrait de feuille de Rosmarinus Officinalis (romarin), *CO extrait de graine d&rsquo;Aesculus Hippocastanum (marronnier d&rsquo;Inde), alcool benzylique, parfum, hydroxyde de sodium, acide d\u00e9hydroac\u00e9tique *CO certifi\u00e9 biologique **issu de la canne \u00e0 sucre<\/p>\n","protected":false},"excerpt":{"rendered":"<p>Hydratez et nettoyez votre peau avec ce gel douche tout-en-un. Sans sulfates ni produits chimiques agressifs, il laisse votre peau douce et propre. Gr\u00e2ce au squal\u00e8ne, ce gel douche tout-en-un est le produit indispensable pour remplacer plusieurs bouteilles sous la douche. Gr\u00e2ce \u00e0 ses ingr\u00e9dients riches en nutriments, ce gel douche vous procure une peau fra\u00eeche pour bien commencer et terminer la journ\u00e9e.   <\/p>\n<p>Fabriqu\u00e9 en Am\u00e9rique du Nord.<\/p>\n","protected":false},"featured_media":75693,"comment_status":"closed","ping_status":"closed","template":"","meta":{"_et_pb_use_builder":"","_et_pb_old_content":"","_et_gb_content_width":""},"product_brand":[],"product_cat":[114],"product_tag":[],"giftcard-category":[],"class_list":{"0":"post-75691","1":"product","2":"type-product","3":"status-publish","4":"has-post-thumbnail","6":"product_cat-bain-douche","8":"first","9":"instock","10":"sale","11":"taxable","12":"shipping-taxable","13":"purchasable","14":"product-type-simple"},"_links":{"self":[{"href":"https:\/\/palmbaybeauty.com\/fr\/wp-json\/wp\/v2\/product\/75691","targetHints":{"allow":["GET"]}}],"collection":[{"href":"https:\/\/palmbaybeauty.com\/fr\/wp-json\/wp\/v2\/product"}],"about":[{"href":"https:\/\/palmbaybeauty.com\/fr\/wp-json\/wp\/v2\/types\/product"}],"replies":[{"embeddable":true,"href":"https:\/\/palmbaybeauty.com\/fr\/wp-json\/wp\/v2\/comments?post=75691"}],"wp:featuredmedia":[{"embeddable":true,"href":"https:\/\/palmbaybeauty.com\/fr\/wp-json\/wp\/v2\/media\/75693"}],"wp:attachment":[{"href":"https:\/\/palmbaybeauty.com\/fr\/wp-json\/wp\/v2\/media?parent=75691"}],"wp:term":[{"taxonomy":"product_brand","embeddable":true,"href":"https:\/\/palmbaybeauty.com\/fr\/wp-json\/wp\/v2\/product_brand?post=75691"},{"taxonomy":"product_cat","embeddable":true,"href":"https:\/\/palmbaybeauty.com\/fr\/wp-json\/wp\/v2\/product_cat?post=75691"},{"taxonomy":"product_tag","embeddable":true,"href":"https:\/\/palmbaybeauty.com\/fr\/wp-json\/wp\/v2\/product_tag?post=75691"},{"taxonomy":"giftcard-category","embeddable":true,"href":"https:\/\/palmbaybeauty.com\/fr\/wp-json\/wp\/v2\/giftcard-category?post=75691"}],"curies":[{"name":"wp","href":"https:\/\/api.w.org\/{rel}","templated":true}]}}