{"id":75333,"date":"2026-02-18T10:32:55","date_gmt":"2026-02-18T15:32:55","guid":{"rendered":"https:\/\/palmbaybeauty.com\/product\/vanille-noir-deodorant-naturel\/"},"modified":"2026-02-27T23:33:16","modified_gmt":"2026-02-28T04:33:16","slug":"vanille-noir-deodorant-naturel","status":"publish","type":"product","link":"https:\/\/palmbaybeauty.com\/fr\/produit\/vanille-noir-deodorant-naturel\/","title":{"rendered":"Vanille Noir D\u00e9odorant naturel"},"content":{"rendered":"<h2>Description<\/h2>\n<p>D\u00e9couvrez le d\u00e9odorant sans aluminium <strong>Vanille Noir<\/strong>, une solution douce et efficace pour rester frais toute la journ\u00e9e, sans produits chimiques agressifs comme l&rsquo;aluminium et les bact\u00e9ricides. Notre d\u00e9odorant exploite le pouvoir de la nature pour vous offrir une sensation de confiance et une protection contre les odeurs. Am\u00e9liorez votre routine quotidienne avec un d\u00e9odorant qui s&rsquo;inscrit dans votre engagement envers le bien-\u00eatre naturel. Essayez notre d\u00e9odorant sans aluminium d\u00e8s aujourd&rsquo;hui et voyez la diff\u00e9rence que des ingr\u00e9dients doux et naturels peuvent apporter \u00e0 votre fra\u00eecheur quotidienne. Il est temps d&rsquo;adopter une approche plus naturelle pour contr\u00f4ler les odeurs.    <\/p>\n<p>Si vous avez essay\u00e9 notre savon <strong>Sandy Beach<\/strong>, vous allez adorer notre d\u00e9odorant Vanille Noir au parfum similaire !<\/p>\n<p>Net Wt 2.5 oz<\/p>\n<p><strong>INGR\u00c9DIENTS:<\/strong> Propylene Glycol (USDA\/ USP Certified Eco), Water, Sodium Stearate (Vegetable based), Saccharomyces Ferment (vegetable Fermentation), PEG-200 (Hydrogenated Castor Oil), Isosteareth-2 (naturally derived emulsifier), Salicylic Acid, Steareth-100, Chamomilla Recutita (Matricaria) Flower Extract (Chamomile), Aloe Barbadensis (Aloe Vera) Leaf Juice, Citrus Grandis (Grapefruit) Seed Extract, Phenoxyethanol and Caprylyl Glycol (Optiphen\u00ae, a naturally derived stabilizer), Fragrance.<\/p>\n<h3>AVANTAGES PRINCIPAUX :<\/h3>\n<p>\u2022 Fabriqu\u00e9 avec 99 % d&rsquo;ingr\u00e9dients naturels et biologiques<br \/>\n\u2022 Formule biologique non dess\u00e9chante<br \/>\n\u2022 Nourrissant pour tous les types de peau<br \/>\n\u2022 Sans aluminium ni bact\u00e9ricides<br \/>\n\u2022 L&rsquo;acide salicylique exfolie et aide \u00e0 combattre les poils incarn\u00e9s.<br \/>\n\u2022 Apaise et apaise la peau irrit\u00e9e<\/p>\n<p><img loading=\"lazy\" decoding=\"async\" class=\"alignnone wp-image-75217 size-large\" src=\"https:\/\/palmbaybeauty.com\/wp-content\/uploads\/2026\/02\/cruelty-labels-1024x242.jpg\" alt=\"\" width=\"1024\" height=\"242\" srcset=\"https:\/\/palmbaybeauty.com\/wp-content\/uploads\/2026\/02\/cruelty-labels-980x232.jpg 980w, https:\/\/palmbaybeauty.com\/wp-content\/uploads\/2026\/02\/cruelty-labels-480x114.jpg 480w\" sizes=\"(min-width: 0px) and (max-width: 480px) 480px, (min-width: 481px) and (max-width: 980px) 980px, (min-width: 981px) 1024px, 100vw\" \/><\/p>\n","protected":false},"excerpt":{"rendered":"<p>D\u00e9couvrez le d\u00e9odorant sans aluminium <strong>Vanille Noir<\/strong>, une solution douce et efficace pour rester frais toute la journ\u00e9e, sans produits chimiques agressifs comme l&rsquo;aluminium et les bact\u00e9ricides. Notre d\u00e9odorant exploite le pouvoir de la nature pour vous offrir une sensation de confiance et une protection contre les odeurs. Am\u00e9liorez votre routine quotidienne avec un d\u00e9odorant qui s&rsquo;inscrit dans votre engagement envers le bien-\u00eatre naturel. Essayez notre d\u00e9odorant sans aluminium d\u00e8s aujourd&rsquo;hui et voyez la diff\u00e9rence que des ingr\u00e9dients doux et naturels peuvent apporter \u00e0 votre fra\u00eecheur quotidienne. Il est temps d&rsquo;adopter une approche plus naturelle pour contr\u00f4ler les odeurs.    <\/p>\n<p>Si vous avez essay\u00e9 notre savon <strong>Sandy Beach<\/strong>, vous allez adorer notre d\u00e9odorant Vanille Noir au parfum similaire !<\/p>\n<p>Net Wt 2.5 oz<\/p>\n<div>\n<p><img loading=\"lazy\" decoding=\"async\" class=\"alignnone wp-image-75217 size-large\" src=\"https:\/\/palmbaybeauty.com\/wp-content\/uploads\/2026\/02\/cruelty-labels-1024x242.jpg\" alt=\"\" width=\"1024\" height=\"242\" srcset=\"https:\/\/palmbaybeauty.com\/wp-content\/uploads\/2026\/02\/cruelty-labels-980x232.jpg 980w, https:\/\/palmbaybeauty.com\/wp-content\/uploads\/2026\/02\/cruelty-labels-480x114.jpg 480w\" sizes=\"(min-width: 0px) and (max-width: 480px) 480px, (min-width: 481px) and (max-width: 980px) 980px, (min-width: 981px) 1024px, 100vw\" \/><\/p>\n<\/div>\n","protected":false},"featured_media":75829,"comment_status":"open","ping_status":"closed","template":"","meta":{"_et_pb_use_builder":"","_et_pb_old_content":"","_et_gb_content_width":""},"product_brand":[],"product_cat":[142],"product_tag":[],"giftcard-category":[],"class_list":{"0":"post-75333","1":"product","2":"type-product","3":"status-publish","4":"has-post-thumbnail","6":"product_cat-soins-corporels","8":"first","9":"instock","10":"taxable","11":"shipping-taxable","12":"purchasable","13":"product-type-simple"},"_links":{"self":[{"href":"https:\/\/palmbaybeauty.com\/fr\/wp-json\/wp\/v2\/product\/75333","targetHints":{"allow":["GET"]}}],"collection":[{"href":"https:\/\/palmbaybeauty.com\/fr\/wp-json\/wp\/v2\/product"}],"about":[{"href":"https:\/\/palmbaybeauty.com\/fr\/wp-json\/wp\/v2\/types\/product"}],"replies":[{"embeddable":true,"href":"https:\/\/palmbaybeauty.com\/fr\/wp-json\/wp\/v2\/comments?post=75333"}],"wp:featuredmedia":[{"embeddable":true,"href":"https:\/\/palmbaybeauty.com\/fr\/wp-json\/wp\/v2\/media\/75829"}],"wp:attachment":[{"href":"https:\/\/palmbaybeauty.com\/fr\/wp-json\/wp\/v2\/media?parent=75333"}],"wp:term":[{"taxonomy":"product_brand","embeddable":true,"href":"https:\/\/palmbaybeauty.com\/fr\/wp-json\/wp\/v2\/product_brand?post=75333"},{"taxonomy":"product_cat","embeddable":true,"href":"https:\/\/palmbaybeauty.com\/fr\/wp-json\/wp\/v2\/product_cat?post=75333"},{"taxonomy":"product_tag","embeddable":true,"href":"https:\/\/palmbaybeauty.com\/fr\/wp-json\/wp\/v2\/product_tag?post=75333"},{"taxonomy":"giftcard-category","embeddable":true,"href":"https:\/\/palmbaybeauty.com\/fr\/wp-json\/wp\/v2\/giftcard-category?post=75333"}],"curies":[{"name":"wp","href":"https:\/\/api.w.org\/{rel}","templated":true}]}}