{"id":75327,"date":"2026-02-18T10:31:24","date_gmt":"2026-02-18T15:31:24","guid":{"rendered":"https:\/\/palmbaybeauty.com\/product\/gel-douche-cool-mist\/"},"modified":"2026-03-24T15:22:11","modified_gmt":"2026-03-24T19:22:11","slug":"gel-douche-cool-mist","status":"publish","type":"product","link":"https:\/\/palmbaybeauty.com\/fr\/produit\/gel-douche-cool-mist\/","title":{"rendered":"Gel Douche Cool Mist"},"content":{"rendered":"<h2>Description<\/h2>\n<p>Offrez-vous une douche luxueuse avec notre gel douche naturel <strong>Cool Mist<\/strong>, sp\u00e9cialement formul\u00e9 avec des ingr\u00e9dients doux et efficaces qui laissent votre peau fra\u00eeche, propre et nourrie. Enrichi en aloe vera, en esters d&rsquo;olive et en camomille, ce gel douche est id\u00e9al pour un usage quotidien et convient \u00e0 tous les types de peau. <\/p>\n<p>L&rsquo;aloe vera contenu dans notre gel douche apaise et hydrate la peau, tandis que les esters d&rsquo;olive offrent une mousse onctueuse qui nettoie en douceur sans la dess\u00e9cher. L&rsquo;extrait de camomille aide \u00e0 calmer et apaiser la peau, la laissant douce et nourrie.<br \/>Formul\u00e9 \u00e0 partir d&rsquo;ingr\u00e9dients 100 % naturels, dont l&rsquo;alo\u00e8s, les esters d&rsquo;olive, la camomille et d&rsquo;autres huiles essentielles, ce gel douche est sans produits chimiques agressifs, sans parfums artificiels et sans parab\u00e8nes. Il convient donc \u00e0 tous les types de peau, m\u00eame les plus sensibles.  <\/p>\n<p>Net Wt 8 oz (237 mL)<\/p>\n<p><strong>INGR\u00c9DIENTS:<\/strong> Deionized Water, Cocamidopropyl Betaine, Sodium C14-16 Olefin Sulfonate, Phenoxyethanol, Caprylyl Glycol, Disodium Cocoamphodiacetate, Decyl Glucoside, Glycerin, Aloe Barbadensis Leaf Juice, Sodium Gluconate, Citric Acid, Fragrance.<\/p>\n<h3>B\u00e9n\u00e9fices:<\/h3>\n<p>\u2022 L&rsquo;alo\u00e8s aide \u00e0 calmer les irritations et les rougeurs, \u00e0 r\u00e9hydrater et \u00e0 adoucir la peau.<br \/>\n\u2022 La glyc\u00e9rine (v\u00e9g\u00e9tale) hydrate et aide \u00e0 pr\u00e9venir la perte d&rsquo;hydratation.<br \/>\n\u2022 Les esters d&rsquo;olive produisent une mousse riche qui nettoie en douceur sans dess\u00e9cher la peau de ses huiles naturelles.<br \/>\n\u2022 La camomille aide \u00e0 calmer et apaiser la peau, la laissant douce et nourrie.<\/p>\n<p><img loading=\"lazy\" decoding=\"async\" class=\"alignnone wp-image-75217 size-large\" src=\"https:\/\/palmbaybeauty.com\/wp-content\/uploads\/2026\/02\/cruelty-labels-1024x242.jpg\" alt=\"\" width=\"1024\" height=\"242\" srcset=\"https:\/\/palmbaybeauty.com\/wp-content\/uploads\/2026\/02\/cruelty-labels-980x232.jpg 980w, https:\/\/palmbaybeauty.com\/wp-content\/uploads\/2026\/02\/cruelty-labels-480x114.jpg 480w\" sizes=\"(min-width: 0px) and (max-width: 480px) 480px, (min-width: 481px) and (max-width: 980px) 980px, (min-width: 981px) 1024px, 100vw\" \/><\/p>\n","protected":false},"excerpt":{"rendered":"<p>Offrez-vous une douche luxueuse avec notre gel douche naturel <strong>Cool Mist<\/strong>, sp\u00e9cialement formul\u00e9 avec des ingr\u00e9dients doux et efficaces qui laissent votre peau fra\u00eeche, propre et nourrie. Enrichi en aloe vera, en esters d&rsquo;olive et en camomille, ce gel douche est id\u00e9al pour un usage quotidien et convient \u00e0 tous les types de peau. <\/p>\n<p>Net Wt 8 oz (237 mL)<\/p>\n<p><img loading=\"lazy\" decoding=\"async\" class=\"alignnone wp-image-75217 size-large\" src=\"https:\/\/palmbaybeauty.com\/wp-content\/uploads\/2026\/02\/cruelty-labels-1024x242.jpg\" alt=\"\" width=\"1024\" height=\"242\" srcset=\"https:\/\/palmbaybeauty.com\/wp-content\/uploads\/2026\/02\/cruelty-labels-980x232.jpg 980w, https:\/\/palmbaybeauty.com\/wp-content\/uploads\/2026\/02\/cruelty-labels-480x114.jpg 480w\" sizes=\"(min-width: 0px) and (max-width: 480px) 480px, (min-width: 481px) and (max-width: 980px) 980px, (min-width: 981px) 1024px, 100vw\" \/><\/p>\n","protected":false},"featured_media":75831,"comment_status":"open","ping_status":"closed","template":"","meta":{"_et_pb_use_builder":"","_et_pb_old_content":"","_et_gb_content_width":""},"product_brand":[],"product_cat":[114,142],"product_tag":[],"giftcard-category":[],"class_list":{"0":"post-75327","1":"product","2":"type-product","3":"status-publish","4":"has-post-thumbnail","6":"product_cat-bain-douche","7":"product_cat-soins-corporels","9":"first","10":"instock","11":"taxable","12":"shipping-taxable","13":"purchasable","14":"product-type-simple"},"_links":{"self":[{"href":"https:\/\/palmbaybeauty.com\/fr\/wp-json\/wp\/v2\/product\/75327","targetHints":{"allow":["GET"]}}],"collection":[{"href":"https:\/\/palmbaybeauty.com\/fr\/wp-json\/wp\/v2\/product"}],"about":[{"href":"https:\/\/palmbaybeauty.com\/fr\/wp-json\/wp\/v2\/types\/product"}],"replies":[{"embeddable":true,"href":"https:\/\/palmbaybeauty.com\/fr\/wp-json\/wp\/v2\/comments?post=75327"}],"wp:featuredmedia":[{"embeddable":true,"href":"https:\/\/palmbaybeauty.com\/fr\/wp-json\/wp\/v2\/media\/75831"}],"wp:attachment":[{"href":"https:\/\/palmbaybeauty.com\/fr\/wp-json\/wp\/v2\/media?parent=75327"}],"wp:term":[{"taxonomy":"product_brand","embeddable":true,"href":"https:\/\/palmbaybeauty.com\/fr\/wp-json\/wp\/v2\/product_brand?post=75327"},{"taxonomy":"product_cat","embeddable":true,"href":"https:\/\/palmbaybeauty.com\/fr\/wp-json\/wp\/v2\/product_cat?post=75327"},{"taxonomy":"product_tag","embeddable":true,"href":"https:\/\/palmbaybeauty.com\/fr\/wp-json\/wp\/v2\/product_tag?post=75327"},{"taxonomy":"giftcard-category","embeddable":true,"href":"https:\/\/palmbaybeauty.com\/fr\/wp-json\/wp\/v2\/giftcard-category?post=75327"}],"curies":[{"name":"wp","href":"https:\/\/api.w.org\/{rel}","templated":true}]}}