{"id":75319,"date":"2026-02-18T10:29:44","date_gmt":"2026-02-18T15:29:44","guid":{"rendered":"https:\/\/palmbaybeauty.com\/product\/shampooing-awaken\/"},"modified":"2026-02-27T23:40:03","modified_gmt":"2026-02-28T04:40:03","slug":"shampooing-awaken","status":"publish","type":"product","link":"https:\/\/palmbaybeauty.com\/fr\/produit\/shampooing-awaken\/","title":{"rendered":"Shampooing Awaken"},"content":{"rendered":"<h2>Description:<\/h2>\n<p>Offrez-vous les bienfaits revitalisants de notre shampooing naturel <strong>Awaken<\/strong> \u00e0 la menthe poivr\u00e9e, \u00e9labor\u00e9 \u00e0 partir de l&rsquo;essence vivifiante de la menthe poivr\u00e9e, des propri\u00e9t\u00e9s purifiantes de l&rsquo;arbre \u00e0 th\u00e9 et des vertus apaisantes de l&rsquo;extrait d&rsquo;\u00e9corce de saule blanc. Sp\u00e9cialement con\u00e7u pour nettoyer et purifier vos cheveux et votre cuir chevelu, ce shampooing r\u00e9g\u00e9n\u00e9rant leur procure une sensation de fra\u00eecheur, d&rsquo;harmonie et de vitalit\u00e9. <\/p>\n<p>La menthe poivr\u00e9e, reconnue pour ses propri\u00e9t\u00e9s rafra\u00eechissantes et revitalisantes, stimule le cuir chevelu et am\u00e9liore la circulation sanguine, favorisant ainsi une pousse saine des cheveux. Son ar\u00f4me vivifiant offre un agr\u00e9able voyage sensoriel et vous procure une sensation de fra\u00eecheur apr\u00e8s chaque lavage.<br \/>L&rsquo;huile d&rsquo;arbre \u00e0 th\u00e9, reconnue pour ses propri\u00e9t\u00e9s antifongiques et antibact\u00e9riennes naturelles, combat les pellicules, l&rsquo;exc\u00e8s de s\u00e9bum et les irritations du cuir chevelu. Elle purifie et rafra\u00eechit efficacement le cuir chevelu, cr\u00e9ant un environnement harmonieux et sain pour une chevelure resplendissante.  <\/p>\n<p><strong>INGR\u00c9DIENTS:<\/strong> Deionized Water, Alkyl Polyglucosides, Cocamidopropyl Betaine, Sodium Cocoamphoacetate, Aloe Barbadensis Leaf Juice, Cannabis Sativa (Hemp) Seed Oil, Sodium Chloride, Vegetable Glycerine, Panthenol (Pro-Vitamin BS), Salix Alba (White Willow) Bark Extract, Chamomilla Recutita (Matricaria) Flower Extract (Chamomile), Trifolium Pratense (Red Clover) Flower Extract, Sambucus Nigra (Elder) Flower Extract, Phenoxyethanol and Caprylyl Glycol (Optiphen\u00ae), Mentha Piperita (Peppermint) Oil, Melaleuca Alternifolia (Tea Tree) Leaf Oil<\/p>\n<h3>Principaux avantages :<\/h3>\n<p>\u2022 Revitalise les cheveux et le cuir chevelu gr\u00e2ce \u00e0 la menthe poivr\u00e9e vivifiante<br \/>\n\u2022 Combat les pellicules, l&rsquo;exc\u00e8s de s\u00e9bum et les irritations du cuir chevelu gr\u00e2ce \u00e0 l&rsquo;huile d&rsquo;arbre \u00e0 th\u00e9 purifiante.<br \/>\n\u2022 Apaise gr\u00e2ce \u00e0 l&rsquo;extrait calmant d&rsquo;\u00e9corce de saule blanc<\/p>\n<p>Net Wt 8 oz (237 mL)<\/p>\n<p><img loading=\"lazy\" decoding=\"async\" class=\"alignnone wp-image-75217 size-large\" src=\"https:\/\/palmbaybeauty.com\/wp-content\/uploads\/2026\/02\/cruelty-labels-1024x242.jpg\" alt=\"\" width=\"1024\" height=\"242\" srcset=\"https:\/\/palmbaybeauty.com\/wp-content\/uploads\/2026\/02\/cruelty-labels-980x232.jpg 980w, https:\/\/palmbaybeauty.com\/wp-content\/uploads\/2026\/02\/cruelty-labels-480x114.jpg 480w\" sizes=\"(min-width: 0px) and (max-width: 480px) 480px, (min-width: 481px) and (max-width: 980px) 980px, (min-width: 981px) 1024px, 100vw\" \/><\/p>\n","protected":false},"excerpt":{"rendered":"<p>Revitalisez vos cheveux et votre cuir chevelu avec notre shampooing <strong>Awaken<\/strong> Natural \u00e0 la menthe poivr\u00e9e, \u00e9labor\u00e9 avec expertise \u00e0 partir de menthe poivr\u00e9e vivifiante, d&rsquo;arbre \u00e0 th\u00e9 purifiant et d&rsquo;extrait d&rsquo;\u00e9corce de saule blanc apaisant. Obtenez des cheveux frais et \u00e9quilibr\u00e9s, une circulation sanguine am\u00e9lior\u00e9e et une exp\u00e9rience sensorielle unique, tout en luttant contre les pellicules et l&rsquo;exc\u00e8s de s\u00e9bum pour un cuir chevelu plus sain et harmonieux. <\/p>\n<p>Net Wt 8 oz (237 mL)<\/p>\n<p><img loading=\"lazy\" decoding=\"async\" class=\"alignnone wp-image-75217 size-large\" src=\"https:\/\/palmbaybeauty.com\/wp-content\/uploads\/2026\/02\/cruelty-labels-1024x242.jpg\" alt=\"\" width=\"1024\" height=\"242\" srcset=\"https:\/\/palmbaybeauty.com\/wp-content\/uploads\/2026\/02\/cruelty-labels-980x232.jpg 980w, https:\/\/palmbaybeauty.com\/wp-content\/uploads\/2026\/02\/cruelty-labels-480x114.jpg 480w\" sizes=\"(min-width: 0px) and (max-width: 480px) 480px, (min-width: 481px) and (max-width: 980px) 980px, (min-width: 981px) 1024px, 100vw\" \/><\/p>\n","protected":false},"featured_media":75839,"comment_status":"open","ping_status":"closed","template":"","meta":{"_et_pb_use_builder":"","_et_pb_old_content":"","_et_gb_content_width":""},"product_brand":[],"product_cat":[114],"product_tag":[],"giftcard-category":[],"class_list":{"0":"post-75319","1":"product","2":"type-product","3":"status-publish","4":"has-post-thumbnail","6":"product_cat-bain-douche","8":"first","9":"instock","10":"taxable","11":"shipping-taxable","12":"purchasable","13":"product-type-simple"},"_links":{"self":[{"href":"https:\/\/palmbaybeauty.com\/fr\/wp-json\/wp\/v2\/product\/75319","targetHints":{"allow":["GET"]}}],"collection":[{"href":"https:\/\/palmbaybeauty.com\/fr\/wp-json\/wp\/v2\/product"}],"about":[{"href":"https:\/\/palmbaybeauty.com\/fr\/wp-json\/wp\/v2\/types\/product"}],"replies":[{"embeddable":true,"href":"https:\/\/palmbaybeauty.com\/fr\/wp-json\/wp\/v2\/comments?post=75319"}],"wp:featuredmedia":[{"embeddable":true,"href":"https:\/\/palmbaybeauty.com\/fr\/wp-json\/wp\/v2\/media\/75839"}],"wp:attachment":[{"href":"https:\/\/palmbaybeauty.com\/fr\/wp-json\/wp\/v2\/media?parent=75319"}],"wp:term":[{"taxonomy":"product_brand","embeddable":true,"href":"https:\/\/palmbaybeauty.com\/fr\/wp-json\/wp\/v2\/product_brand?post=75319"},{"taxonomy":"product_cat","embeddable":true,"href":"https:\/\/palmbaybeauty.com\/fr\/wp-json\/wp\/v2\/product_cat?post=75319"},{"taxonomy":"product_tag","embeddable":true,"href":"https:\/\/palmbaybeauty.com\/fr\/wp-json\/wp\/v2\/product_tag?post=75319"},{"taxonomy":"giftcard-category","embeddable":true,"href":"https:\/\/palmbaybeauty.com\/fr\/wp-json\/wp\/v2\/giftcard-category?post=75319"}],"curies":[{"name":"wp","href":"https:\/\/api.w.org\/{rel}","templated":true}]}}