{"id":75314,"date":"2026-02-03T15:07:20","date_gmt":"2026-02-03T20:07:20","guid":{"rendered":"https:\/\/palmbaybeauty.com\/product\/savon-pour-les-mains-tranquil-grove\/"},"modified":"2026-04-15T07:16:56","modified_gmt":"2026-04-15T11:16:56","slug":"savon-pour-les-mains-tranquil-grove","status":"publish","type":"product","link":"https:\/\/palmbaybeauty.com\/fr\/produit\/savon-pour-les-mains-tranquil-grove\/","title":{"rendered":"Savon pour les mains Tranquil Grove"},"content":{"rendered":"<h2>Description<\/h2>\n<p>D\u00e9couvrez l&rsquo;alliance parfaite de la propret\u00e9 et du soin avec notre savon moussant naturel pour les mains <strong>Tranquil Grove<\/strong>, enrichi en esters d&rsquo;olive nourrissants.<br \/>\nD\u00e9couvrez notre savon moussant naturel pour les mains, enrichi des bienfaits des esters d&rsquo;olive, con\u00e7u pour transformer votre routine quotidienne d&rsquo;hygi\u00e8ne des mains en une exp\u00e9rience apaisante et revitalisante.<\/p>\n<p>La <strong data-start=\"42\" data-end=\"66\">Bergamote et la Camomille<\/strong> allient des notes d&rsquo;agrumes p\u00e9tillantes \u00e0 de douces notes florales et herbac\u00e9es pour un nettoyage apaisant, digne d&rsquo;un spa, qui laisse les mains rafra\u00eechies, \u00e9quilibr\u00e9es et l\u00e9g\u00e8rement parfum\u00e9es.<\/p>\n<p><strong>Nettoyage en douceur : <\/strong>Formul\u00e9 dans le respect du bien-\u00eatre de votre peau, notre savon moussant pour les mains nettoie efficacement tout en pr\u00e9servant la barri\u00e8re d&rsquo;hydratation naturelle de votre peau, pour un lavage doux et non dess\u00e9chant.<\/p>\n<p><strong>Naturellement rafra\u00eechissant :<\/strong> Profitez d&rsquo;un parfum d\u00e9licat et naturel \u00e0 chaque utilisation, pour des mains propres et rafra\u00eechies en toute s\u00e9r\u00e9nit\u00e9.<br \/>\n\u00c9labor\u00e9 avec soin et dans le respect de la nature, notre savon moussant naturel pour les mains aux esters d&rsquo;olive incarne un soin des mains sain et durable. Rehaussez votre routine de lavage des mains, d\u00e9couvrez les bienfaits des esters d&rsquo;olive et savourez la sensation de mains propres et nourries. Go\u00fbtez \u00e0 l&rsquo;essence m\u00eame de la puret\u00e9 \u00e0 chaque pression.  <\/p>\n<p>Net Wt 8 oz (257 mL)<\/p>\n<p><strong>INGR\u00c9DIENTS: <\/strong>Deionized Water, Cocamidopropyl Betaine, Sodium C14-16 Olefin Sulfonate, Sodium Lauryl Sulfoacetate, Disodium Laureth Sulfosuccinate, Cucumis Sativus (Cucumber) Seed Extract, Chamomilla Recutita (Matricaria) Flower Extract, Glycerin, Sodium Gluconate, Phenoxyethanol, Caprylyl Glycol, Citric Acid, Polysorbate 20, Fragrance.<\/p>\n<h3>Principaux avantages :<\/h3>\n<p>\u2022 Esters d&rsquo;olive : Notre savon pour les mains est enrichi en esters d&rsquo;olive, reconnus pour leurs propri\u00e9t\u00e9s hydratantes. Ces \u00e9mollients naturels retiennent l&rsquo;hydratation, laissant votre peau douce, lisse et magnifiquement hydrat\u00e9e. <\/p>\n<p><img loading=\"lazy\" decoding=\"async\" class=\"alignnone wp-image-75217 size-large\" src=\"https:\/\/palmbaybeauty.com\/wp-content\/uploads\/2026\/02\/cruelty-labels-1024x242.jpg\" alt=\"\" width=\"1024\" height=\"242\" srcset=\"https:\/\/palmbaybeauty.com\/wp-content\/uploads\/2026\/02\/cruelty-labels-980x232.jpg 980w, https:\/\/palmbaybeauty.com\/wp-content\/uploads\/2026\/02\/cruelty-labels-480x114.jpg 480w\" sizes=\"(min-width: 0px) and (max-width: 480px) 480px, (min-width: 481px) and (max-width: 980px) 980px, (min-width: 981px) 1024px, 100vw\" \/><\/p>\n","protected":false},"excerpt":{"rendered":"<div>\n<p>D\u00e9couvrez l&rsquo;alliance parfaite de la propret\u00e9 et du soin avec notre savon moussant naturel pour les mains, enrichi d&rsquo;esters d&rsquo;olive nourrissants.<\/p>\n<\/div>\n<div>\n<p>D\u00e9couvrez notre savon moussant naturel pour les mains <strong>Tranquil Grove<\/strong>, enrichi des bienfaits des esters d&rsquo;olive, con\u00e7u pour transformer votre routine quotidienne d&rsquo;hygi\u00e8ne des mains en une exp\u00e9rience apaisante et revitalisante.<\/p>\n<p>La <strong data-start=\"42\" data-end=\"66\">Bergamote et la Camomille<\/strong> allient des notes d&rsquo;agrumes p\u00e9tillantes \u00e0 de douces notes florales et herbac\u00e9es pour un nettoyage apaisant, digne d&rsquo;un spa, qui laisse les mains rafra\u00eechies, \u00e9quilibr\u00e9es et l\u00e9g\u00e8rement parfum\u00e9es.<\/p>\n<p>Net Wt 8 oz (257 mL)<\/p>\n<div>\n<p><img loading=\"lazy\" decoding=\"async\" class=\"alignnone wp-image-75217 size-large\" src=\"https:\/\/palmbaybeauty.com\/wp-content\/uploads\/2026\/02\/cruelty-labels-1024x242.jpg\" alt=\"\" width=\"1024\" height=\"242\" srcset=\"https:\/\/palmbaybeauty.com\/wp-content\/uploads\/2026\/02\/cruelty-labels-980x232.jpg 980w, https:\/\/palmbaybeauty.com\/wp-content\/uploads\/2026\/02\/cruelty-labels-480x114.jpg 480w\" sizes=\"(min-width: 0px) and (max-width: 480px) 480px, (min-width: 481px) and (max-width: 980px) 980px, (min-width: 981px) 1024px, 100vw\" \/><\/p>\n<\/div>\n<\/div>\n","protected":false},"featured_media":75833,"comment_status":"open","ping_status":"closed","template":"","meta":{"_et_pb_use_builder":"","_et_pb_old_content":"","_et_gb_content_width":""},"product_brand":[],"product_cat":[114,142],"product_tag":[],"giftcard-category":[],"class_list":{"0":"post-75314","1":"product","2":"type-product","3":"status-publish","4":"has-post-thumbnail","6":"product_cat-bain-douche","7":"product_cat-soins-corporels","9":"first","10":"instock","11":"taxable","12":"shipping-taxable","13":"purchasable","14":"product-type-simple"},"_links":{"self":[{"href":"https:\/\/palmbaybeauty.com\/fr\/wp-json\/wp\/v2\/product\/75314","targetHints":{"allow":["GET"]}}],"collection":[{"href":"https:\/\/palmbaybeauty.com\/fr\/wp-json\/wp\/v2\/product"}],"about":[{"href":"https:\/\/palmbaybeauty.com\/fr\/wp-json\/wp\/v2\/types\/product"}],"replies":[{"embeddable":true,"href":"https:\/\/palmbaybeauty.com\/fr\/wp-json\/wp\/v2\/comments?post=75314"}],"wp:featuredmedia":[{"embeddable":true,"href":"https:\/\/palmbaybeauty.com\/fr\/wp-json\/wp\/v2\/media\/75833"}],"wp:attachment":[{"href":"https:\/\/palmbaybeauty.com\/fr\/wp-json\/wp\/v2\/media?parent=75314"}],"wp:term":[{"taxonomy":"product_brand","embeddable":true,"href":"https:\/\/palmbaybeauty.com\/fr\/wp-json\/wp\/v2\/product_brand?post=75314"},{"taxonomy":"product_cat","embeddable":true,"href":"https:\/\/palmbaybeauty.com\/fr\/wp-json\/wp\/v2\/product_cat?post=75314"},{"taxonomy":"product_tag","embeddable":true,"href":"https:\/\/palmbaybeauty.com\/fr\/wp-json\/wp\/v2\/product_tag?post=75314"},{"taxonomy":"giftcard-category","embeddable":true,"href":"https:\/\/palmbaybeauty.com\/fr\/wp-json\/wp\/v2\/giftcard-category?post=75314"}],"curies":[{"name":"wp","href":"https:\/\/api.w.org\/{rel}","templated":true}]}}