{"id":74816,"date":"2025-12-29T11:53:08","date_gmt":"2025-12-29T16:53:08","guid":{"rendered":"https:\/\/palmbaybeauty.com\/product\/plateau-a-savon\/"},"modified":"2025-12-31T09:36:07","modified_gmt":"2025-12-31T14:36:07","slug":"plateau-a-savon","status":"publish","type":"product","link":"https:\/\/palmbaybeauty.com\/fr\/produit\/plateau-a-savon\/","title":{"rendered":"Plateau \u00e0 savon"},"content":{"rendered":"<p>Fabriqu\u00e9 \u00e0 partir de mat\u00e9riaux biod\u00e9gradables et non toxiques d&rsquo;origine v\u00e9g\u00e9tale d\u00e9riv\u00e9s de la canne \u00e0 sucre et du ma\u00efs. Dimensions : 3,5 po x 3,5 po. <\/p>\n<p>Con\u00e7u et fabriqu\u00e9 au Canada, ce plateau permet de garder le savon au sec entre deux utilisations tout en offrant une alternative \u00e9cologique aux mat\u00e9riaux traditionnels.<\/p>\n<p>Entretien : rincer uniquement \u00e0 l\u2019eau froide. \u00c9viter la chaleur et le lave-vaisselle. <\/p>\n<p><strong>*Savon non inclus<\/strong><\/p>\n","protected":false},"excerpt":{"rendered":"<p>Fabriqu\u00e9 \u00e0 partir de mat\u00e9riaux biod\u00e9gradables et non toxiques d&rsquo;origine v\u00e9g\u00e9tale d\u00e9riv\u00e9s de la canne \u00e0 sucre et du ma\u00efs. Dimensions : 3,5 po x 3,5 po. <\/p>\n<p>Con\u00e7u et fabriqu\u00e9 au Canada, ce plateau permet de garder le savon au sec entre deux utilisations tout en offrant une alternative \u00e9cologique aux mat\u00e9riaux traditionnels.<\/p>\n<p>Entretien : rincer uniquement \u00e0 l\u2019eau froide. \u00c9viter la chaleur et le lave-vaisselle. <\/p>\n<p><strong>*Savon non inclus<\/strong><\/p>\n","protected":false},"featured_media":75702,"comment_status":"open","ping_status":"closed","template":"","meta":{"_et_pb_use_builder":"","_et_pb_old_content":"","_et_gb_content_width":""},"product_brand":[],"product_cat":[114],"product_tag":[],"giftcard-category":[],"class_list":{"0":"post-74816","1":"product","2":"type-product","3":"status-publish","4":"has-post-thumbnail","6":"product_cat-bain-douche","8":"first","9":"instock","10":"taxable","11":"shipping-taxable","12":"purchasable","13":"product-type-variable"},"_links":{"self":[{"href":"https:\/\/palmbaybeauty.com\/fr\/wp-json\/wp\/v2\/product\/74816","targetHints":{"allow":["GET"]}}],"collection":[{"href":"https:\/\/palmbaybeauty.com\/fr\/wp-json\/wp\/v2\/product"}],"about":[{"href":"https:\/\/palmbaybeauty.com\/fr\/wp-json\/wp\/v2\/types\/product"}],"replies":[{"embeddable":true,"href":"https:\/\/palmbaybeauty.com\/fr\/wp-json\/wp\/v2\/comments?post=74816"}],"wp:featuredmedia":[{"embeddable":true,"href":"https:\/\/palmbaybeauty.com\/fr\/wp-json\/wp\/v2\/media\/75702"}],"wp:attachment":[{"href":"https:\/\/palmbaybeauty.com\/fr\/wp-json\/wp\/v2\/media?parent=74816"}],"wp:term":[{"taxonomy":"product_brand","embeddable":true,"href":"https:\/\/palmbaybeauty.com\/fr\/wp-json\/wp\/v2\/product_brand?post=74816"},{"taxonomy":"product_cat","embeddable":true,"href":"https:\/\/palmbaybeauty.com\/fr\/wp-json\/wp\/v2\/product_cat?post=74816"},{"taxonomy":"product_tag","embeddable":true,"href":"https:\/\/palmbaybeauty.com\/fr\/wp-json\/wp\/v2\/product_tag?post=74816"},{"taxonomy":"giftcard-category","embeddable":true,"href":"https:\/\/palmbaybeauty.com\/fr\/wp-json\/wp\/v2\/giftcard-category?post=74816"}],"curies":[{"name":"wp","href":"https:\/\/api.w.org\/{rel}","templated":true}]}}