{"id":74706,"date":"2025-12-11T11:06:00","date_gmt":"2025-12-11T16:06:00","guid":{"rendered":"https:\/\/palmbaybeauty.com\/?post_type=product&#038;p=74706"},"modified":"2025-12-11T11:24:13","modified_gmt":"2025-12-11T16:24:13","slug":"cartes-cadeaux-palm-bay-beaute","status":"publish","type":"product","link":"https:\/\/palmbaybeauty.com\/fr\/produit\/cartes-cadeaux-palm-bay-beaute\/","title":{"rendered":"Cartes-cadeaux Palm Bay Beaut\u00e9"},"content":{"rendered":"<p>Offrez le luxe en cadeau avec les <strong>cartes-cadeaux <\/strong>Palm Bay Beaut\u00e9.<\/p>\n<p>Disponible en montants de 25$ &#8211; 200$. Parfait pour toutes les occasions, ces cartes permettent \u00e0 vos proches de choisir parmi nos produits de maquillage et de soins haut de gamme et sans cruaut\u00e9. Une fa\u00e7on r\u00e9fl\u00e9chie de partager la beaut\u00e9, la confiance et les soins personnels.<\/p>\n<p><strong>Remarque : Il s&rsquo;agit de cartes-cadeaux physiques qui vous seront envoy\u00e9es par la poste<\/strong>.<\/p>\n","protected":false},"excerpt":{"rendered":"<p>Offrez le luxe en cadeau avec les <strong>cartes-cadeaux <\/strong>Palm Bay Beaut\u00e9.<\/p>\n<p>Disponible en montants de 25$ &#8211; 200$. Parfait pour toutes les occasions, ces cartes permettent \u00e0 vos proches de choisir parmi nos produits de maquillage et de soins haut de gamme et sans cruaut\u00e9. Une fa\u00e7on r\u00e9fl\u00e9chie de partager la beaut\u00e9, la confiance et les soins personnels.<\/p>\n<p><strong>Remarque : Il s&rsquo;agit de cartes-cadeaux physiques qui vous seront envoy\u00e9es par la poste<\/strong>.<\/p>\n","protected":false},"featured_media":74708,"comment_status":"closed","ping_status":"closed","template":"","meta":{"_et_pb_use_builder":"","_et_pb_old_content":"","_et_gb_content_width":""},"product_brand":[85],"product_cat":[120],"product_tag":[],"giftcard-category":[],"class_list":{"0":"post-74706","1":"product","2":"type-product","3":"status-publish","4":"has-post-thumbnail","6":"product_brand-palm-bay-beauty","7":"product_cat-palm-bay-swag-fr","9":"first","10":"instock","11":"purchasable","12":"product-type-variable"},"_links":{"self":[{"href":"https:\/\/palmbaybeauty.com\/fr\/wp-json\/wp\/v2\/product\/74706","targetHints":{"allow":["GET"]}}],"collection":[{"href":"https:\/\/palmbaybeauty.com\/fr\/wp-json\/wp\/v2\/product"}],"about":[{"href":"https:\/\/palmbaybeauty.com\/fr\/wp-json\/wp\/v2\/types\/product"}],"replies":[{"embeddable":true,"href":"https:\/\/palmbaybeauty.com\/fr\/wp-json\/wp\/v2\/comments?post=74706"}],"wp:featuredmedia":[{"embeddable":true,"href":"https:\/\/palmbaybeauty.com\/fr\/wp-json\/wp\/v2\/media\/74708"}],"wp:attachment":[{"href":"https:\/\/palmbaybeauty.com\/fr\/wp-json\/wp\/v2\/media?parent=74706"}],"wp:term":[{"taxonomy":"product_brand","embeddable":true,"href":"https:\/\/palmbaybeauty.com\/fr\/wp-json\/wp\/v2\/product_brand?post=74706"},{"taxonomy":"product_cat","embeddable":true,"href":"https:\/\/palmbaybeauty.com\/fr\/wp-json\/wp\/v2\/product_cat?post=74706"},{"taxonomy":"product_tag","embeddable":true,"href":"https:\/\/palmbaybeauty.com\/fr\/wp-json\/wp\/v2\/product_tag?post=74706"},{"taxonomy":"giftcard-category","embeddable":true,"href":"https:\/\/palmbaybeauty.com\/fr\/wp-json\/wp\/v2\/giftcard-category?post=74706"}],"curies":[{"name":"wp","href":"https:\/\/api.w.org\/{rel}","templated":true}]}}