{"id":74590,"date":"2025-11-25T12:17:55","date_gmt":"2025-11-25T17:17:55","guid":{"rendered":"https:\/\/palmbaybeauty.com\/?post_type=product&#038;p=74590"},"modified":"2026-03-04T14:46:01","modified_gmt":"2026-03-04T19:46:01","slug":"savon-de-luxe-birch-breeze-copy","status":"publish","type":"product","link":"https:\/\/palmbaybeauty.com\/fr\/produit\/savon-de-luxe-birch-breeze-copy\/","title":{"rendered":"Velvet Smoke &#8211; Savon naturel de luxe"},"content":{"rendered":"<p>Laissez-vous envo\u00fbter par l&rsquo;ar\u00f4me profond et captivant de Velvet Smoke, un m\u00e9lange luxueux et fum\u00e9, cr\u00e9\u00e9 pour celles et ceux qui appr\u00e9cient les fragrances audacieuses et raffin\u00e9es. Ce savon artisanal associe le pr\u00e9cieux oud, le santal chaleureux et le v\u00e9tiver terreux pour cr\u00e9er un parfum sophistiqu\u00e9 qui persiste d\u00e9licatement sur la peau. <\/p>\n<p>Coul\u00e9 \u00e0 la main en petites quantit\u00e9s, Velvet Smoke offre une mousse riche et onctueuse qui nettoie en douceur tout en laissant votre peau douce, nourrie et subtilement parfum\u00e9e. Myst\u00e9rieux, onctueux et d&rsquo;une \u00e9l\u00e9gance irr\u00e9sistible, ce savon est aussi doux que du velours et exhale un parfum de pur plaisir. <\/p>\n<p>Id\u00e9al pour offrir ou pour agr\u00e9menter votre routine quotidienne.<\/p>\n<p><strong>Ingredients:<\/strong><br \/>\nOlea europaea oil, cocos nucifera oil, aqua, butyrospermum parkii butter, garcinia indica seed butter, ricinus communis seed oil, helianthus annuus seed oil, sodium hydroxide, phthalate free parfum, kaolin clay, mica, titanium dioxide.<\/p>\n<p><strong>Directions:<\/strong><br \/>\nConserver sur un porte-savon lorsqu&rsquo;il n&rsquo;est pas utilis\u00e9. Faire mousser avec de l&rsquo;eau sur les mains, le visage et le corps. <\/p>\n<div class=\"page\" title=\"Page 1\">\n<div class=\"layoutArea\">\n<div class=\"column\">\n<p>3.5oz\/100g<\/p>\n<p><img loading=\"lazy\" decoding=\"async\" class=\"alignnone size-full wp-image-75572\" src=\"https:\/\/palmbaybeauty.com\/wp-content\/uploads\/2025\/08\/cruelty-labels-soaps-2.jpg\" alt=\"\" width=\"750\" height=\"227\" srcset=\"https:\/\/palmbaybeauty.com\/wp-content\/uploads\/2025\/08\/cruelty-labels-soaps-2.jpg 750w, https:\/\/palmbaybeauty.com\/wp-content\/uploads\/2025\/08\/cruelty-labels-soaps-2-480x145.jpg 480w\" sizes=\"(min-width: 0px) and (max-width: 480px) 480px, (min-width: 481px) 750px, 100vw\" \/><\/p>\n<\/div>\n<\/div>\n<\/div>\n","protected":false},"excerpt":{"rendered":"<p>Laissez-vous envo\u00fbter par l&rsquo;ar\u00f4me profond et captivant de Velvet Smoke, un m\u00e9lange luxueux et fum\u00e9, cr\u00e9\u00e9 pour celles et ceux qui appr\u00e9cient les fragrances audacieuses et raffin\u00e9es. Ce savon artisanal associe le pr\u00e9cieux oud, le santal chaleureux et le v\u00e9tiver terreux pour cr\u00e9er un parfum sophistiqu\u00e9 qui persiste d\u00e9licatement sur la peau. <\/p>\n<p><img loading=\"lazy\" decoding=\"async\" class=\"alignnone size-full wp-image-75572\" src=\"https:\/\/palmbaybeauty.com\/wp-content\/uploads\/2025\/08\/cruelty-labels-soaps-2.jpg\" alt=\"\" width=\"750\" height=\"227\" srcset=\"https:\/\/palmbaybeauty.com\/wp-content\/uploads\/2025\/08\/cruelty-labels-soaps-2.jpg 750w, https:\/\/palmbaybeauty.com\/wp-content\/uploads\/2025\/08\/cruelty-labels-soaps-2-480x145.jpg 480w\" sizes=\"(min-width: 0px) and (max-width: 480px) 480px, (min-width: 481px) 750px, 100vw\" \/><\/p>\n","protected":false},"featured_media":74592,"comment_status":"open","ping_status":"closed","template":"","meta":{"_et_pb_use_builder":"","_et_pb_old_content":"","_et_gb_content_width":""},"product_brand":[],"product_cat":[115,133],"product_tag":[],"giftcard-category":[],"class_list":{"0":"post-74590","1":"product","2":"type-product","3":"status-publish","4":"has-post-thumbnail","6":"product_cat-produits-populaires","7":"product_cat-savon-naturel","9":"first","10":"instock","11":"taxable","12":"shipping-taxable","13":"purchasable","14":"product-type-simple"},"_links":{"self":[{"href":"https:\/\/palmbaybeauty.com\/fr\/wp-json\/wp\/v2\/product\/74590","targetHints":{"allow":["GET"]}}],"collection":[{"href":"https:\/\/palmbaybeauty.com\/fr\/wp-json\/wp\/v2\/product"}],"about":[{"href":"https:\/\/palmbaybeauty.com\/fr\/wp-json\/wp\/v2\/types\/product"}],"replies":[{"embeddable":true,"href":"https:\/\/palmbaybeauty.com\/fr\/wp-json\/wp\/v2\/comments?post=74590"}],"wp:featuredmedia":[{"embeddable":true,"href":"https:\/\/palmbaybeauty.com\/fr\/wp-json\/wp\/v2\/media\/74592"}],"wp:attachment":[{"href":"https:\/\/palmbaybeauty.com\/fr\/wp-json\/wp\/v2\/media?parent=74590"}],"wp:term":[{"taxonomy":"product_brand","embeddable":true,"href":"https:\/\/palmbaybeauty.com\/fr\/wp-json\/wp\/v2\/product_brand?post=74590"},{"taxonomy":"product_cat","embeddable":true,"href":"https:\/\/palmbaybeauty.com\/fr\/wp-json\/wp\/v2\/product_cat?post=74590"},{"taxonomy":"product_tag","embeddable":true,"href":"https:\/\/palmbaybeauty.com\/fr\/wp-json\/wp\/v2\/product_tag?post=74590"},{"taxonomy":"giftcard-category","embeddable":true,"href":"https:\/\/palmbaybeauty.com\/fr\/wp-json\/wp\/v2\/giftcard-category?post=74590"}],"curies":[{"name":"wp","href":"https:\/\/api.w.org\/{rel}","templated":true}]}}