{"id":74357,"date":"2025-10-17T14:05:42","date_gmt":"2025-10-17T18:05:42","guid":{"rendered":"https:\/\/palmbaybeauty.com\/?post_type=product&#038;p=74357"},"modified":"2025-10-20T13:39:33","modified_gmt":"2025-10-20T17:39:33","slug":"bougie-parfumee-ocean-copy-copy-copy-copy","status":"publish","type":"product","link":"https:\/\/palmbaybeauty.com\/fr\/produit\/bougie-parfumee-ocean-copy-copy-copy-copy\/","title":{"rendered":"Bougie parfum\u00e9e &#8211; Teakwood"},"content":{"rendered":"<h3>Description<\/h3>\n<p>Plongez vos sens dans l&rsquo;ar\u00f4me riche et enveloppant du Bois de Teck, un m\u00e9lange intemporel de bois chaleureux, de cuir et d&rsquo;\u00e9pices subtiles. Ce parfum sophistiqu\u00e9 \u00e9voque le confort d&rsquo;un havre de paix, berc\u00e9 par la force apaisante de la nature. Coul\u00e9e \u00e0 la main au Canada avec un m\u00e9lange de cire de soja naturelle, notre bougie Bois de Teck br\u00fble proprement et uniform\u00e9ment, emplissant votre espace d&rsquo;une \u00e9l\u00e9gance masculine et r\u00e9confortante. Id\u00e9ale pour se d\u00e9tendre apr\u00e8s une longue journ\u00e9e ou pour cr\u00e9er une ambiance raffin\u00e9e dans n&rsquo;importe quelle pi\u00e8ce.   <\/p>\n<p>Que vous souhaitiez vous d\u00e9tendre apr\u00e8s une longue journ\u00e9e ou donner le ton \u00e0 un travail concentr\u00e9, notre luxueuse collection de bougies est con\u00e7ue pour apaiser et inspirer.<\/p>\n<p>Chaque chandelle est coul\u00e9e \u00e0 la main en petits lots, v\u00e9g\u00e9talienne et sans cruaut\u00e9, et sans colorants artificiels ni additifs synth\u00e9tiques.<\/p>\n<p>Fabriqu\u00e9 au Canada<\/p>\n<h3>B\u00e9n\u00e9fices<\/h3>\n<p><strong>\u2022 Parfum exotique et complexe:<\/strong> Un m\u00e9lange harmonieux d&rsquo;\u00e9pices, de bois de teck, de cuir et d&rsquo;acajou pour une exp\u00e9rience parfum\u00e9e luxueuse unique.<br \/>\n<strong>\u2022 Coul\u00e9 \u00e0 la main au Canada:<\/strong> Fabriqu\u00e9 avec soin et attention aux d\u00e9tails par des artisans locaux.<br \/>\n<strong>\u2022 Cire de soja \u00e9cologique:<\/strong> combustion propre et durable, ce qui en fait un choix sans culpabilit\u00e9.<br \/>\n<strong>\u2022 Combustion longue dur\u00e9e:<\/strong> profitez jusqu&rsquo;\u00e0 50 heures de parfum qui persiste magnifiquement.<br \/>\n<strong>\u2022 Perfect for Gifting:<\/strong> \u00e9l\u00e9gamment emball\u00e9, id\u00e9al pour les anniversaires, les vacances ou comme cadeau pour ceux qui appr\u00e9cient les parfums luxueux.<\/p>\n<h3>Application<\/h3>\n<p>AVERTISSEMENT : Br\u00fblez sur une surface stable et r\u00e9sistante \u00e0 la chaleur, \u00e0 l\u2019abri des courants d\u2019air et des mati\u00e8res inflammables. Tenez-le \u00e0 la vue des enfants et des animaux. La bo\u00eete ou le bocal peut chauffer pendant l\u2019utilisation. Laissez-le refroidir avant de le manipuler. Ne br\u00fblez pas plus de 3 heures d\u2019affil\u00e9e. Maintenez la m\u00e8che centr\u00e9e et la cire exempte de d\u00e9bris. Coupez la m\u00e8che \u00e0 6 mm avant chaque allumage. Cessez l\u2019utilisation lorsqu\u2019il reste 6 mm de cire.       <\/p>\n<h3>Ingr\u00e9dients<\/h3>\n<p>Cire de soja, parfum<\/p>\n","protected":false},"excerpt":{"rendered":"<p>Plongez vos sens dans l&rsquo;ar\u00f4me riche et enveloppant du Bois de Teck, un m\u00e9lange intemporel de bois chaleureux, de cuir et d&rsquo;\u00e9pices subtiles. Ce parfum sophistiqu\u00e9 \u00e9voque le confort d&rsquo;un havre de paix, berc\u00e9 par la force apaisante de la nature. Coul\u00e9e \u00e0 la main au Canada avec un m\u00e9lange de cire de soja naturelle, notre bougie Teakwood proprement et uniform\u00e9ment, emplissant votre espace d&rsquo;une \u00e9l\u00e9gance masculine et r\u00e9confortante. Id\u00e9ale pour se d\u00e9tendre apr\u00e8s une longue journ\u00e9e ou pour cr\u00e9er une ambiance raffin\u00e9e dans n&rsquo;importe quelle pi\u00e8ce.   <\/p>\n<p>Que vous souhaitiez vous d\u00e9tendre apr\u00e8s une longue journ\u00e9e ou donner le ton \u00e0 un travail concentr\u00e9, notre luxueuse collection de bougies est con\u00e7ue pour apaiser et inspirer.<\/p>\n<p>Chaque chandelle est coul\u00e9e \u00e0 la main en petits lots, v\u00e9g\u00e9talienne et sans cruaut\u00e9, et sans colorants artificiels ni additifs synth\u00e9tiques.<\/p>\n<p>Fabriqu\u00e9 au Canada<\/p>\n","protected":false},"featured_media":75496,"comment_status":"open","ping_status":"closed","template":"","meta":{"_et_pb_use_builder":"","_et_pb_old_content":"","_et_gb_content_width":""},"product_brand":[],"product_cat":[113],"product_tag":[],"giftcard-category":[],"class_list":{"0":"post-74357","1":"product","2":"type-product","3":"status-publish","4":"has-post-thumbnail","6":"product_cat-aromatherapie","8":"first","9":"instock","10":"taxable","11":"shipping-taxable","12":"purchasable","13":"product-type-variable"},"_links":{"self":[{"href":"https:\/\/palmbaybeauty.com\/fr\/wp-json\/wp\/v2\/product\/74357","targetHints":{"allow":["GET"]}}],"collection":[{"href":"https:\/\/palmbaybeauty.com\/fr\/wp-json\/wp\/v2\/product"}],"about":[{"href":"https:\/\/palmbaybeauty.com\/fr\/wp-json\/wp\/v2\/types\/product"}],"replies":[{"embeddable":true,"href":"https:\/\/palmbaybeauty.com\/fr\/wp-json\/wp\/v2\/comments?post=74357"}],"wp:featuredmedia":[{"embeddable":true,"href":"https:\/\/palmbaybeauty.com\/fr\/wp-json\/wp\/v2\/media\/75496"}],"wp:attachment":[{"href":"https:\/\/palmbaybeauty.com\/fr\/wp-json\/wp\/v2\/media?parent=74357"}],"wp:term":[{"taxonomy":"product_brand","embeddable":true,"href":"https:\/\/palmbaybeauty.com\/fr\/wp-json\/wp\/v2\/product_brand?post=74357"},{"taxonomy":"product_cat","embeddable":true,"href":"https:\/\/palmbaybeauty.com\/fr\/wp-json\/wp\/v2\/product_cat?post=74357"},{"taxonomy":"product_tag","embeddable":true,"href":"https:\/\/palmbaybeauty.com\/fr\/wp-json\/wp\/v2\/product_tag?post=74357"},{"taxonomy":"giftcard-category","embeddable":true,"href":"https:\/\/palmbaybeauty.com\/fr\/wp-json\/wp\/v2\/giftcard-category?post=74357"}],"curies":[{"name":"wp","href":"https:\/\/api.w.org\/{rel}","templated":true}]}}