{"id":74346,"date":"2025-10-17T14:01:03","date_gmt":"2025-10-17T18:01:03","guid":{"rendered":"https:\/\/palmbaybeauty.com\/?post_type=product&#038;p=74346"},"modified":"2026-04-27T15:12:01","modified_gmt":"2026-04-27T19:12:01","slug":"bougie-parfumee-ocean-copy-copy-copy","status":"publish","type":"product","link":"https:\/\/palmbaybeauty.com\/fr\/produit\/bougie-parfumee-ocean-copy-copy-copy\/","title":{"rendered":"Bougie parfum\u00e9e &#8211; Tabac \u00e0 la cardamome"},"content":{"rendered":"<h3>Description<\/h3>\n<p>Laissez-vous s\u00e9duire par le m\u00e9lange riche et exotique de notre bougie Tabac \u00e0 la Cardamome. Cette bougie luxueuse allie les notes chaudes et \u00e9pic\u00e9es de la cardamome aux nuances terreuses et fum\u00e9es du tabac, cr\u00e9ant un parfum envo\u00fbtant, parfait pour ajouter profondeur et sophistication \u00e0 n&rsquo;importe quel espace. Coul\u00e9e \u00e0 la main au Canada avec de la cire de soja de premi\u00e8re qualit\u00e9, cette bougie offre une combustion propre et longue dur\u00e9e, id\u00e9ale pour des soir\u00e9es douillettes ou pour cr\u00e9er une ambiance relaxante.   <\/p>\n<p>Que vous souhaitiez vous d\u00e9tendre apr\u00e8s une longue journ\u00e9e ou donner le ton \u00e0 un travail concentr\u00e9, notre luxueuse collection de bougies est con\u00e7ue pour apaiser et inspirer.<\/p>\n<p>Chaque chandelle est coul\u00e9e \u00e0 la main en petits lots, v\u00e9g\u00e9talienne et sans cruaut\u00e9, et sans colorants artificiels ni additifs synth\u00e9tiques.<\/p>\n<p>Fabriqu\u00e9 au Canada<\/p>\n<h3>B\u00e9n\u00e9fices<\/h3>\n<p><strong>\u2022 Parfum exotique et complexe:<\/strong> Un m\u00e9lange harmonieux de cardamome \u00e9pic\u00e9e et de tabac terreux pour une exp\u00e9rience parfum\u00e9e unique.<br \/>\n<strong>\u2022 Coul\u00e9 \u00e0 la main au Canada:<\/strong> Fabriqu\u00e9 avec soin et attention aux d\u00e9tails par des artisans locaux.<br \/>\n<strong>\u2022 Cire de soja \u00e9cologique:<\/strong> combustion propre et durable, ce qui en fait un choix sans culpabilit\u00e9.<br \/>\n<strong>\u2022 Combustion longue dur\u00e9e:<\/strong> profitez jusqu&rsquo;\u00e0 50 heures de parfum qui persiste magnifiquement.<br \/>\n<strong>\u2022 Id\u00e9al pour offrir:<\/strong> \u00e9l\u00e9gamment emball\u00e9, id\u00e9al pour les anniversaires, les vacances ou comme cadeau pour ceux qui appr\u00e9cient les parfums uniques.<\/p>\n<h3>Application<\/h3>\n<p>AVERTISSEMENT : Br\u00fblez sur une surface stable et r\u00e9sistante \u00e0 la chaleur, \u00e0 l\u2019abri des courants d\u2019air et des mati\u00e8res inflammables. Tenez-le \u00e0 la vue des enfants et des animaux. La bo\u00eete ou le bocal peut chauffer pendant l\u2019utilisation. Laissez-le refroidir avant de le manipuler. Ne br\u00fblez pas plus de 3 heures d\u2019affil\u00e9e. Maintenez la m\u00e8che centr\u00e9e et la cire exempte de d\u00e9bris. Coupez la m\u00e8che \u00e0 6 mm avant chaque allumage. Cessez l\u2019utilisation lorsqu\u2019il reste 6 mm de cire.       <\/p>\n<h3>Ingr\u00e9dients<\/h3>\n<p>Cire de soja, parfum<\/p>\n","protected":false},"excerpt":{"rendered":"<p>Laissez-vous s\u00e9duire par le m\u00e9lange riche et exotique de notre bougie Tabac \u00e0 la Cardamome. Cette bougie luxueuse allie les notes chaudes et \u00e9pic\u00e9es de la cardamome aux nuances terreuses et fum\u00e9es du tabac, cr\u00e9ant un parfum envo\u00fbtant, parfait pour ajouter profondeur et sophistication \u00e0 n&rsquo;importe quel espace. Coul\u00e9e \u00e0 la main au Canada avec de la cire de soja de premi\u00e8re qualit\u00e9, cette bougie offre une combustion propre et longue dur\u00e9e, id\u00e9ale pour des soir\u00e9es douillettes ou pour cr\u00e9er une ambiance relaxante.   <\/p>\n<p>Que vous souhaitiez vous d\u00e9tendre apr\u00e8s une longue journ\u00e9e ou donner le ton \u00e0 un travail concentr\u00e9, notre luxueuse collection de bougies est con\u00e7ue pour apaiser et inspirer.<\/p>\n<p>Chaque bougie est coul\u00e9e \u00e0 la main en petites quantit\u00e9s, est v\u00e9g\u00e9talienne et non test\u00e9e sur les animaux, et est exempte de colorants artificiels et d&rsquo;additifs synth\u00e9tiques.<br \/>\nFabriqu\u00e9e au Canada<\/p>\n","protected":false},"featured_media":75474,"comment_status":"open","ping_status":"closed","template":"","meta":{"_et_pb_use_builder":"","_et_pb_old_content":"","_et_gb_content_width":""},"product_brand":[],"product_cat":[113],"product_tag":[],"giftcard-category":[],"class_list":{"0":"post-74346","1":"product","2":"type-product","3":"status-publish","4":"has-post-thumbnail","6":"product_cat-aromatherapie","8":"first","9":"instock","10":"taxable","11":"shipping-taxable","12":"purchasable","13":"product-type-variable"},"_links":{"self":[{"href":"https:\/\/palmbaybeauty.com\/fr\/wp-json\/wp\/v2\/product\/74346","targetHints":{"allow":["GET"]}}],"collection":[{"href":"https:\/\/palmbaybeauty.com\/fr\/wp-json\/wp\/v2\/product"}],"about":[{"href":"https:\/\/palmbaybeauty.com\/fr\/wp-json\/wp\/v2\/types\/product"}],"replies":[{"embeddable":true,"href":"https:\/\/palmbaybeauty.com\/fr\/wp-json\/wp\/v2\/comments?post=74346"}],"wp:featuredmedia":[{"embeddable":true,"href":"https:\/\/palmbaybeauty.com\/fr\/wp-json\/wp\/v2\/media\/75474"}],"wp:attachment":[{"href":"https:\/\/palmbaybeauty.com\/fr\/wp-json\/wp\/v2\/media?parent=74346"}],"wp:term":[{"taxonomy":"product_brand","embeddable":true,"href":"https:\/\/palmbaybeauty.com\/fr\/wp-json\/wp\/v2\/product_brand?post=74346"},{"taxonomy":"product_cat","embeddable":true,"href":"https:\/\/palmbaybeauty.com\/fr\/wp-json\/wp\/v2\/product_cat?post=74346"},{"taxonomy":"product_tag","embeddable":true,"href":"https:\/\/palmbaybeauty.com\/fr\/wp-json\/wp\/v2\/product_tag?post=74346"},{"taxonomy":"giftcard-category","embeddable":true,"href":"https:\/\/palmbaybeauty.com\/fr\/wp-json\/wp\/v2\/giftcard-category?post=74346"}],"curies":[{"name":"wp","href":"https:\/\/api.w.org\/{rel}","templated":true}]}}