{"id":73983,"date":"2025-09-20T22:18:13","date_gmt":"2025-09-21T02:18:13","guid":{"rendered":"https:\/\/palmbaybeauty.com\/product\/bougie-parfumee-ocean\/"},"modified":"2025-10-20T13:27:22","modified_gmt":"2025-10-20T17:27:22","slug":"bougie-parfumee-ocean","status":"publish","type":"product","link":"https:\/\/palmbaybeauty.com\/fr\/produit\/bougie-parfumee-ocean\/","title":{"rendered":"Bougie parfum\u00e9e &#8211; Ocean"},"content":{"rendered":"<h3>Description<\/h3>\n<p>Inspirez l&rsquo;essence rafra\u00eechissante de la mer chez vous avec notre bougie parfum\u00e9e OC\u00c9AN. Cette bougie rafra\u00eechissante capture l&rsquo;essence d&rsquo;une journ\u00e9e \u00e0 la plage, m\u00ealant les notes fra\u00eeches et sal\u00e9es de l&rsquo;air marin \u00e0 des notes de sable ensoleill\u00e9 et de bois flott\u00e9. Coul\u00e9e \u00e0 la main au Canada avec de la cire de soja de premi\u00e8re qualit\u00e9, cette bougie offre une combustion propre et durable qui apporte l&rsquo;ambiance apaisante du littoral \u00e0 votre int\u00e9rieur. Id\u00e9ale pour cr\u00e9er une atmosph\u00e8re relaxante ou pour se rem\u00e9morer vos vacances \u00e0 la plage pr\u00e9f\u00e9r\u00e9es.   <\/p>\n<p>Que vous souhaitiez vous d\u00e9tendre apr\u00e8s une longue journ\u00e9e ou donner le ton \u00e0 un travail concentr\u00e9, notre luxueuse collection de bougies est con\u00e7ue pour apaiser et inspirer.<\/p>\n<p>Chaque chandelle est coul\u00e9e \u00e0 la main en petits lots, v\u00e9g\u00e9talienne et sans cruaut\u00e9, et sans colorants artificiels ni additifs synth\u00e9tiques.<\/p>\n<p>Fabriqu\u00e9 au Canada<\/p>\n<h3>B\u00e9n\u00e9fices<\/h3>\n<p><strong>\u2022 Parfum frais de l&rsquo;oc\u00e9an:<\/strong> un m\u00e9lange vif et revigorant d&rsquo;air marin sal\u00e9 et de notes chaudes de plage.<br \/>\n<strong>\u2022 Coul\u00e9 \u00e0 la main au Canada:<\/strong> Fabriqu\u00e9 avec soin et attention aux d\u00e9tails par des artisans locaux.<br \/>\n<strong>\u2022 Cire de soja \u00e9cologique:<\/strong> combustion propre et durable, ce qui en fait un choix sans culpabilit\u00e9.<br \/>\n<strong>\u2022 Combustion longue dur\u00e9e:<\/strong> profitez jusqu&rsquo;\u00e0 50 heures de parfum qui persiste magnifiquement.<br \/>\n<strong>\u2022 Parfait pour offrir:<\/strong> joliment emball\u00e9, id\u00e9al pour les amoureux de la plage, les anniversaires ou comme cadeau de pendaison de cr\u00e9maill\u00e8re.<\/p>\n<h3>Application<\/h3>\n<p>AVERTISSEMENT : Br\u00fblez sur une surface stable et r\u00e9sistante \u00e0 la chaleur, \u00e0 l\u2019abri des courants d\u2019air et des mati\u00e8res inflammables. Tenez-le \u00e0 la vue des enfants et des animaux. La bo\u00eete ou le bocal peut chauffer pendant l\u2019utilisation. Laissez-le refroidir avant de le manipuler. Ne br\u00fblez pas plus de 3 heures d\u2019affil\u00e9e. Maintenez la m\u00e8che centr\u00e9e et la cire exempte de d\u00e9bris. Coupez la m\u00e8che \u00e0 6 mm avant chaque allumage. Cessez l\u2019utilisation lorsqu\u2019il reste 6 mm de cire.       <\/p>\n<h3>Ingr\u00e9dients<\/h3>\n<p>Cire de soja, parfum<\/p>\n","protected":false},"excerpt":{"rendered":"<p>Inspirez l&rsquo;essence rafra\u00eechissante de la mer chez vous avec notre bougie parfum\u00e9e OC\u00c9AN. Cette bougie rafra\u00eechissante capture l&rsquo;essence d&rsquo;une journ\u00e9e \u00e0 la plage, m\u00ealant les notes fra\u00eeches et sal\u00e9es de l&rsquo;air marin \u00e0 des notes de sable ensoleill\u00e9 et de bois flott\u00e9. Coul\u00e9e \u00e0 la main au Canada avec de la cire de soja de premi\u00e8re qualit\u00e9, cette bougie offre une combustion propre et durable qui apporte l&rsquo;ambiance apaisante du littoral \u00e0 votre int\u00e9rieur. Id\u00e9ale pour cr\u00e9er une atmosph\u00e8re relaxante ou pour se rem\u00e9morer vos vacances \u00e0 la plage pr\u00e9f\u00e9r\u00e9es.   <\/p>\n<p>Que vous souhaitiez vous d\u00e9tendre apr\u00e8s une longue journ\u00e9e ou donner le ton \u00e0 un travail concentr\u00e9, notre luxueuse collection de bougies est con\u00e7ue pour apaiser et inspirer.<\/p>\n<p>Chaque chandelle est coul\u00e9e \u00e0 la main en petits lots, v\u00e9g\u00e9talienne et sans cruaut\u00e9, et sans colorants artificiels ni additifs synth\u00e9tiques.<\/p>\n<p>Fabriqu\u00e9 au Canada<\/p>\n","protected":false},"featured_media":75562,"comment_status":"open","ping_status":"closed","template":"","meta":{"_et_pb_use_builder":"","_et_pb_old_content":"","_et_gb_content_width":""},"product_brand":[],"product_cat":[113],"product_tag":[],"giftcard-category":[],"class_list":{"0":"post-73983","1":"product","2":"type-product","3":"status-publish","4":"has-post-thumbnail","6":"product_cat-aromatherapie","8":"first","9":"instock","10":"taxable","11":"shipping-taxable","12":"purchasable","13":"product-type-variable"},"_links":{"self":[{"href":"https:\/\/palmbaybeauty.com\/fr\/wp-json\/wp\/v2\/product\/73983","targetHints":{"allow":["GET"]}}],"collection":[{"href":"https:\/\/palmbaybeauty.com\/fr\/wp-json\/wp\/v2\/product"}],"about":[{"href":"https:\/\/palmbaybeauty.com\/fr\/wp-json\/wp\/v2\/types\/product"}],"replies":[{"embeddable":true,"href":"https:\/\/palmbaybeauty.com\/fr\/wp-json\/wp\/v2\/comments?post=73983"}],"wp:featuredmedia":[{"embeddable":true,"href":"https:\/\/palmbaybeauty.com\/fr\/wp-json\/wp\/v2\/media\/75562"}],"wp:attachment":[{"href":"https:\/\/palmbaybeauty.com\/fr\/wp-json\/wp\/v2\/media?parent=73983"}],"wp:term":[{"taxonomy":"product_brand","embeddable":true,"href":"https:\/\/palmbaybeauty.com\/fr\/wp-json\/wp\/v2\/product_brand?post=73983"},{"taxonomy":"product_cat","embeddable":true,"href":"https:\/\/palmbaybeauty.com\/fr\/wp-json\/wp\/v2\/product_cat?post=73983"},{"taxonomy":"product_tag","embeddable":true,"href":"https:\/\/palmbaybeauty.com\/fr\/wp-json\/wp\/v2\/product_tag?post=73983"},{"taxonomy":"giftcard-category","embeddable":true,"href":"https:\/\/palmbaybeauty.com\/fr\/wp-json\/wp\/v2\/giftcard-category?post=73983"}],"curies":[{"name":"wp","href":"https:\/\/api.w.org\/{rel}","templated":true}]}}