{"id":73771,"date":"2025-09-04T08:31:06","date_gmt":"2025-09-04T12:31:06","guid":{"rendered":"https:\/\/palmbaybeauty.com\/product\/savon-de-luxe-naturel-sunset-bay\/"},"modified":"2026-03-04T14:38:38","modified_gmt":"2026-03-04T19:38:38","slug":"savon-de-luxe-naturel-sunset-bay","status":"publish","type":"product","link":"https:\/\/palmbaybeauty.com\/fr\/produit\/savon-de-luxe-naturel-sunset-bay\/","title":{"rendered":"Savon naturel de luxe &#8211; Sunset Bay"},"content":{"rendered":"<p>Retrouvez la s\u00e9r\u00e9nit\u00e9 d\u2019un coucher de soleil au bord de la mer avec ce savon raffin\u00e9. Son parfum bois\u00e9 et \u00e9l\u00e9gant de mahogany teakwood diffuse une chaleur subtile et apaisante, rappelant le bois poli, la brise marine et la qui\u00e9tude d\u2019une baie au cr\u00e9puscule. Une exp\u00e9rience sensorielle sophistiqu\u00e9e pour un moment de d\u00e9tente unique.   <\/p>\n<p><strong>Ingr\u00e9dients:<\/strong><br \/>\nOlea europaea oil, cocos nucifera oil, aqua, butyrospermum parkii butter, garcinia indica seed butter, ricinus communis seed oil, helianthus annuus seed oil, sodium hydroxide, phthalate free parfum, kaolin clay, mica, titanium dioxide, pumice.<\/p>\n<p><strong>Directions:<\/strong><br \/>\nConserver sur un porte-savon lorsqu&rsquo;il n&rsquo;est pas utilis\u00e9. Faire mousser avec de l&rsquo;eau sur les mains, le visage et le corps. <\/p>\n<div class=\"page\" title=\"Page 1\">\n<div class=\"layoutArea\">\n<div class=\"column\">\n<p>3.5oz\/100g<\/p>\n<p><img loading=\"lazy\" decoding=\"async\" class=\"alignnone size-full wp-image-75572\" src=\"https:\/\/palmbaybeauty.com\/wp-content\/uploads\/2025\/08\/cruelty-labels-soaps-2.jpg\" alt=\"\" width=\"750\" height=\"227\" srcset=\"https:\/\/palmbaybeauty.com\/wp-content\/uploads\/2025\/08\/cruelty-labels-soaps-2.jpg 750w, https:\/\/palmbaybeauty.com\/wp-content\/uploads\/2025\/08\/cruelty-labels-soaps-2-480x145.jpg 480w\" sizes=\"(min-width: 0px) and (max-width: 480px) 480px, (min-width: 481px) 750px, 100vw\" \/><\/p>\n<\/div>\n<\/div>\n<\/div>\n","protected":false},"excerpt":{"rendered":"<p>Retrouvez la s\u00e9r\u00e9nit\u00e9 d\u2019un coucher de soleil au bord de la mer avec ce savon raffin\u00e9. Son parfum bois\u00e9 et \u00e9l\u00e9gant de mahogany teakwood diffuse une chaleur subtile et apaisante, rappelant le bois poli, la brise marine et la qui\u00e9tude d\u2019une baie au cr\u00e9puscule. Une exp\u00e9rience sensorielle sophistiqu\u00e9e pour un moment de d\u00e9tente unique.   <\/p>\n<p><img loading=\"lazy\" decoding=\"async\" class=\"alignnone size-full wp-image-75572\" src=\"https:\/\/palmbaybeauty.com\/wp-content\/uploads\/2025\/08\/cruelty-labels-soaps-2.jpg\" alt=\"\" width=\"750\" height=\"227\" srcset=\"https:\/\/palmbaybeauty.com\/wp-content\/uploads\/2025\/08\/cruelty-labels-soaps-2.jpg 750w, https:\/\/palmbaybeauty.com\/wp-content\/uploads\/2025\/08\/cruelty-labels-soaps-2-480x145.jpg 480w\" sizes=\"(min-width: 0px) and (max-width: 480px) 480px, (min-width: 481px) 750px, 100vw\" \/><\/p>\n","protected":false},"featured_media":74098,"comment_status":"open","ping_status":"closed","template":"","meta":{"_et_pb_use_builder":"","_et_pb_old_content":"","_et_gb_content_width":""},"product_brand":[],"product_cat":[115,133],"product_tag":[],"giftcard-category":[],"class_list":{"0":"post-73771","1":"product","2":"type-product","3":"status-publish","4":"has-post-thumbnail","6":"product_cat-produits-populaires","7":"product_cat-savon-naturel","9":"first","10":"instock","11":"taxable","12":"shipping-taxable","13":"purchasable","14":"product-type-simple"},"_links":{"self":[{"href":"https:\/\/palmbaybeauty.com\/fr\/wp-json\/wp\/v2\/product\/73771","targetHints":{"allow":["GET"]}}],"collection":[{"href":"https:\/\/palmbaybeauty.com\/fr\/wp-json\/wp\/v2\/product"}],"about":[{"href":"https:\/\/palmbaybeauty.com\/fr\/wp-json\/wp\/v2\/types\/product"}],"replies":[{"embeddable":true,"href":"https:\/\/palmbaybeauty.com\/fr\/wp-json\/wp\/v2\/comments?post=73771"}],"wp:featuredmedia":[{"embeddable":true,"href":"https:\/\/palmbaybeauty.com\/fr\/wp-json\/wp\/v2\/media\/74098"}],"wp:attachment":[{"href":"https:\/\/palmbaybeauty.com\/fr\/wp-json\/wp\/v2\/media?parent=73771"}],"wp:term":[{"taxonomy":"product_brand","embeddable":true,"href":"https:\/\/palmbaybeauty.com\/fr\/wp-json\/wp\/v2\/product_brand?post=73771"},{"taxonomy":"product_cat","embeddable":true,"href":"https:\/\/palmbaybeauty.com\/fr\/wp-json\/wp\/v2\/product_cat?post=73771"},{"taxonomy":"product_tag","embeddable":true,"href":"https:\/\/palmbaybeauty.com\/fr\/wp-json\/wp\/v2\/product_tag?post=73771"},{"taxonomy":"giftcard-category","embeddable":true,"href":"https:\/\/palmbaybeauty.com\/fr\/wp-json\/wp\/v2\/giftcard-category?post=73771"}],"curies":[{"name":"wp","href":"https:\/\/api.w.org\/{rel}","templated":true}]}}