{"id":73769,"date":"2025-08-27T14:51:36","date_gmt":"2025-08-27T18:51:36","guid":{"rendered":"https:\/\/palmbaybeauty.com\/product\/savon-de-luxe-naturel-ocean-mist\/"},"modified":"2026-03-04T14:31:23","modified_gmt":"2026-03-04T19:31:23","slug":"savon-de-luxe-naturel-ocean-mist","status":"publish","type":"product","link":"https:\/\/palmbaybeauty.com\/fr\/produit\/savon-de-luxe-naturel-ocean-mist\/","title":{"rendered":"Savon naturel de luxe &#8211; Ocean Mist"},"content":{"rendered":"<p>Plongez dans le luxe absolu avec le savon <strong>Ocean Mist<\/strong> \u2013 une barre nettoyante finement con\u00e7ue qui \u00e9voque l\u2019\u00e9l\u00e9gance sereine de la mer. Infus\u00e9 de notes marines rafra\u00eechissantes et enrichi de botanicals nourrissants, il purifie d\u00e9licatement tout en laissant la peau soyeuse, rayonnante et subtilement parfum\u00e9e de l\u2019essence de la brise oc\u00e9ane. <\/p>\n<p><strong>Ingredients:<\/strong> Olea europaea oil, cocos nucifera oil, aqua, butyrospermum parkii butter, garcinia indica seed butter, ricinus communis seed oil, helianthus annuus seed oil, sodium hydroxide, phthalate free parfum, kaolin clay, mica, titanium dioxide<\/p>\n<p><strong>Conseils d&rsquo;utilisation :<\/strong> Conserver sur un porte-savon lorsqu&rsquo;il n&rsquo;est pas utilis\u00e9. Faire mousser avec de l&rsquo;eau sur les mains, le visage et le corps. <\/p>\n<div class=\"page\" title=\"Page 1\">\n<div class=\"layoutArea\">\n<div class=\"column\">3.5oz\/100g<\/div>\n<div><\/div>\n<\/div>\n<div><img loading=\"lazy\" decoding=\"async\" class=\"alignnone size-full wp-image-75572\" src=\"https:\/\/palmbaybeauty.com\/wp-content\/uploads\/2025\/08\/cruelty-labels-soaps-2.jpg\" alt=\"\" width=\"750\" height=\"227\" srcset=\"https:\/\/palmbaybeauty.com\/wp-content\/uploads\/2025\/08\/cruelty-labels-soaps-2.jpg 750w, https:\/\/palmbaybeauty.com\/wp-content\/uploads\/2025\/08\/cruelty-labels-soaps-2-480x145.jpg 480w\" sizes=\"(min-width: 0px) and (max-width: 480px) 480px, (min-width: 481px) 750px, 100vw\" \/><\/div>\n<\/div>\n","protected":false},"excerpt":{"rendered":"<p>Plongez dans le luxe absolu avec le savon <strong>Ocean Mist<\/strong> \u2013 une barre nettoyante finement con\u00e7ue qui \u00e9voque l\u2019\u00e9l\u00e9gance sereine de la mer. Infus\u00e9 de notes marines rafra\u00eechissantes et enrichi de botanicals nourrissants, il purifie d\u00e9licatement tout en laissant la peau soyeuse, rayonnante et subtilement parfum\u00e9e de l\u2019essence de la brise oc\u00e9ane. <\/p>\n<p><img loading=\"lazy\" decoding=\"async\" class=\"alignnone size-full wp-image-75572\" src=\"https:\/\/palmbaybeauty.com\/wp-content\/uploads\/2025\/08\/cruelty-labels-soaps-2.jpg\" alt=\"\" width=\"750\" height=\"227\" srcset=\"https:\/\/palmbaybeauty.com\/wp-content\/uploads\/2025\/08\/cruelty-labels-soaps-2.jpg 750w, https:\/\/palmbaybeauty.com\/wp-content\/uploads\/2025\/08\/cruelty-labels-soaps-2-480x145.jpg 480w\" sizes=\"(min-width: 0px) and (max-width: 480px) 480px, (min-width: 481px) 750px, 100vw\" \/><\/p>\n<p>&nbsp;<\/p>\n","protected":false},"featured_media":74094,"comment_status":"open","ping_status":"closed","template":"","meta":{"_et_pb_use_builder":"off","_et_pb_old_content":"Plongez dans le luxe absolu avec le savon <strong>Ocean Mist<\/strong> \u2013 une barre nettoyante finement con\u00e7ue qui \u00e9voque l\u2019\u00e9l\u00e9gance sereine de la mer. Infus\u00e9 de notes marines rafra\u00eechissantes et enrichi de botanicals nourrissants, il purifie d\u00e9licatement tout en laissant la peau soyeuse, rayonnante et subtilement parfum\u00e9e de l\u2019essence de la brise oc\u00e9ane. \n\n<strong>Naturel - V\u00e9gan - Sans cruaut\u00e9<\/strong>\n\n<strong>Fabriqu\u00e9 au Canada<\/strong>\n\n<strong>Ingr\u00e9dients:<\/strong>\nOlea europaea oil, cocos nucifera oil, aqua, butyrospermum parkii butter, garcinia indica seed butter, ricinus communis seed oil, helianthus annuus seed oil, sodium hydroxide, phthalate free parfum, kaolin clay, mica, titanium dioxide\n\n<strong>Directions:<\/strong>\nConserver sur un porte-savon lorsqu'il n'est pas utilis\u00e9. Faire mousser avec de l'eau sur les mains, le visage et le corps. \n<div class=\"page\" title=\"Page 1\">\n<div class=\"layoutArea\">\n<div class=\"column\">\n\n3.5oz\/100g\n\n<\/div>\n<\/div>\n<\/div>","_et_gb_content_width":""},"product_brand":[],"product_cat":[115,133],"product_tag":[],"giftcard-category":[],"class_list":{"0":"post-73769","1":"product","2":"type-product","3":"status-publish","4":"has-post-thumbnail","6":"product_cat-produits-populaires","7":"product_cat-savon-naturel","9":"first","10":"instock","11":"taxable","12":"shipping-taxable","13":"purchasable","14":"product-type-simple"},"_links":{"self":[{"href":"https:\/\/palmbaybeauty.com\/fr\/wp-json\/wp\/v2\/product\/73769","targetHints":{"allow":["GET"]}}],"collection":[{"href":"https:\/\/palmbaybeauty.com\/fr\/wp-json\/wp\/v2\/product"}],"about":[{"href":"https:\/\/palmbaybeauty.com\/fr\/wp-json\/wp\/v2\/types\/product"}],"replies":[{"embeddable":true,"href":"https:\/\/palmbaybeauty.com\/fr\/wp-json\/wp\/v2\/comments?post=73769"}],"wp:featuredmedia":[{"embeddable":true,"href":"https:\/\/palmbaybeauty.com\/fr\/wp-json\/wp\/v2\/media\/74094"}],"wp:attachment":[{"href":"https:\/\/palmbaybeauty.com\/fr\/wp-json\/wp\/v2\/media?parent=73769"}],"wp:term":[{"taxonomy":"product_brand","embeddable":true,"href":"https:\/\/palmbaybeauty.com\/fr\/wp-json\/wp\/v2\/product_brand?post=73769"},{"taxonomy":"product_cat","embeddable":true,"href":"https:\/\/palmbaybeauty.com\/fr\/wp-json\/wp\/v2\/product_cat?post=73769"},{"taxonomy":"product_tag","embeddable":true,"href":"https:\/\/palmbaybeauty.com\/fr\/wp-json\/wp\/v2\/product_tag?post=73769"},{"taxonomy":"giftcard-category","embeddable":true,"href":"https:\/\/palmbaybeauty.com\/fr\/wp-json\/wp\/v2\/giftcard-category?post=73769"}],"curies":[{"name":"wp","href":"https:\/\/api.w.org\/{rel}","templated":true}]}}