{"id":73520,"date":"2025-07-16T10:00:37","date_gmt":"2025-07-16T14:00:37","guid":{"rendered":"https:\/\/palmbaybeauty.com\/product\/cartes-cadeaux-palm-bay-beaute\/"},"modified":"2025-12-11T11:03:09","modified_gmt":"2025-12-11T16:03:09","slug":"cartes-cadeaux-electroniques-palm-bay-beaute","status":"publish","type":"product","link":"https:\/\/palmbaybeauty.com\/fr\/produit\/cartes-cadeaux-electroniques-palm-bay-beaute\/","title":{"rendered":"Cartes-cadeaux \u00e9lectroniques Palm Bay Beaut\u00e9"},"content":{"rendered":"<p>Offrez le luxe en cadeau avec les <strong>cartes-cadeaux \u00e9lectroniques<\/strong> Palm Bay Beaut\u00e9. <\/p>\n<p>Disponible en plusieurs montants. Parfait pour toutes les occasions, ces cartes permettent \u00e0 vos proches de choisir parmi nos produits de maquillage et de soins haut de gamme et sans cruaut\u00e9. Une fa\u00e7on r\u00e9fl\u00e9chie de partager la beaut\u00e9, la confiance et les soins personnels.<\/p>\n","protected":false},"excerpt":{"rendered":"<p>Offrez le luxe en cadeau avec les <strong>cartes-cadeaux \u00e9lectroniques<\/strong> Palm Bay Beaut\u00e9. <\/p>\n<p>Disponible de 25$ &#8211; 250$ Parfait pour toutes les occasions, ces cartes permettent \u00e0 vos proches de choisir parmi nos produits de maquillage et de soins haut de gamme et sans cruaut\u00e9. Une fa\u00e7on r\u00e9fl\u00e9chie de partager la beaut\u00e9, la confiance et les soins personnels.<\/p>\n","protected":false},"featured_media":73713,"comment_status":"closed","ping_status":"closed","template":"","meta":{"_et_pb_use_builder":"","_et_pb_old_content":"","_et_gb_content_width":""},"product_brand":[85],"product_cat":[120],"product_tag":[],"giftcard-category":[98],"class_list":{"0":"post-73520","1":"product","2":"type-product","3":"status-publish","4":"has-post-thumbnail","6":"product_brand-palm-bay-beauty","7":"product_cat-palm-bay-swag-fr","8":"giftcard-category-all","10":"first","11":"instock","12":"virtual","13":"purchasable","14":"product-type-gift-card"},"_links":{"self":[{"href":"https:\/\/palmbaybeauty.com\/fr\/wp-json\/wp\/v2\/product\/73520","targetHints":{"allow":["GET"]}}],"collection":[{"href":"https:\/\/palmbaybeauty.com\/fr\/wp-json\/wp\/v2\/product"}],"about":[{"href":"https:\/\/palmbaybeauty.com\/fr\/wp-json\/wp\/v2\/types\/product"}],"replies":[{"embeddable":true,"href":"https:\/\/palmbaybeauty.com\/fr\/wp-json\/wp\/v2\/comments?post=73520"}],"wp:featuredmedia":[{"embeddable":true,"href":"https:\/\/palmbaybeauty.com\/fr\/wp-json\/wp\/v2\/media\/73713"}],"wp:attachment":[{"href":"https:\/\/palmbaybeauty.com\/fr\/wp-json\/wp\/v2\/media?parent=73520"}],"wp:term":[{"taxonomy":"product_brand","embeddable":true,"href":"https:\/\/palmbaybeauty.com\/fr\/wp-json\/wp\/v2\/product_brand?post=73520"},{"taxonomy":"product_cat","embeddable":true,"href":"https:\/\/palmbaybeauty.com\/fr\/wp-json\/wp\/v2\/product_cat?post=73520"},{"taxonomy":"product_tag","embeddable":true,"href":"https:\/\/palmbaybeauty.com\/fr\/wp-json\/wp\/v2\/product_tag?post=73520"},{"taxonomy":"giftcard-category","embeddable":true,"href":"https:\/\/palmbaybeauty.com\/fr\/wp-json\/wp\/v2\/giftcard-category?post=73520"}],"curies":[{"name":"wp","href":"https:\/\/api.w.org\/{rel}","templated":true}]}}