{"id":73509,"date":"2025-06-10T10:45:05","date_gmt":"2025-06-10T14:45:05","guid":{"rendered":"https:\/\/palmbaybeauty.com\/product\/eponge-de-mer-naturelle\/"},"modified":"2025-08-28T11:59:24","modified_gmt":"2025-08-28T15:59:24","slug":"eponge-de-mer-naturelle","status":"publish","type":"product","link":"https:\/\/palmbaybeauty.com\/fr\/produit\/eponge-de-mer-naturelle\/","title":{"rendered":"\u00c9ponge de mer naturelle"},"content":{"rendered":"<p>Les \u00e9ponges de mer sont le moyen le plus naturel et le plus sain de nettoyer et de prendre soin de votre peau, et les \u00e9ponges Palm Bay Beauty sont de la plus haute qualit\u00e9 &#8211; grandes et extra douces !<\/p>\n<p>Utilis\u00e9e depuis l\u2019Antiquit\u00e9, la sup\u00e9riorit\u00e9 de l\u2019\u00e9ponge de mer naturelle est in\u00e9gal\u00e9e. Les \u00e9ponges de mer sont tr\u00e8s absorbantes, cr\u00e9ent une mousse luxueuse, ont une texture douce et conviennent aux peaux les plus sensibles. Les \u00e9ponges naturelles sont plus durables et durent plus longtemps que les \u00e9ponges synth\u00e9tiques parce qu&rsquo;elles sont plus r\u00e9sistantes \u00e0 l&rsquo;abrasion.<\/p>\n<p><strong><em>*En raison de la nature de ce produit, des variations de forme, de taille et de couleur sont \u00e0 pr\u00e9voir*<\/em><\/strong><\/p>\n","protected":false},"excerpt":{"rendered":"<p>Les \u00e9ponges de mer sont le moyen le plus naturel et le plus sain de nettoyer et de prendre soin de votre peau, et les \u00e9ponges Palm Bay Beauty sont de la plus haute qualit\u00e9 \u2013 grandes et extra douces !<\/p>\n","protected":false},"featured_media":72574,"comment_status":"open","ping_status":"closed","template":"","meta":{"_et_pb_use_builder":"","_et_pb_old_content":"","_et_gb_content_width":""},"product_brand":[85],"product_cat":[114],"product_tag":[128],"giftcard-category":[],"class_list":{"0":"post-73509","1":"product","2":"type-product","3":"status-publish","4":"has-post-thumbnail","6":"product_brand-palm-bay-beauty","7":"product_cat-bain-douche","8":"product_tag-eponge-de-bain","10":"first","11":"outofstock","12":"taxable","13":"shipping-taxable","14":"purchasable","15":"product-type-simple"},"_links":{"self":[{"href":"https:\/\/palmbaybeauty.com\/fr\/wp-json\/wp\/v2\/product\/73509","targetHints":{"allow":["GET"]}}],"collection":[{"href":"https:\/\/palmbaybeauty.com\/fr\/wp-json\/wp\/v2\/product"}],"about":[{"href":"https:\/\/palmbaybeauty.com\/fr\/wp-json\/wp\/v2\/types\/product"}],"replies":[{"embeddable":true,"href":"https:\/\/palmbaybeauty.com\/fr\/wp-json\/wp\/v2\/comments?post=73509"}],"wp:featuredmedia":[{"embeddable":true,"href":"https:\/\/palmbaybeauty.com\/fr\/wp-json\/wp\/v2\/media\/72574"}],"wp:attachment":[{"href":"https:\/\/palmbaybeauty.com\/fr\/wp-json\/wp\/v2\/media?parent=73509"}],"wp:term":[{"taxonomy":"product_brand","embeddable":true,"href":"https:\/\/palmbaybeauty.com\/fr\/wp-json\/wp\/v2\/product_brand?post=73509"},{"taxonomy":"product_cat","embeddable":true,"href":"https:\/\/palmbaybeauty.com\/fr\/wp-json\/wp\/v2\/product_cat?post=73509"},{"taxonomy":"product_tag","embeddable":true,"href":"https:\/\/palmbaybeauty.com\/fr\/wp-json\/wp\/v2\/product_tag?post=73509"},{"taxonomy":"giftcard-category","embeddable":true,"href":"https:\/\/palmbaybeauty.com\/fr\/wp-json\/wp\/v2\/giftcard-category?post=73509"}],"curies":[{"name":"wp","href":"https:\/\/api.w.org\/{rel}","templated":true}]}}