{"id":73158,"date":"2025-06-11T14:37:13","date_gmt":"2025-06-11T18:37:13","guid":{"rendered":"https:\/\/palmbaybeauty.com\/conditions-generales\/"},"modified":"2025-09-24T15:41:31","modified_gmt":"2025-09-24T19:41:31","slug":"conditions-generales","status":"publish","type":"page","link":"https:\/\/palmbaybeauty.com\/fr\/conditions-generales\/","title":{"rendered":"Conditions g\u00e9n\u00e9rales"},"content":{"rendered":"<p>[et_pb_section fb_built=\u00a0\u00bb1&Prime; module_class=\u00a0\u00bbdsdws-background-color-light \u00a0\u00bb _builder_version=\u00a0\u00bb4.16&Prime; _module_preset=\u00a0\u00bbdefault\u00a0\u00bb custom_padding=\u00a0\u00bb0px||0px||true|false\u00a0\u00bb global_module=\u00a0\u00bb413&Prime; saved_tabs=\u00a0\u00bball\u00a0\u00bb global_colors_info=\u00a0\u00bb{}\u00a0\u00bb][et_pb_row _builder_version=\u00a0\u00bb4.27.4&Prime; _module_preset=\u00a0\u00bbdefault\u00a0\u00bb custom_padding=\u00a0\u00bb17px||17px||true|false\u00a0\u00bb global_colors_info=\u00a0\u00bb{}\u00a0\u00bb][et_pb_column type=\u00a0\u00bb4_4&Prime; _builder_version=\u00a0\u00bb4.16&Prime; _module_preset=\u00a0\u00bbdefault\u00a0\u00bb global_colors_info=\u00a0\u00bb{}\u00a0\u00bb][et_pb_code admin_label=\u00a0\u00bbNavxt breadrumbs shortcode\u00a0\u00bb module_class=\u00a0\u00bbdsdws-link-color-dark dsdws-link-hover-color-primary\u00a0\u00bb _builder_version=\u00a0\u00bb4.16&Prime; _module_preset=\u00a0\u00bbdefault\u00a0\u00bb global_colors_info=\u00a0\u00bb{}\u00a0\u00bb]<div class=\"navxt-breadcrumbs\" typeof=\"BreadcrumbList\" vocab=\"https:\/\/schema.org\/\"><span property=\"itemListElement\" typeof=\"ListItem\"><a property=\"item\" typeof=\"WebPage\" title=\"Aller \u00e0 Palm Bay Beauty.\" href=\"https:\/\/palmbaybeauty.com\/fr\/\" class=\"home\" aria-current=\"page\"><span property=\"name\">Palm Bay Beauty<\/span><\/a><meta property=\"position\" content=\"1\"><\/span><\/div>[\/et_pb_code][\/et_pb_column][\/et_pb_row][\/et_pb_section][et_pb_section fb_built=\u00a0\u00bb1&Prime; custom_padding_last_edited=\u00a0\u00bbon|tablet\u00a0\u00bb module_class=\u00a0\u00bbdsdws-background-color-primary  dsdws-overlay-primary\u00a0\u00bb _builder_version=\u00a0\u00bb4.27.4&Prime; _module_preset=\u00a0\u00bbdefault\u00a0\u00bb background_image=\u00a0\u00bbhttps:\/\/palmbaybeauty.com\/wp-content\/uploads\/2025\/06\/coco-tree.jpg\u00a0\u00bb custom_padding=\u00a0\u00bb50px||80px||false|false\u00a0\u00bb custom_padding_tablet=\u00a0\u00bb75px||75px||true|false\u00a0\u00bb custom_padding_phone=\u00a0\u00bb50px||50px||true|false\u00a0\u00bb global_colors_info=\u00a0\u00bb{}\u00a0\u00bb][et_pb_row column_structure=\u00a0\u00bb1_2,1_2&Prime; module_class=\u00a0\u00bbdsdws-small-row\u00a0\u00bb _builder_version=\u00a0\u00bb4.16&Prime; _module_preset=\u00a0\u00bbdefault\u00a0\u00bb global_colors_info=\u00a0\u00bb{}\u00a0\u00bb][et_pb_column type=\u00a0\u00bb1_2&Prime; _builder_version=\u00a0\u00bb4.16&Prime; _module_preset=\u00a0\u00bbdefault\u00a0\u00bb global_colors_info=\u00a0\u00bb{}\u00a0\u00bb][et_pb_text module_class=\u00a0\u00bbdsdws-heading-h1 \u00a0\u00bb _builder_version=\u00a0\u00bb4.27.4&Prime; _module_preset=\u00a0\u00bbdefault\u00a0\u00bb text_font=\u00a0\u00bb||||||||\u00a0\u00bb background_layout=\u00a0\u00bbdark\u00a0\u00bb global_colors_info=\u00a0\u00bb{}\u00a0\u00bb]<\/p>\n<h1>Palm Bay Beaut\u00e9<br \/>Conditions g\u00e9n\u00e9rales<\/h1>\n<p>[\/et_pb_text][\/et_pb_column][et_pb_column type=\u00a0\u00bb1_2&Prime; _builder_version=\u00a0\u00bb4.16&Prime; _module_preset=\u00a0\u00bbdefault\u00a0\u00bb global_colors_info=\u00a0\u00bb{}\u00a0\u00bb][\/et_pb_column][\/et_pb_row][\/et_pb_section][et_pb_section fb_built=\u00a0\u00bb1&Prime; custom_padding_last_edited=\u00a0\u00bbon|phone\u00a0\u00bb _builder_version=\u00a0\u00bb4.27.4&Prime; _module_preset=\u00a0\u00bbdefault\u00a0\u00bb custom_padding=\u00a0\u00bb50px||50px||false|false\u00a0\u00bb custom_padding_tablet=\u00a0\u00bb75px||||false|false\u00a0\u00bb custom_padding_phone=\u00a0\u00bb50px||||false|false\u00a0\u00bb locked=\u00a0\u00bboff\u00a0\u00bb global_colors_info=\u00a0\u00bb{}\u00a0\u00bb][et_pb_row make_equal=\u00a0\u00bbon\u00a0\u00bb module_class=\u00a0\u00bbdsdws-small-row\u00a0\u00bb _builder_version=\u00a0\u00bb4.27.4&Prime; _module_preset=\u00a0\u00bbdefault\u00a0\u00bb custom_padding=\u00a0\u00bb0px||||false|false\u00a0\u00bb global_colors_info=\u00a0\u00bb{}\u00a0\u00bb][et_pb_column type=\u00a0\u00bb4_4&Prime; _builder_version=\u00a0\u00bb4.16&Prime; _module_preset=\u00a0\u00bbdefault\u00a0\u00bb custom_padding_tablet=\u00a0\u00bb||0px||false|false\u00a0\u00bb custom_padding_phone=\u00a0\u00bb\u00a0\u00bb custom_padding_last_edited=\u00a0\u00bbon|tablet\u00a0\u00bb custom_css_main_element=\u00a0\u00bbposition: relative;\u00a0\u00bb global_colors_info=\u00a0\u00bb{}\u00a0\u00bb][et_pb_text _builder_version=\u00a0\u00bb4.27.4&Prime; _module_preset=\u00a0\u00bbdefault\u00a0\u00bb text_font=\u00a0\u00bb|300|||||||\u00a0\u00bb text_text_color=\u00a0\u00bb#000000&Prime; hover_enabled=\u00a0\u00bb0&Prime; global_colors_info=\u00a0\u00bb{}\u00a0\u00bb sticky_enabled=\u00a0\u00bb0&Prime;]<\/p>\n<p>Bienvenue chez Palm Bay Beauty ! En acc\u00e9dant ou en utilisant notre site Web, vous acceptez les conditions g\u00e9n\u00e9rales suivantes. Lisez-les attentivement.  <\/p>\n<h4>1. Utilisation de notre site Web<\/h4>\n<p>Vous convenez d&rsquo;utiliser notre site Web uniquement \u00e0 des fins l\u00e9gales et d&rsquo;une mani\u00e8re qui ne porte pas atteinte aux droits d&rsquo;autrui ni ne restreint leur utilisation du site.<\/p>\n<p>Nous nous r\u00e9servons le droit de modifier, suspendre ou interrompre toute partie de notre site Web en tout temps et sans pr\u00e9avis.<\/p>\n<h4>2. Produits et commandes<\/h4>\n<p>Tous les produits \u00e9num\u00e9r\u00e9s sont sous r\u00e9serve de disponibilit\u00e9.<br \/>Les prix sont indiqu\u00e9s en dollars canadiens et peuvent \u00eatre modifi\u00e9s sans pr\u00e9avis.<br \/>Nous nous r\u00e9servons le droit de refuser ou d&rsquo;annuler toute commande pour quelque raison que ce soit, notamment en cas de rupture de stock ou d&rsquo;erreur de prix.<\/p>\n<h4>3. Paiement<\/h4>\n<p>Nous acceptons les paiements s\u00e9curis\u00e9s par l&rsquo;entremise de Stripe. En passant une commande, vous acceptez de payer le montant total indiqu\u00e9, taxes et frais de livraison inclus. <\/p>\n<h4>4. Exp\u00e9dition et livraison<\/h4>\n<p>Les d\u00e9lais de livraison peuvent varier selon votre emplacement et le mode de livraison. Palm Bay Beauty d\u00e9cline toute responsabilit\u00e9 en cas de retard d\u00fb aux transporteurs ou \u00e0 des facteurs externes ind\u00e9pendants de notre volont\u00e9. <\/p>\n<h4>5. Retours et remboursements<\/h4>\n<p>L&rsquo;\u00e9quipe de Palm Bay Beauty veut s&rsquo;assurer que vous \u00eates toujours satisfait de vos commandes. En cas de dommage, Palm Bay Beauty remplacera ou remboursera le produit. <\/p>\n<p>Si votre produit est endommag\u00e9 (par exemple, fissur\u00e9 ou cass\u00e9), veuillez nous contacter \u00e0 sales@palmbaybeauty.com avec les informations n\u00e9cessaires et les preuves photographiques\/vid\u00e9os pour enqu\u00eate.<\/p>\n<p>Si la bo\u00eete ou l&#8217;emballage est endommag\u00e9, veuillez nous envoyer une photo avant de l&rsquo;ouvrir afin que nous puissions \u00e9valuer votre r\u00e9clamation. Soyez assur\u00e9 que nous ferons tout notre possible pour vous proposer la meilleure solution en fonction de chaque situation. <\/p>\n<p>Veuillez noter que nous emballons les articles de la mani\u00e8re la plus s\u00e9curitaire possible, mais des bosses et \u00e9raflures minimes peuvent survenir lors de l&rsquo;exp\u00e9dition par coursier. Notez \u00e9galement qu&rsquo;il est normal que les palettes pr\u00e9sentent un peu de poussi\u00e8re sur le pourtour des plateaux ; ce n&rsquo;est pas consid\u00e9r\u00e9 comme un dommage. <\/p>\n<p>Le client est responsable des frais d&rsquo;exp\u00e9dition pour retour \u00e0 Palm Bay Beaut\u00e9.<\/p>\n<h4>6. Droits et Tarifs<\/h4>\n<p>Les clients sont responsables de tout droit de douane, tarif ou taxe d\u2019importation applicable exig\u00e9 par leurs autorit\u00e9s locales. Palm Bay Beaut\u00e9 n\u2019est pas responsable de ces frais suppl\u00e9mentaires. <\/p>\n<h4>7. Propri\u00e9t\u00e9 intellectuelle<\/h4>\n<p>Tout le contenu de notre site Web \u2014 y compris les images, les logos, les descriptions de produits et la conception \u2014 est la propri\u00e9t\u00e9 de Palm Bay Beaut\u00e9 et ne peut \u00eatre copi\u00e9 ou reproduit sans notre consentement \u00e9crit.<\/p>\n<h4>8. Comptes d&rsquo;utilisateurs<\/h4>\n<p>Si vous cr\u00e9ez un compte chez nous, vous \u00eates responsable de la confidentialit\u00e9 de vos informations de connexion. Nous nous r\u00e9servons le droit de suspendre ou de r\u00e9silier les comptes qui ne respectent pas nos conditions. <\/p>\n<h4>9. Limitation de la responsabilit\u00e9<\/h4>\n<p>Palm Bay Beaut\u00e9 n&rsquo;est pas responsable des dommages directs, indirects, accessoires ou cons\u00e9cutifs d\u00e9coulant de l&rsquo;utilisation de nos produits ou de notre site Web.<\/p>\n<h4>10. Loi applicable<\/h4>\n<p>Les pr\u00e9sentes conditions sont r\u00e9gies par les lois de la province de Qu\u00e9bec, Canada.<\/p>\n<h4>11. Informations de contact<\/h4>\n<p>Si vous avez des questions sur ces conditions g\u00e9n\u00e9rales, veuillez nous contacter :<\/p>\n<p>Courriel: hello@palmbaybeauty.com<\/p>\n<p>[\/et_pb_text][\/et_pb_column][\/et_pb_row][\/et_pb_section]<\/p>\n","protected":false},"excerpt":{"rendered":"<p><div class=\"navxt-breadcrumbs\" typeof=\"BreadcrumbList\" vocab=\"https:\/\/schema.org\/\"><span property=\"itemListElement\" typeof=\"ListItem\"><a property=\"item\" typeof=\"WebPage\" title=\"Aller \u00e0 Palm Bay Beauty.\" href=\"https:\/\/palmbaybeauty.com\/fr\/\" class=\"home\" aria-current=\"page\"><span property=\"name\">Palm Bay Beauty<\/span><\/a><meta property=\"position\" content=\"1\"><\/span><\/div>Palm Bay Beaut\u00e9Conditions g\u00e9n\u00e9ralesBienvenue chez Palm Bay Beauty ! En acc\u00e9dant ou en utilisant notre site Web, vous acceptez les conditions g\u00e9n\u00e9rales suivantes. Lisez-les attentivement. 1. Utilisation de notre site Web Vous convenez d&rsquo;utiliser notre site Web uniquement \u00e0 des fins l\u00e9gales et d&rsquo;une mani\u00e8re qui ne porte pas atteinte aux droits d&rsquo;autrui ni ne [&hellip;]<\/p>\n","protected":false},"author":2,"featured_media":0,"parent":0,"menu_order":0,"comment_status":"closed","ping_status":"closed","template":"","meta":{"_et_pb_use_builder":"on","_et_pb_old_content":"","_et_gb_content_width":"","footnotes":""},"class_list":["post-73158","page","type-page","status-publish","hentry"],"_links":{"self":[{"href":"https:\/\/palmbaybeauty.com\/fr\/wp-json\/wp\/v2\/pages\/73158","targetHints":{"allow":["GET"]}}],"collection":[{"href":"https:\/\/palmbaybeauty.com\/fr\/wp-json\/wp\/v2\/pages"}],"about":[{"href":"https:\/\/palmbaybeauty.com\/fr\/wp-json\/wp\/v2\/types\/page"}],"author":[{"embeddable":true,"href":"https:\/\/palmbaybeauty.com\/fr\/wp-json\/wp\/v2\/users\/2"}],"replies":[{"embeddable":true,"href":"https:\/\/palmbaybeauty.com\/fr\/wp-json\/wp\/v2\/comments?post=73158"}],"version-history":[{"count":8,"href":"https:\/\/palmbaybeauty.com\/fr\/wp-json\/wp\/v2\/pages\/73158\/revisions"}],"predecessor-version":[{"id":74061,"href":"https:\/\/palmbaybeauty.com\/fr\/wp-json\/wp\/v2\/pages\/73158\/revisions\/74061"}],"wp:attachment":[{"href":"https:\/\/palmbaybeauty.com\/fr\/wp-json\/wp\/v2\/media?parent=73158"}],"curies":[{"name":"wp","href":"https:\/\/api.w.org\/{rel}","templated":true}]}}