{"id":73075,"date":"2025-06-11T11:24:42","date_gmt":"2025-06-11T15:24:42","guid":{"rendered":"https:\/\/palmbaybeauty.com\/questions-frequemment-posees\/"},"modified":"2026-03-04T15:47:38","modified_gmt":"2026-03-04T20:47:38","slug":"questions-frequemment-posees","status":"publish","type":"page","link":"https:\/\/palmbaybeauty.com\/fr\/questions-frequemment-posees\/","title":{"rendered":"Questions fr\u00e9quemment pos\u00e9es"},"content":{"rendered":"<p>[et_pb_section fb_built=\u00a0\u00bb1&Prime; module_class=\u00a0\u00bbdsdws-background-color-light \u00a0\u00bb _builder_version=\u00a0\u00bb4.16&Prime; _module_preset=\u00a0\u00bbdefault\u00a0\u00bb custom_padding=\u00a0\u00bb0px||0px||true|false\u00a0\u00bb global_module=\u00a0\u00bb413&Prime; saved_tabs=\u00a0\u00bball\u00a0\u00bb global_colors_info=\u00a0\u00bb{}\u00a0\u00bb][et_pb_row _builder_version=\u00a0\u00bb4.27.4&Prime; _module_preset=\u00a0\u00bbdefault\u00a0\u00bb custom_padding=\u00a0\u00bb17px||17px||true|false\u00a0\u00bb global_colors_info=\u00a0\u00bb{}\u00a0\u00bb][et_pb_column type=\u00a0\u00bb4_4&Prime; _builder_version=\u00a0\u00bb4.16&Prime; _module_preset=\u00a0\u00bbdefault\u00a0\u00bb global_colors_info=\u00a0\u00bb{}\u00a0\u00bb][et_pb_code admin_label=\u00a0\u00bbNavxt breadrumbs shortcode\u00a0\u00bb module_class=\u00a0\u00bbdsdws-link-color-dark dsdws-link-hover-color-primary\u00a0\u00bb _builder_version=\u00a0\u00bb4.16&Prime; _module_preset=\u00a0\u00bbdefault\u00a0\u00bb global_colors_info=\u00a0\u00bb{}\u00a0\u00bb]<div class=\"navxt-breadcrumbs\" typeof=\"BreadcrumbList\" vocab=\"https:\/\/schema.org\/\"><span property=\"itemListElement\" typeof=\"ListItem\"><a property=\"item\" typeof=\"WebPage\" title=\"Aller \u00e0 Palm Bay Beauty.\" href=\"https:\/\/palmbaybeauty.com\/fr\/\" class=\"home\" aria-current=\"page\"><span property=\"name\">Palm Bay Beauty<\/span><\/a><meta property=\"position\" content=\"1\"><\/span><\/div>[\/et_pb_code][\/et_pb_column][\/et_pb_row][\/et_pb_section][et_pb_section fb_built=\u00a0\u00bb1&Prime; custom_padding_last_edited=\u00a0\u00bbon|tablet\u00a0\u00bb module_class=\u00a0\u00bbdsdws-background-color-primary  dsdws-overlay-primary\u00a0\u00bb _builder_version=\u00a0\u00bb4.27.4&Prime; _module_preset=\u00a0\u00bbdefault\u00a0\u00bb background_image=\u00a0\u00bbhttps:\/\/palmbaybeauty.com\/wp-content\/uploads\/2025\/06\/coco-tree.jpg\u00a0\u00bb custom_padding=\u00a0\u00bb50px||80px||false|false\u00a0\u00bb custom_padding_tablet=\u00a0\u00bb75px||75px||true|false\u00a0\u00bb custom_padding_phone=\u00a0\u00bb50px||50px||true|false\u00a0\u00bb global_colors_info=\u00a0\u00bb{}\u00a0\u00bb][et_pb_row column_structure=\u00a0\u00bb1_2,1_2&Prime; module_class=\u00a0\u00bbdsdws-small-row\u00a0\u00bb _builder_version=\u00a0\u00bb4.16&Prime; _module_preset=\u00a0\u00bbdefault\u00a0\u00bb global_colors_info=\u00a0\u00bb{}\u00a0\u00bb][et_pb_column type=\u00a0\u00bb1_2&Prime; _builder_version=\u00a0\u00bb4.16&Prime; _module_preset=\u00a0\u00bbdefault\u00a0\u00bb global_colors_info=\u00a0\u00bb{}\u00a0\u00bb][et_pb_text module_class=\u00a0\u00bbdsdws-heading-h1 \u00a0\u00bb _builder_version=\u00a0\u00bb4.27.4&Prime; _module_preset=\u00a0\u00bbdefault\u00a0\u00bb text_font=\u00a0\u00bb||||||||\u00a0\u00bb background_layout=\u00a0\u00bbdark\u00a0\u00bb global_colors_info=\u00a0\u00bb{}\u00a0\u00bb]<\/p>\n<h1>Palm Bay Beaut\u00e9<br \/>FAQ<\/h1>\n<p>[\/et_pb_text][\/et_pb_column][et_pb_column type=\u00a0\u00bb1_2&Prime; _builder_version=\u00a0\u00bb4.16&Prime; _module_preset=\u00a0\u00bbdefault\u00a0\u00bb global_colors_info=\u00a0\u00bb{}\u00a0\u00bb][\/et_pb_column][\/et_pb_row][\/et_pb_section][et_pb_section fb_built=\u00a0\u00bb1&Prime; _builder_version=\u00a0\u00bb4.27.4&Prime; _module_preset=\u00a0\u00bbdefault\u00a0\u00bb background_color=\u00a0\u00bb#f4f4f4&Prime; custom_padding=\u00a0\u00bb100px||100px||true|\u00a0\u00bb global_colors_info=\u00a0\u00bb{}\u00a0\u00bb][et_pb_row column_structure=\u00a0\u00bb1_4,3_4&Prime; use_custom_gutter=\u00a0\u00bbon\u00a0\u00bb make_equal=\u00a0\u00bbon\u00a0\u00bb _builder_version=\u00a0\u00bb4.27.4&Prime; _module_preset=\u00a0\u00bbdefault\u00a0\u00bb width=\u00a0\u00bb90%\u00a0\u00bb width_tablet=\u00a0\u00bb90%\u00a0\u00bb width_phone=\u00a0\u00bb90%\u00a0\u00bb width_last_edited=\u00a0\u00bbon|tablet\u00a0\u00bb max_width_tablet=\u00a0\u00bb90%\u00a0\u00bb max_width_phone=\u00a0\u00bb90%\u00a0\u00bb max_width_last_edited=\u00a0\u00bboff|desktop\u00a0\u00bb custom_padding=\u00a0\u00bb0px||0px||true|\u00a0\u00bb global_colors_info=\u00a0\u00bb{}\u00a0\u00bb][et_pb_column type=\u00a0\u00bb1_4&Prime; _builder_version=\u00a0\u00bb4.19.4&Prime; _module_preset=\u00a0\u00bbdefault\u00a0\u00bb custom_padding_tablet=\u00a0\u00bb||40px||false|false\u00a0\u00bb custom_padding_phone=\u00a0\u00bb||40px||false|false\u00a0\u00bb custom_padding_last_edited=\u00a0\u00bbon|phone\u00a0\u00bb animation_direction=\u00a0\u00bbleft\u00a0\u00bb global_colors_info=\u00a0\u00bb{}\u00a0\u00bb][et_pb_text _builder_version=\u00a0\u00bb4.27.4&Prime; _module_preset=\u00a0\u00bbdefault\u00a0\u00bb header_text_color=\u00a0\u00bb#000000&Prime; header_3_font=\u00a0\u00bb|600|||||||\u00a0\u00bb header_3_text_align=\u00a0\u00bbleft\u00a0\u00bb header_3_text_color=\u00a0\u00bb#000000&Prime; header_3_font_size=\u00a0\u00bb35px\u00a0\u00bb header_3_letter_spacing=\u00a0\u00bb-1px\u00a0\u00bb header_3_line_height=\u00a0\u00bb1.2em\u00a0\u00bb max_width=\u00a0\u00bb500px\u00a0\u00bb module_alignment=\u00a0\u00bbleft\u00a0\u00bb header_3_font_size_tablet=\u00a0\u00bb\u00a0\u00bb header_3_font_size_phone=\u00a0\u00bb30px\u00a0\u00bb header_3_font_size_last_edited=\u00a0\u00bbon|phone\u00a0\u00bb global_colors_info=\u00a0\u00bb{}\u00a0\u00bb]<\/p>\n<h3>Questions<br \/>Fr\u00e9quemment<br \/>Pos\u00e9es<\/h3>\n<p>[\/et_pb_text][\/et_pb_column][et_pb_column type=\u00a0\u00bb3_4&Prime; _builder_version=\u00a0\u00bb4.19.4&Prime; _module_preset=\u00a0\u00bbdefault\u00a0\u00bb background_color=\u00a0\u00bb#ffffff\u00a0\u00bb custom_padding=\u00a0\u00bb20px|35px|20px|35px|true|true\u00a0\u00bb custom_padding_tablet=\u00a0\u00bb\u00a0\u00bb custom_padding_phone=\u00a0\u00bb|25px||25px|true|true\u00a0\u00bb custom_padding_last_edited=\u00a0\u00bbon|phone\u00a0\u00bb animation_direction=\u00a0\u00bbright\u00a0\u00bb border_radii=\u00a0\u00bbon|10px|10px|10px|10px\u00a0\u00bb border_width_top=\u00a0\u00bb5px\u00a0\u00bb border_color_top=\u00a0\u00bb#c3c3c3&Prime; global_colors_info=\u00a0\u00bb{}\u00a0\u00bb][et_pb_accordion open_toggle_text_color=\u00a0\u00bb#000000&Prime; open_toggle_background_color=\u00a0\u00bbrgba(0,0,0,0)\u00a0\u00bb closed_toggle_background_color=\u00a0\u00bbrgba(0,0,0,0)\u00a0\u00bb toggle_icon=\u00a0\u00bb&#xf067;||fa||900&Prime; icon_color=\u00a0\u00bb#161c2d\u00a0\u00bb use_icon_font_size=\u00a0\u00bbon\u00a0\u00bb icon_font_size=\u00a0\u00bb20px\u00a0\u00bb _builder_version=\u00a0\u00bb4.27.5&Prime; _module_preset=\u00a0\u00bbdefault\u00a0\u00bb toggle_text_color=\u00a0\u00bb#000000&Prime; toggle_font=\u00a0\u00bb|600|||||||\u00a0\u00bb toggle_text_align=\u00a0\u00bbleft\u00a0\u00bb toggle_font_size=\u00a0\u00bb19px\u00a0\u00bb toggle_line_height=\u00a0\u00bb2.8em\u00a0\u00bb body_font=\u00a0\u00bb|300|||||||\u00a0\u00bb body_text_align=\u00a0\u00bbleft\u00a0\u00bb body_text_color=\u00a0\u00bb#000000&Prime; body_line_height=\u00a0\u00bb1.6em\u00a0\u00bb custom_margin=\u00a0\u00bb||||false|false\u00a0\u00bb custom_padding=\u00a0\u00bb0px|0px|0px|0px|true|true\u00a0\u00bb hover_enabled=\u00a0\u00bb0&Prime; toggle_line_height_tablet=\u00a0\u00bb1.5em\u00a0\u00bb toggle_line_height_phone=\u00a0\u00bb1.6em\u00a0\u00bb toggle_line_height_last_edited=\u00a0\u00bbon|phone\u00a0\u00bb border_width_all=\u00a0\u00bb0px\u00a0\u00bb global_colors_info=\u00a0\u00bb{}\u00a0\u00bb sticky_enabled=\u00a0\u00bb0&Prime;][et_pb_accordion_item title=\u00a0\u00bbQuelle est la pr\u00e9cision des images et des \u00e9chantillons de produits sur le site de Palm Bay Beaut\u00e9 ?\u00a0\u00bb open=\u00a0\u00bbon\u00a0\u00bb _builder_version=\u00a0\u00bb4.27.4&Prime; _module_preset=\u00a0\u00bbdefault\u00a0\u00bb custom_padding=\u00a0\u00bb0px|0px|4px|0px|false|true\u00a0\u00bb global_colors_info=\u00a0\u00bb{}\u00a0\u00bb]Bien que nous essayions de pr\u00e9senter nos magnifiques produits aussi pr\u00e9cis\u00e9ment que possible, ces images de produits peuvent parfois sembler diff\u00e9rentes sur votre \u00e9cran.<\/p>\n<p>En raison des diff\u00e9rences entre les \u00e9crans de couleur et les param\u00e8tres d&rsquo;\u00e9cran, les couleurs des images de produits qui apparaissent sur votre \u00e9cran pourraient ne pas \u00eatre exactement les m\u00eames que dans la r\u00e9alit\u00e9.<\/p>\n<p>Ces couleurs sont fournies \u00e0 titre indicatif uniquement.[\/et_pb_accordion_item][et_pb_accordion_item title=\u00a0\u00bbQuelle devise Palm Bay Beaut\u00e9 utilise-t-il ?\u00a0\u00bb _builder_version=\u00a0\u00bb4.27.4&Prime; _module_preset=\u00a0\u00bbdefault\u00a0\u00bb custom_padding=\u00a0\u00bb0px|0px|4px|0px|false|true\u00a0\u00bb global_colors_info=\u00a0\u00bb{}\u00a0\u00bb open=\u00a0\u00bboff\u00a0\u00bb]<\/p>\n<p>Tous les prix des produits et l&rsquo;exp\u00e9dition sont en dollars canadiens par d\u00e9faut.<\/p>\n<p>[\/et_pb_accordion_item][et_pb_accordion_item title=\u00a0\u00bbLes produits Palm Bay Beaut\u00e9 sont-ils sans cruaut\u00e9 ?\u00a0\u00bb _builder_version=\u00a0\u00bb4.27.4&Prime; _module_preset=\u00a0\u00bbdefault\u00a0\u00bb custom_padding=\u00a0\u00bb0px|0px|4px|0px|false|true\u00a0\u00bb global_colors_info=\u00a0\u00bb{}\u00a0\u00bb open=\u00a0\u00bboff\u00a0\u00bb]Tous les produits Palm Bay Beaut\u00e9 ne sont pas test\u00e9s sur les animaux et la majorit\u00e9 d&rsquo;entre eux sont :<br \/>\nSans gluten<br \/>\nSans sulfate<br \/>\nSans parab\u00e8ne<br \/>\nV\u00e9g\u00e9talien[\/et_pb_accordion_item][et_pb_accordion_item title=\u00a0\u00bbComment fonctionnent les douanes et les droits de douane avec Palm Bay Beauty ?\u00a0\u00bb _builder_version=\u00a0\u00bb4.27.4&Prime; _module_preset=\u00a0\u00bbdefault\u00a0\u00bb custom_padding=\u00a0\u00bb0px|0px|4px|0px|false|true\u00a0\u00bb global_colors_info=\u00a0\u00bb{}\u00a0\u00bb open=\u00a0\u00bboff\u00a0\u00bb]Les prix sur notre site Web n&rsquo;incluent pas les taxes, les frais de douane, les frais de courtage ou les droits de douane. <\/p>\n<p>Tous nos produits sont fabriqu\u00e9s et exp\u00e9di\u00e9s du Canada. Les droits et taxes sont calcul\u00e9s en fonction de la destination finale du colis. En r\u00e8gle g\u00e9n\u00e9rale, aucune taxe n&rsquo;est appliqu\u00e9e aux colis destin\u00e9s au Canada ou aux \u00c9tats-Unis. Toutefois, la TPS peut s&rsquo;appliquer aux colis destin\u00e9s \u00e0 l&rsquo;UE.  <\/p>\n<p>Si des droits de douane peuvent s&rsquo;appliquer, vous \u00eates responsable de leur paiement.[\/et_pb_accordion_item][et_pb_accordion_item title=\u00a0\u00bbQuel est le d\u00e9lai de livraison des produits ?\u00a0\u00bb _builder_version=\u00a0\u00bb4.27.5&Prime; _module_preset=\u00a0\u00bbdefault\u00a0\u00bb custom_padding=\u00a0\u00bb0px|0px|4px|0px|false|true\u00a0\u00bb hover_enabled=\u00a0\u00bb0&Prime; global_colors_info=\u00a0\u00bb{}\u00a0\u00bb open=\u00a0\u00bboff\u00a0\u00bb sticky_enabled=\u00a0\u00bb0&Prime;]<\/p>\n<p>Nous avons travaill\u00e9 fort pour vous trouver l&rsquo;exp\u00e9dition la plus rapide de l&rsquo;industrie (tout en gardant les co\u00fbts bas !)<\/p>\n<p>Canada &amp; USA: <strong>3 &#8211; 5 jours ouvrables<\/strong><br \/>Global: <strong>10 &#8211; 20 jours ouvrables<\/strong><\/p>\n<p>Les renseignements de suivi sont fournis une fois les articles exp\u00e9di\u00e9s.<\/p>\n<p>[\/et_pb_accordion_item][et_pb_accordion_item title=\u00a0\u00bbQuand vais-je voir mes points de r\u00e9compense sur mon compte ?\u00a0\u00bb _builder_version=\u00a0\u00bb4.27.4&Prime; _module_preset=\u00a0\u00bbdefault\u00a0\u00bb custom_padding=\u00a0\u00bb0px|0px|4px|0px|false|true\u00a0\u00bb global_colors_info=\u00a0\u00bb{}\u00a0\u00bb open=\u00a0\u00bboff\u00a0\u00bb]<\/p>\n<p>Les points de r\u00e9compense appara\u00eetront sur votre compte une fois votre commande termin\u00e9e et exp\u00e9di\u00e9e.<\/p>\n<p>[\/et_pb_accordion_item][et_pb_accordion_item title=\u00a0\u00bbQuelle est votre politique de retour ?\u00a0\u00bb _builder_version=\u00a0\u00bb4.27.5&Prime; _module_preset=\u00a0\u00bbdefault\u00a0\u00bb custom_padding=\u00a0\u00bb0px|0px|4px|0px|false|true\u00a0\u00bb global_colors_info=\u00a0\u00bb{}\u00a0\u00bb open=\u00a0\u00bboff\u00a0\u00bb]<\/p>\n<p>Vous pouvez en savoir plus sur les retours dans nos <a href=\"https:\/\/palmbaybeauty.com\/fr\/conditions-generales\/\">conditions g\u00e9n\u00e9rales<\/a><\/p>\n<p>[\/et_pb_accordion_item][\/et_pb_accordion][\/et_pb_column][\/et_pb_row][\/et_pb_section]<\/p>\n","protected":false},"excerpt":{"rendered":"<p><div class=\"navxt-breadcrumbs\" typeof=\"BreadcrumbList\" vocab=\"https:\/\/schema.org\/\"><span property=\"itemListElement\" typeof=\"ListItem\"><a property=\"item\" typeof=\"WebPage\" title=\"Aller \u00e0 Palm Bay Beauty.\" href=\"https:\/\/palmbaybeauty.com\/fr\/\" class=\"home\" aria-current=\"page\"><span property=\"name\">Palm Bay Beauty<\/span><\/a><meta property=\"position\" content=\"1\"><\/span><\/div>Palm Bay Beaut\u00e9FAQQuestionsFr\u00e9quemmentPos\u00e9esBien que nous essayions de pr\u00e9senter nos magnifiques produits aussi pr\u00e9cis\u00e9ment que possible, ces images de produits peuvent parfois sembler diff\u00e9rentes sur votre \u00e9cran. En raison des diff\u00e9rences entre les \u00e9crans de couleur et les param\u00e8tres d&rsquo;\u00e9cran, les couleurs des images de produits qui apparaissent sur votre \u00e9cran pourraient ne pas \u00eatre exactement [&hellip;]<\/p>\n","protected":false},"author":2,"featured_media":0,"parent":0,"menu_order":0,"comment_status":"closed","ping_status":"closed","template":"","meta":{"_et_pb_use_builder":"on","_et_pb_old_content":"","_et_gb_content_width":"","footnotes":""},"class_list":["post-73075","page","type-page","status-publish","hentry"],"_links":{"self":[{"href":"https:\/\/palmbaybeauty.com\/fr\/wp-json\/wp\/v2\/pages\/73075","targetHints":{"allow":["GET"]}}],"collection":[{"href":"https:\/\/palmbaybeauty.com\/fr\/wp-json\/wp\/v2\/pages"}],"about":[{"href":"https:\/\/palmbaybeauty.com\/fr\/wp-json\/wp\/v2\/types\/page"}],"author":[{"embeddable":true,"href":"https:\/\/palmbaybeauty.com\/fr\/wp-json\/wp\/v2\/users\/2"}],"replies":[{"embeddable":true,"href":"https:\/\/palmbaybeauty.com\/fr\/wp-json\/wp\/v2\/comments?post=73075"}],"version-history":[{"count":21,"href":"https:\/\/palmbaybeauty.com\/fr\/wp-json\/wp\/v2\/pages\/73075\/revisions"}],"predecessor-version":[{"id":75620,"href":"https:\/\/palmbaybeauty.com\/fr\/wp-json\/wp\/v2\/pages\/73075\/revisions\/75620"}],"wp:attachment":[{"href":"https:\/\/palmbaybeauty.com\/fr\/wp-json\/wp\/v2\/media?parent=73075"}],"curies":[{"name":"wp","href":"https:\/\/api.w.org\/{rel}","templated":true}]}}